{"id":1436,"date":"2021-10-03T13:12:02","date_gmt":"2021-10-03T10:12:02","guid":{"rendered":"https:\/\/www.elevenaustralia.ee\/par-zimolu\/"},"modified":"2023-05-26T14:51:43","modified_gmt":"2023-05-26T11:51:43","slug":"par-zimolu","status":"publish","type":"page","link":"https:\/\/www.elevenaustralia.ee\/lv\/par-zimolu\/","title":{"rendered":"PAR Z\u012aMOLU"},"content":{"rendered":"\t\t<div data-elementor-type=\"wp-page\" data-elementor-id=\"1436\" class=\"elementor elementor-1436 elementor-2\" data-elementor-post-type=\"page\">\n\t\t\t\t\t\t<section class=\"elementor-section elementor-top-section elementor-element elementor-element-137a1d1d elementor-section-boxed elementor-section-height-default elementor-section-height-default\" data-id=\"137a1d1d\" data-element_type=\"section\" data-e-type=\"section\">\n\t\t\t\t\t\t<div class=\"elementor-container elementor-column-gap-default\">\n\t\t\t\t\t<div class=\"elementor-column elementor-col-100 elementor-top-column elementor-element elementor-element-5fa8f7dd\" data-id=\"5fa8f7dd\" data-element_type=\"column\" data-e-type=\"column\">\n\t\t\t<div class=\"elementor-widget-wrap elementor-element-populated\">\n\t\t\t\t\t\t<div class=\"elementor-element elementor-element-37f0a6f1 elementor-widget elementor-widget-text-editor\" data-id=\"37f0a6f1\" data-element_type=\"widget\" data-e-type=\"widget\" data-widget_type=\"text-editor.default\">\n\t\t\t\t<div class=\"elementor-widget-container\">\n\t\t\t\t\t\t\t\t\t<h1>M\u016aSU ST\u0100STS<\/h1><p><em>&#8220;Matu kop\u0161anai j\u0101b\u016bt efekt\u012bvai, nevis sare\u017e\u0123\u012btai&#8221;<\/em><br \/>&#8212; Rado\u0161ie direktor JOEY SCANDIZZIO<\/p><p>D\u017eoui Skandizzo, rado\u0161ais direktors, matu stilists, 11 skaistumkop\u0161anas salonu \u012bpa\u0161nieks.<\/p><p>Veidojot matus fotosesij\u0101m un str\u0101d\u0101jot modes ska\u0161u aizkulis\u0113s, vi\u0146am bija nepiecie\u0161ami matu kop\u0161anas produkti, ko ikvienam b\u016btu viegli izmantot darb\u0101. Apvienojot efekt\u012bvas sast\u0101vda\u013cas un vieglu produkta izmanto\u0161anu, rad\u0101s z\u012bmols ELEVEN AUSTRALIA.<\/p><p>Sada\u013ca \u012apa\u0161\u012bbas un Priek\u0161roc\u012bbas ir j\u016bsu ce\u013cvedis m\u016bsu pied\u0101v\u0101jum\u0101, kas \u013caus iepaz\u012bties ar m\u016bsu produkciju. Da\u017eas no galvenaj\u0101m produktu sast\u0101vda\u013c\u0101m ir avokado e\u013c\u013ca, z\u012bda aminosk\u0101bes un organisk\u0101 argana e\u013c\u013ca, pla\u0161\u0101ku sast\u0101vda\u013cu uzskait\u012bjumu un to pozit\u012bv\u0101s iedarb\u012bbas aprakstu atrad\u012bsiet m\u016bsu produktu katalog\u0101. Pie katra produkta ar\u012b atrad\u012bsiet stilista padomus, k\u0101 efekt\u012bv\u0101k izmantot doto produktu.<\/p><div class=\"wp-block-image\"><figure class=\"aligncenter size-large is-resized\"><img fetchpriority=\"high\" decoding=\"async\" class=\"wp-image-573\" src=\"https:\/\/www.elevenaustralia.ee\/wp-content\/uploads\/2020\/12\/CO-CREATIVE-DIRECTORS-1024x1024-1.jpg\" alt=\"Joey Scandizzo ja Andrew O'Toole\" width=\"512\" height=\"512\" srcset=\"https:\/\/www.elevenaustralia.ee\/wp-content\/uploads\/2020\/12\/CO-CREATIVE-DIRECTORS-1024x1024-1.jpg 1024w, https:\/\/www.elevenaustralia.ee\/wp-content\/uploads\/2020\/12\/CO-CREATIVE-DIRECTORS-1024x1024-1-300x300.jpg 300w, https:\/\/www.elevenaustralia.ee\/wp-content\/uploads\/2020\/12\/CO-CREATIVE-DIRECTORS-1024x1024-1-150x150.jpg 150w, https:\/\/www.elevenaustralia.ee\/wp-content\/uploads\/2020\/12\/CO-CREATIVE-DIRECTORS-1024x1024-1-768x768.jpg 768w, https:\/\/www.elevenaustralia.ee\/wp-content\/uploads\/2020\/12\/CO-CREATIVE-DIRECTORS-1024x1024-1-200x200.jpg 200w, https:\/\/www.elevenaustralia.ee\/wp-content\/uploads\/2020\/12\/CO-CREATIVE-DIRECTORS-1024x1024-1-600x600.jpg 600w, https:\/\/www.elevenaustralia.ee\/wp-content\/uploads\/2020\/12\/CO-CREATIVE-DIRECTORS-1024x1024-1-100x100.jpg 100w\" sizes=\"(max-width: 512px) 100vw, 512px\" \/><figcaption>Rado\u0161ie direktori D\u017eoui Skandizzo un Endrju O\u2019Tul<\/figcaption><\/figure><\/div>\t\t\t\t\t\t\t\t<\/div>\n\t\t\t\t<\/div>\n\t\t\t\t\t<\/div>\n\t\t<\/div>\n\t\t\t\t\t<\/div>\n\t\t<\/section>\n\t\t\t\t<\/div>\n\t\t","protected":false},"excerpt":{"rendered":"<p>M\u016aSU ST\u0100STS &#8220;Matu kop\u0161anai j\u0101b\u016bt efekt\u012bvai, nevis sare\u017e\u0123\u012btai&#8221;&#8212; Rado\u0161ie direktor JOEY SCANDIZZIO D\u017eoui Skandizzo, rado\u0161ais direktors, matu stilists, 11 skaistumkop\u0161anas salonu \u012bpa\u0161nieks. Veidojot matus fotosesij\u0101m un str\u0101d\u0101jot modes ska\u0161u aizkulis\u0113s, vi\u0146am bija nepiecie\u0161ami matu kop\u0161anas produkti, ko ikvienam b\u016btu viegli izmantot darb\u0101. Apvienojot efekt\u012bvas sast\u0101vda\u013cas un vieglu produkta izmanto\u0161anu, rad\u0101s z\u012bmols ELEVEN AUSTRALIA. Sada\u013ca \u012apa\u0161\u012bbas [&hellip;]<\/p>\n","protected":false},"author":1,"featured_media":0,"parent":0,"menu_order":0,"comment_status":"closed","ping_status":"open","template":"","meta":{"ocean_post_layout":"","ocean_both_sidebars_style":"","ocean_both_sidebars_content_width":0,"ocean_both_sidebars_sidebars_width":0,"ocean_sidebar":"0","ocean_second_sidebar":"0","ocean_disable_margins":"enable","ocean_add_body_class":"","ocean_shortcode_before_top_bar":"","ocean_shortcode_after_top_bar":"","ocean_shortcode_before_header":"","ocean_shortcode_after_header":"","ocean_has_shortcode":"","ocean_shortcode_after_title":"","ocean_shortcode_before_footer_widgets":"","ocean_shortcode_after_footer_widgets":"","ocean_shortcode_before_footer_bottom":"","ocean_shortcode_after_footer_bottom":"","ocean_display_top_bar":"default","ocean_display_header":"default","ocean_header_style":"","ocean_center_header_left_menu":"0","ocean_custom_header_template":"0","ocean_custom_logo":0,"ocean_custom_retina_logo":0,"ocean_custom_logo_max_width":0,"ocean_custom_logo_tablet_max_width":0,"ocean_custom_logo_mobile_max_width":0,"ocean_custom_logo_max_height":0,"ocean_custom_logo_tablet_max_height":0,"ocean_custom_logo_mobile_max_height":0,"ocean_header_custom_menu":"0","ocean_menu_typo_font_family":"0","ocean_menu_typo_font_subset":"","ocean_menu_typo_font_size":0,"ocean_menu_typo_font_size_tablet":0,"ocean_menu_typo_font_size_mobile":0,"ocean_menu_typo_font_size_unit":"px","ocean_menu_typo_font_weight":"","ocean_menu_typo_font_weight_tablet":"","ocean_menu_typo_font_weight_mobile":"","ocean_menu_typo_transform":"","ocean_menu_typo_transform_tablet":"","ocean_menu_typo_transform_mobile":"","ocean_menu_typo_line_height":0,"ocean_menu_typo_line_height_tablet":0,"ocean_menu_typo_line_height_mobile":0,"ocean_menu_typo_line_height_unit":"","ocean_menu_typo_spacing":0,"ocean_menu_typo_spacing_tablet":0,"ocean_menu_typo_spacing_mobile":0,"ocean_menu_typo_spacing_unit":"","ocean_menu_link_color":"","ocean_menu_link_color_hover":"","ocean_menu_link_color_active":"","ocean_menu_link_background":"","ocean_menu_link_hover_background":"","ocean_menu_link_active_background":"","ocean_menu_social_links_bg":"","ocean_menu_social_hover_links_bg":"","ocean_menu_social_links_color":"","ocean_menu_social_hover_links_color":"","ocean_disable_title":"default","ocean_disable_heading":"default","ocean_post_title":"","ocean_post_subheading":"","ocean_post_title_style":"","ocean_post_title_background_color":"","ocean_post_title_background":0,"ocean_post_title_bg_image_position":"","ocean_post_title_bg_image_attachment":"","ocean_post_title_bg_image_repeat":"","ocean_post_title_bg_image_size":"","ocean_post_title_height":0,"ocean_post_title_bg_overlay":0.5,"ocean_post_title_bg_overlay_color":"","ocean_disable_breadcrumbs":"default","ocean_breadcrumbs_color":"","ocean_breadcrumbs_separator_color":"","ocean_breadcrumbs_links_color":"","ocean_breadcrumbs_links_hover_color":"","ocean_display_footer_widgets":"default","ocean_display_footer_bottom":"default","ocean_custom_footer_template":"0","footnotes":""},"class_list":["post-1436","page","type-page","status-publish","hentry","entry","owp-thumbs-layout-horizontal","owp-btn-normal","owp-tabs-layout-section","has-no-thumbnails"],"_links":{"self":[{"href":"https:\/\/www.elevenaustralia.ee\/lv\/wp-json\/wp\/v2\/pages\/1436","targetHints":{"allow":["GET"]}}],"collection":[{"href":"https:\/\/www.elevenaustralia.ee\/lv\/wp-json\/wp\/v2\/pages"}],"about":[{"href":"https:\/\/www.elevenaustralia.ee\/lv\/wp-json\/wp\/v2\/types\/page"}],"author":[{"embeddable":true,"href":"https:\/\/www.elevenaustralia.ee\/lv\/wp-json\/wp\/v2\/users\/1"}],"replies":[{"embeddable":true,"href":"https:\/\/www.elevenaustralia.ee\/lv\/wp-json\/wp\/v2\/comments?post=1436"}],"version-history":[{"count":5,"href":"https:\/\/www.elevenaustralia.ee\/lv\/wp-json\/wp\/v2\/pages\/1436\/revisions"}],"predecessor-version":[{"id":2653,"href":"https:\/\/www.elevenaustralia.ee\/lv\/wp-json\/wp\/v2\/pages\/1436\/revisions\/2653"}],"wp:attachment":[{"href":"https:\/\/www.elevenaustralia.ee\/lv\/wp-json\/wp\/v2\/media?parent=1436"}],"curies":[{"name":"wp","href":"https:\/\/api.w.org\/{rel}","templated":true}]}}