{"id":1450,"date":"2021-10-03T14:22:16","date_gmt":"2021-10-03T11:22:16","guid":{"rendered":"https:\/\/www.elevenaustralia.ee\/elevenaustralia-ee-andmekaitsetingimused\/"},"modified":"2021-10-03T14:22:16","modified_gmt":"2021-10-03T11:22:16","slug":"elevenaustralia-ee-andmekaitsetingimused","status":"publish","type":"page","link":"https:\/\/www.elevenaustralia.ee\/lv\/elevenaustralia-ee-andmekaitsetingimused\/","title":{"rendered":"Elevenaustralia.ee andmekaitsetingimused"},"content":{"rendered":"\n<p>1.\u00a0<strong>Mida t\u00e4hendavad k\u00e4esolevad andmekaitsetingimused?<\/strong><\/p>\n\n<p>K\u00e4esolevad andmekaitsetingimused (edaspidi \u2013\u00a0<strong>Andmekaitsetingimused<\/strong>) m\u00e4\u00e4ratlevad tingimusi, millest on kohustatud kinni pidama k\u00f5ik veebilehe www.elevenaustralia.ee\u00a0(edaspidi \u2013\u00a0<strong>Veebileht<\/strong>) k\u00fclastajad (edaspidi \u2013\u00a0<strong>K\u00fclastajad<\/strong>).<\/p>\n\n<p>Loetakse, et K\u00fclastaja on tutvunud ja v\u00e4ljendanud enda n\u00f5usolekut Andmekaitsetingimustest kinni pidada siis, kui ta on k\u00fclastanud Veebilehte, liitunud sellega ja (v\u00f5i) soetab endale Veebilehel m\u00fc\u00fcdava toote. K\u00fclastaja, kes ei ole n\u00f5us m\u00f5ne Andmekaitsetingimuste s\u00e4ttega, kaotab \u00f5iguse k\u00fclastada Veebilehte, liituda sellega ja kasutada k\u00f5iki ja (v\u00f5i) m\u00f5nda Veebilehel osutatavatest teenustest.<\/p>\n\n<p>2.\u00a0<strong>Millist informatsiooni me kogume?<\/strong><\/p>\n\n<p>Pakkudes Teile Veebilehel teenuseid, v\u00f5ib Teenuse osutaja koguda, talletada ja kasutada j\u00e4rgnevalt kirjeldatud isikuandmeid:<\/p>\n\n<p>informatsioon, mida palub esitada 11Reasons O\u00dc, registrikood: 16099242, aadress: S\u00f5le 7, Tallinn, Harjumaa, 10614 (edaspidi \u2013\u00a0<strong>Teenuse osutaja<\/strong>), registreerudes ja (v\u00f5i) ostes Veebilehelt, kaasa arvatud nimi, e-posti aadress, mobiiltelefoni number jm tellimuse esitamiseks ja kauba k\u00e4ttetoimetamiseks vajalikud andmed;<\/p>\n\n<ul class=\"wp-block-list\"><li>informatsioon Teie arvuti, Teie k\u00fclastuste ning ostude kohta Veebilehel, kaasaarvatud Teie IP-aadress, Veebilehega liitumise aeg ja kuup\u00e4ev;<\/li><li>igasugune muu informatsioon, mida Te v\u00f5ite meile esitada igal ajal, kasutades meie Veebilehte, osutatavaid teenuseid v\u00f5i suheldes meiega<strong>.<\/strong><\/li><\/ul>\n\n<p>3.\u00a0<strong>\u201eK\u00fcpsised\u201c<\/strong><\/p>\n\n<p>K\u00fcpsised sisaldavad infot, mille veebiserver saadab veebilehitsejale ning mille veebilehitseja salvestab. K\u00e4esoleva Veebilehe kasutuse anal\u00fc\u00fcsiks kasutame me \u201cGoogle Analyticsit\u201d (loe l\u00e4hemalt:\u00a0<a href=\"https:\/\/policies.google.com\/privacy\" target=\"_blank\" rel=\"noreferrer noopener\">https:\/\/policies.google.com\/privacy<\/a>) ja teisi samalaadseid vahendeid. Need vahendid genereerivad statistilist ja muud informatsiooni Veebilehe kasutamise kohta k\u00fcpsiste abil, mis on salvestatavad k\u00fclastajate arvutitesse. Veebilehe k\u00fclastuste kohta kogutud informatsioon on kasutatav aruannete loomiseks Veebikasutuse kohta. Seda informatsiooni s\u00e4ilitab Google v\u00f5i muu teenuseosutaja. K\u00fcpsiseid kasutame ka Teie, kui varasema Veebilehe k\u00fclastaja \u00e4ratundmiseks.<\/p>\n\n<p>Rohkem informatsiooni Veebilehel kasutatavate k\u00fcpsiste kohta leiate\u00a0<a href=\"http:\/\/www.aki.ee\/et\/kupsised\" target=\"_blank\" rel=\"noopener\">www.aki.ee\/et\/kupsised<\/a><\/p>\n\n<p>Enamik veebilehitsejaist v\u00f5imaldavad tagasi l\u00fckata k\u00f5iki k\u00fcpsiseid, m\u00f5ningad veebilehitsejad v\u00f5imaldavad tagasi l\u00fckata vaid kolmandate isikute k\u00fcpsiseid. S\u00f5ltuvalt Teie veebilehitsejast saate seega l\u00fckata tagasi osa v\u00f5i k\u00f5ik k\u00fcpsised, kuid juhime t\u00e4helepanu, et k\u00f5igi k\u00fcpsiste blokeerimine m\u00f5jutab negatiivselt k\u00e4esoleva Veebilehe kasutamist ja ilma k\u00fcpsisteta ei saa Te kasutada k\u00f5iki Veebilehe v\u00f5imalusi.<\/p>\n\n<p>Kui Te ei n\u00f5ustu k\u00fcpsiste kasutamisega ja (v\u00f5i) soovite enda n\u00f5usolekut t\u00fchistada, palume, et informeeriksite meid sellest e-posti teel\u00a0<a href=\"mailto:support@balmainhair.ee\" class=\"rank-math-link\">info@elevenaustralia.ee<\/a><\/p>\n\n<p>4.\u00a0<strong>Teie isikuandmete kasutamine<\/strong><\/p>\n\n<p>Meie poolt kogutavad isikuandmed on kasutatavad eranditult k\u00e4esolevas Andmekaitsetingimustes \u00e4ran\u00e4idatud eesm\u00e4rkidel.<\/p>\n\n<p>Teie isikuandmeid v\u00f5ime me kasutada:<\/p>\n\n<ul class=\"wp-block-list\"><li>selleks, et v\u00f5imaldada Teil kasutada meie Veebilehte ja osutatavaid teenuseid;<\/li><li>Teiega lepingu s\u00f5lmimiseks ja selle t\u00e4itmiseks;<\/li><li>k\u00e4esoleval veebilehel soetatud kauba tarnimise ja kohaletoimetamise eesm\u00e4rkidel;<\/li><li>arvete v\u00e4ljastamise ja Teile saatmise eesm\u00e4rkidel;<\/li><li>Teie poolt teostatavate maksete kogumiseks;<\/li><li>Teile teadete saatmiseks, kirjavahetuseks Teiega;<\/li><li>Teile eelnevate ostukorvide info kuvamiseks<\/li><li>meie uudiste ja muude meie poolt osutatavate teenustega seotud informatsiooni, mis meie arvates on Teile vajalik, saatmiseks e-posti v\u00f5i muul teel (Te v\u00f5ite igal ajal loobuda selliste uudiste ja informatsiooni saamisest, teavitades meid e-posti teel v\u00f5i klikkides interaktiivsele viitele saadud teate all, kui soovite tulevikus mitte saada turundusteateid).<\/li><\/ul>\n\n<p>Teie isikuandmeid ei s\u00e4ilitata kauem, kui seda n\u00f5uavad kogutud andmete eesm\u00e4rgid. Kui isikuandmed muutuvad ebavajalikeks v\u00f5i l\u00f5peb m\u00e4\u00e4ratud t\u00e4htaeg, kuuluvad need h\u00e4vitatamisele.<br\/>Teie isikuandmete vastutav t\u00f6\u00f6tleja on 11Reasons O\u00dc. 11Reasons O\u00dc edastab maksete teostamiseks vajalikud isikuandmed volitatud t\u00f6\u00f6tleja Maksekeskus AS-le.<\/p>\n\n<p><strong>Otseturundus<\/strong><\/p>\n\n<p>Ettev\u00f5te v\u00f5ib Teile saata elektrooniliste sidevahendite teel (e-post v\u00f5i muul viisil) toodetega seotud informatsiooni, mis sarnanevad nende toodetega, mida olete Veebilehelt ostnud ja edastada Teie andmeid neile\u00a0<em>andmesaajatele<\/em>, kes kasutavad Teie poolt Veebilehe haldajale edastatud isikuandmeid otsestel Veebilehega seonduvatel turunduslikel eesm\u00e4rkidel. Nende andmesaajate nimekiri v\u00f5ib muutuda, kuid eesm\u00e4rgid j\u00e4\u00e4vad samaks; kui soovite saada andmesaajate nimekirja, informeerige meid sellest e-posti teel\u00a0<a href=\"mailto:support@balmainhair.ee\" class=\"rank-math-link\">info@elevenaustralia.ee<\/a><\/p>\n\n<p>Kui Te ei soovi otseturunduspakkumisi saada, v\u00f5ite meid keeldumisest informeerida e-posti teel\u00a0<a href=\"mailto:support@balmainhair.ee\" class=\"rank-math-link\">info@elevenaustralia.ee<\/a>\u00a0v\u00f5i klikkida vastavale viitele igas Teile saadetavas otsepostitusteates.<\/p>\n\n<p>5.\u00a0<strong>Andmete avaldamine<\/strong><\/p>\n\n<p>Teenuse osutaja v\u00f5ib avaldada Teie kohta k\u00e4ivat informatsiooni oma t\u00f6\u00f6tajatele, juhtidele, vahendajatele, tarnijatele ja allt\u00f6\u00f6v\u00f5tjatele, kui see on p\u00f5hjendatult vajalik Teie poolt Veebilehelt ostetud kaupade k\u00e4ttetoimetamiseks, Teile varasema ostuajaloo kuvamiseks v\u00f5i muudel eesm\u00e4rkidel, mis on toodud k\u00e4esolevates Andmekaitsetingimustes.<\/p>\n\n<p>Peale selle v\u00f5ime avaldada Teie kohta olevat informatsiooni:<\/p>\n\n<ul class=\"wp-block-list\"><li>kui oleme kohustatud seda tegema seadusest tulenevalt;<\/li><li>enda \u00f5iguste v\u00f5i huvide kaitsmisel.<\/li><\/ul>\n\n<p>Isikuandmeid ei esitata kolmandatele isikutele Andmekaitsetingimustest s\u00e4testamata eesm\u00e4rkidel.<\/p>\n\n<p>6.\u00a0<strong>Teie isikuandmete turvalisus<\/strong><\/p>\n\n<p>Teie isikuandmeid t\u00f6\u00f6deldakse Eesti Vabariigi isikuandmete kaitse seadusest ja teistest \u00f5igusaktidega etten\u00e4htud n\u00f5uetest kinni pidades. T\u00f6\u00f6deldes Teie isikuandmeid, rakendame me tehnilisi turvameetmeid, mis kindlustavad isikuandmete kaitse juhusliku v\u00f5i ebaseadusliku h\u00e4vitamise, muutmise, avaldamise, samuti igasuguse muu ebaseadusliku t\u00f6\u00f6tlemise eest.<\/p>\n\n<p>On teada, et isikuandmete edastamine interneti teel on ebaturvaline ja me ei saa garanteerida ohutut andmete edastamist internetiv\u00f5rkude teel.<\/p>\n\n<p>7.\u00a0<strong>Teie n\u00f5usolek ja \u00f5igused<\/strong><\/p>\n\n<p>Registreerudes Veebilehe kasutajaks v\u00f5i kasutades muul viisil Veebilehel osutatavaid teenuseid, sh ostes kaupa, kinnitate Te, et olete tutvunud k\u00e4esolevaid Andmekaitsetingimusi ja n\u00f5ustute sellega ning \u00fchtlasi annate meile \u00f5iguse koguda, talletada, s\u00fcstematiseerida, kasutada ja t\u00f6\u00f6delda k\u00e4esolevas Andmekaitsetingimustes etten\u00e4htud eesm\u00e4rkidel k\u00f5iki siin \u00e4ran\u00e4idatud ja Teie poolt Veebilehe kasutamisel meile edastatavaid isikuandmeid.<\/p>\n\n<p>V\u00f5ite esitada kirjaliku taotluse (posti v\u00f5i e-posti teel), kui soovite informatsiooni, millistest allikatest ja millised Teie isikuandmed on Teenuse osutaja poolt kogutud, millistel eesm\u00e4rkidel neid t\u00f6\u00f6deldakse, millistele andmesaajatele edastatakse. Sellistele taotlustele vastame me \u00f5igusaktides etten\u00e4htud korras ja t\u00e4htaegadeks ja p\u00fc\u00fcame esitada Teile informatsiooni v\u00f5imalikult kiiresti, kuid \u00fcldjuhul 30 p\u00e4eva jooksul Teie taotluse saamist.<\/p>\n\n<p>Teie taotlusel esitatakse sellised andmed kirjalikult \u00e4ran\u00e4idatud aadressile v\u00f5i e-posti aadressile. Informatsioon selle kohta, millistest allikatest ja millised Teie isikuandmed on kogutud, mis eesm\u00e4rgil neid t\u00f6\u00f6deldakse ja millistele andmesaajatele on need esitatud viimase aasta jooksul, esitatakse \u00fcks kord kalendriaasta jooksul tasuta. Kui meil peaks taotluse saamisel tekkima kahtlusi seoses taotluse esitaja isikusamasusega, on meil \u00f5igus paluda p\u00f6\u00f6rduva isiku isikut t\u00f5endavat dokumenti v\u00f5i selle koopiat.<\/p>\n\n<p>Samuti on Teil \u00f5igus n\u00f5uda eba\u00f5igete isikuandmete parandamist, n\u00f5uda enda andmete t\u00f6\u00f6tlemistegevuste (v\u00e4lja arvatud s\u00e4ilitamine) peatamist, kui andmeid t\u00f6\u00f6deldakse k\u00e4esolevatest Andmekaitsetingimuste tingimustest kinni pidamata, esitades meile kirjaliku taotluse (posti v\u00f5i e-posti teel). Teie kirjaliku taotluse alusel v\u00f5idakse eemaldada kogu Teie isiklik informatsioon, sh ostuajalugu. Kui meil peaks taotluse saamisel tekkima kahtlusi seoses taotluse esitaja isikusamasusega, on meil \u00f5igus paluda p\u00f6\u00f6rduvalt isikult isikut t\u00f5endavat dokumenti v\u00f5i selle koopiat.<\/p>\n\n<p>8.\u00a0<strong>Vastutus<\/strong><\/p>\n\n<p>Liitudes meie Veebilehega olete Te vastutav enda salas\u00f5na ja kasutajaandmete konfidentsiaalsuse ja igasuguse tegevuse eest (andmete edastamine tellimuste esitamisel jms) meie Veebilehel. Kui meie Veebilehel osutatavaid teenuseid kasutab kolmas isik Teie liitumisandmeid kasutades, loeme, et andmeid edastate ja kasutate Teie. Kui olete kaotanud enda liitumisandmed, olete kohustatud viivitamatult meid informeerima posti, telefoni v\u00f5i e-posti teel.<\/p>\n\n<p>Olete vastutav selle eest, et meile edastatud andmed oleksid t\u00e4psed, \u00f5iged ja p\u00f5hjalikud. Kui Teie poolt varem edastatud (kontakt)andmed muutuvad, palume sellest informeerima e-posti teel. Me ei vastuta kahjude eest, mis on tekkinud seoses sellega, et olete esitanud eba\u00f5iged v\u00f5i ebapiisavad andmed v\u00f5i kui Te ei ole meid informeerinud andmete muutumisest.<\/p>\n\n<p>9.\u00a0<strong>Andmekaitsetingimuste muudatused<\/strong><\/p>\n\n<p>Meil on \u00f5igus igal ajal uuendada v\u00f5i muuta Andmekaitsetingimusi. Sellised uuendatud v\u00f5i muudetud Andmekaitsetingimused j\u00f5ustuvad alates selle avaldamisest Veebilehel. Selleks, et olla teadlik andmekaitsetingimuste v\u00f5imalikest muudatustest peaksite Te aeg-ajalt kontrollima k\u00e4esolevat lehek\u00fclge ja veenduma, et Teid rahuldab kehtiv Andmekaitsetingimuste versioon.<\/p>\n\n<p>10.\u00a0<strong>Kontaktandmed<\/strong><\/p>\n\n<p>Kui Teil tekib k\u00fcsimusi, mis on seotud k\u00e4esolevate Andmekaitsetingimustega, palume v\u00f5tta meiega \u00fchendust allpool \u00e4ratoodud aadressil:<\/p>\n\n<p>11Reasons O\u00dc<\/p>\n\n<p>Registrikood:\u00a016099242<br\/>Aadress: S\u00f5le 7, Tallinn, Harjumaa, 10614<br\/>e-post.:\u00a0info@elevenaustralia.ee<\/p>\n\n<p><em>Viimane Andmekaitsetingimuste uuendus on tehtud 28.11.2020.<\/em><\/p>\n","protected":false},"excerpt":{"rendered":"<p>1.\u00a0Mida t\u00e4hendavad k\u00e4esolevad andmekaitsetingimused? K\u00e4esolevad andmekaitsetingimused (edaspidi \u2013\u00a0Andmekaitsetingimused) m\u00e4\u00e4ratlevad tingimusi, millest on kohustatud kinni pidama k\u00f5ik veebilehe www.elevenaustralia.ee\u00a0(edaspidi \u2013\u00a0Veebileht) k\u00fclastajad (edaspidi \u2013\u00a0K\u00fclastajad). Loetakse, et K\u00fclastaja on tutvunud ja v\u00e4ljendanud enda n\u00f5usolekut Andmekaitsetingimustest kinni pidada siis, kui ta on k\u00fclastanud Veebilehte, liitunud sellega ja (v\u00f5i) soetab endale Veebilehel m\u00fc\u00fcdava toote. K\u00fclastaja, kes ei ole n\u00f5us m\u00f5ne [&hellip;]<\/p>\n","protected":false},"author":1,"featured_media":0,"parent":0,"menu_order":0,"comment_status":"closed","ping_status":"open","template":"","meta":{"ocean_post_layout":"","ocean_both_sidebars_style":"","ocean_both_sidebars_content_width":0,"ocean_both_sidebars_sidebars_width":0,"ocean_sidebar":"0","ocean_second_sidebar":"0","ocean_disable_margins":"enable","ocean_add_body_class":"","ocean_shortcode_before_top_bar":"","ocean_shortcode_after_top_bar":"","ocean_shortcode_before_header":"","ocean_shortcode_after_header":"","ocean_has_shortcode":"","ocean_shortcode_after_title":"","ocean_shortcode_before_footer_widgets":"","ocean_shortcode_after_footer_widgets":"","ocean_shortcode_before_footer_bottom":"","ocean_shortcode_after_footer_bottom":"","ocean_display_top_bar":"default","ocean_display_header":"default","ocean_header_style":"","ocean_center_header_left_menu":"0","ocean_custom_header_template":"0","ocean_custom_logo":0,"ocean_custom_retina_logo":0,"ocean_custom_logo_max_width":0,"ocean_custom_logo_tablet_max_width":0,"ocean_custom_logo_mobile_max_width":0,"ocean_custom_logo_max_height":0,"ocean_custom_logo_tablet_max_height":0,"ocean_custom_logo_mobile_max_height":0,"ocean_header_custom_menu":"0","ocean_menu_typo_font_family":"0","ocean_menu_typo_font_subset":"","ocean_menu_typo_font_size":0,"ocean_menu_typo_font_size_tablet":0,"ocean_menu_typo_font_size_mobile":0,"ocean_menu_typo_font_size_unit":"px","ocean_menu_typo_font_weight":"","ocean_menu_typo_font_weight_tablet":"","ocean_menu_typo_font_weight_mobile":"","ocean_menu_typo_transform":"","ocean_menu_typo_transform_tablet":"","ocean_menu_typo_transform_mobile":"","ocean_menu_typo_line_height":0,"ocean_menu_typo_line_height_tablet":0,"ocean_menu_typo_line_height_mobile":0,"ocean_menu_typo_line_height_unit":"","ocean_menu_typo_spacing":0,"ocean_menu_typo_spacing_tablet":0,"ocean_menu_typo_spacing_mobile":0,"ocean_menu_typo_spacing_unit":"","ocean_menu_link_color":"","ocean_menu_link_color_hover":"","ocean_menu_link_color_active":"","ocean_menu_link_background":"","ocean_menu_link_hover_background":"","ocean_menu_link_active_background":"","ocean_menu_social_links_bg":"","ocean_menu_social_hover_links_bg":"","ocean_menu_social_links_color":"","ocean_menu_social_hover_links_color":"","ocean_disable_title":"default","ocean_disable_heading":"default","ocean_post_title":"","ocean_post_subheading":"","ocean_post_title_style":"","ocean_post_title_background_color":"","ocean_post_title_background":0,"ocean_post_title_bg_image_position":"","ocean_post_title_bg_image_attachment":"","ocean_post_title_bg_image_repeat":"","ocean_post_title_bg_image_size":"","ocean_post_title_height":0,"ocean_post_title_bg_overlay":0.5,"ocean_post_title_bg_overlay_color":"","ocean_disable_breadcrumbs":"default","ocean_breadcrumbs_color":"","ocean_breadcrumbs_separator_color":"","ocean_breadcrumbs_links_color":"","ocean_breadcrumbs_links_hover_color":"","ocean_display_footer_widgets":"default","ocean_display_footer_bottom":"default","ocean_custom_footer_template":"0","footnotes":""},"class_list":["post-1450","page","type-page","status-publish","hentry","entry","owp-thumbs-layout-horizontal","owp-btn-normal","owp-tabs-layout-section","has-no-thumbnails"],"_links":{"self":[{"href":"https:\/\/www.elevenaustralia.ee\/lv\/wp-json\/wp\/v2\/pages\/1450","targetHints":{"allow":["GET"]}}],"collection":[{"href":"https:\/\/www.elevenaustralia.ee\/lv\/wp-json\/wp\/v2\/pages"}],"about":[{"href":"https:\/\/www.elevenaustralia.ee\/lv\/wp-json\/wp\/v2\/types\/page"}],"author":[{"embeddable":true,"href":"https:\/\/www.elevenaustralia.ee\/lv\/wp-json\/wp\/v2\/users\/1"}],"replies":[{"embeddable":true,"href":"https:\/\/www.elevenaustralia.ee\/lv\/wp-json\/wp\/v2\/comments?post=1450"}],"version-history":[{"count":1,"href":"https:\/\/www.elevenaustralia.ee\/lv\/wp-json\/wp\/v2\/pages\/1450\/revisions"}],"predecessor-version":[{"id":1451,"href":"https:\/\/www.elevenaustralia.ee\/lv\/wp-json\/wp\/v2\/pages\/1450\/revisions\/1451"}],"wp:attachment":[{"href":"https:\/\/www.elevenaustralia.ee\/lv\/wp-json\/wp\/v2\/media?parent=1450"}],"curies":[{"name":"wp","href":"https:\/\/api.w.org\/{rel}","templated":true}]}}