{"id":1012,"date":"2020-11-15T21:06:03","date_gmt":"2020-11-15T19:06:03","guid":{"rendered":"https:\/\/www.elevenaustralia.ee\/toode\/mitrinoss-roku-un-kermena-krems-500-ml\/"},"modified":"2024-04-08T20:07:16","modified_gmt":"2024-04-08T17:07:16","slug":"mitrinoss-roku-un-kermena-krems-500-ml","status":"publish","type":"product","link":"https:\/\/www.elevenaustralia.ee\/lv\/mitrinoss-roku-un-kermena-krems-500-ml\/","title":{"rendered":"MOISTURE LOTION HAND &#038; BODY CREAM (500ml)"},"content":{"rendered":"<p><strong>IZMANTO\u0160ANA<\/strong>:\u00a0Uzkl\u0101t uz sausas \u0101das un iemas\u0113t.<\/p>\n<p><strong>SAST\u0100VDA\u013bAS:\u00a0<\/strong><\/p>\n<p>Water (Aqua) (\u016adens), Isopropyl Myristate, Stearic Acid, Glyceryl Stearate SE, Cetearyl Alcohol, Glycerin, Ricinus Communis (Castor) Seed Oil, Dimethicone, Tocopheryl Acetate, Cucumis Sativus (Cucumber) Fruit Extract*, Aloe Barbadensis Leaf Juice, Cocos Nucifera (Coconut) Oil, Chamomilla Recutita (Matricaria) Flower Extract, Prunus Amygdalus Dulcis (Sweet Almond) Oil, Rosa Canina Fruit Oil, Xanthan Gum, Acrylates\/C10-30 Alkyl Acrylate Crosspolymer, Alcohol, Disodium EDTA, Triethanolamine, Phenoxyethanol, Ethylhexylglycerin, Potassium Sorbate, Citric Acid, Fragrance (Parfum), Hydroxycitronellal, Linalool, Citronellol, Alpha-Isomethyl Ionone, Benzyl Alcohol *Certified Organic Certifi\u00e9 Organique.<\/p>\n","protected":false},"excerpt":{"rendered":"<p>MITRINO\u0160S ROKU UN \u0136ERME\u0145A KR\u0112MS &#8211; \u00a0Univers\u0101ls ikdienas \u0101das mitrin\u0101\u0161anas l\u012bdzeklis. Kokosriekstu e\u013c\u013ca un\u00a0 E vitam\u012bns c\u012bn\u0101s ar br\u012bvajiem radik\u0101\u013ciem (molekul\u0101m, kas no\u0101rda \u0101das \u0161\u016bnas). Pateicoties organiskajam gur\u0137a un aloe vera ekstraktam, losjons nodro\u0161ina t\u016bl\u012bt\u0113ju mitrin\u0101\u0161anu, kam\u0113r kumel\u012b\u0161u ekstrakts un r\u012bcine\u013c\u013ca \u012bpa\u0161i mitrina saus\u0101k\u0101s \u0101das da\u013cas.<\/p>\n<p>&nbsp;<\/p>\n","protected":false},"featured_media":3189,"comment_status":"closed","ping_status":"closed","template":"","meta":{"ocean_post_layout":"","ocean_both_sidebars_style":"","ocean_both_sidebars_content_width":0,"ocean_both_sidebars_sidebars_width":0,"ocean_sidebar":"0","ocean_second_sidebar":"0","ocean_disable_margins":"enable","ocean_add_body_class":"","ocean_shortcode_before_top_bar":"","ocean_shortcode_after_top_bar":"","ocean_shortcode_before_header":"","ocean_shortcode_after_header":"","ocean_has_shortcode":"","ocean_shortcode_after_title":"","ocean_shortcode_before_footer_widgets":"","ocean_shortcode_after_footer_widgets":"","ocean_shortcode_before_footer_bottom":"","ocean_shortcode_after_footer_bottom":"","ocean_display_top_bar":"default","ocean_display_header":"default","ocean_header_style":"","ocean_center_header_left_menu":"0","ocean_custom_header_template":"0","ocean_custom_logo":0,"ocean_custom_retina_logo":0,"ocean_custom_logo_max_width":0,"ocean_custom_logo_tablet_max_width":0,"ocean_custom_logo_mobile_max_width":0,"ocean_custom_logo_max_height":0,"ocean_custom_logo_tablet_max_height":0,"ocean_custom_logo_mobile_max_height":0,"ocean_header_custom_menu":"0","ocean_menu_typo_font_family":"0","ocean_menu_typo_font_subset":"","ocean_menu_typo_font_size":0,"ocean_menu_typo_font_size_tablet":0,"ocean_menu_typo_font_size_mobile":0,"ocean_menu_typo_font_size_unit":"px","ocean_menu_typo_font_weight":"","ocean_menu_typo_font_weight_tablet":"","ocean_menu_typo_font_weight_mobile":"","ocean_menu_typo_transform":"","ocean_menu_typo_transform_tablet":"","ocean_menu_typo_transform_mobile":"","ocean_menu_typo_line_height":0,"ocean_menu_typo_line_height_tablet":0,"ocean_menu_typo_line_height_mobile":0,"ocean_menu_typo_line_height_unit":"","ocean_menu_typo_spacing":0,"ocean_menu_typo_spacing_tablet":0,"ocean_menu_typo_spacing_mobile":0,"ocean_menu_typo_spacing_unit":"","ocean_menu_link_color":"","ocean_menu_link_color_hover":"","ocean_menu_link_color_active":"","ocean_menu_link_background":"","ocean_menu_link_hover_background":"","ocean_menu_link_active_background":"","ocean_menu_social_links_bg":"","ocean_menu_social_hover_links_bg":"","ocean_menu_social_links_color":"","ocean_menu_social_hover_links_color":"","ocean_disable_title":"default","ocean_disable_heading":"default","ocean_post_title":"","ocean_post_subheading":"","ocean_post_title_style":"","ocean_post_title_background_color":"","ocean_post_title_background":0,"ocean_post_title_bg_image_position":"","ocean_post_title_bg_image_attachment":"","ocean_post_title_bg_image_repeat":"","ocean_post_title_bg_image_size":"","ocean_post_title_height":0,"ocean_post_title_bg_overlay":0.5,"ocean_post_title_bg_overlay_color":"","ocean_disable_breadcrumbs":"default","ocean_breadcrumbs_color":"","ocean_breadcrumbs_separator_color":"","ocean_breadcrumbs_links_color":"","ocean_breadcrumbs_links_hover_color":"","ocean_display_footer_widgets":"default","ocean_display_footer_bottom":"default","ocean_custom_footer_template":"0"},"product_brand":[],"product_cat":[118,119,122,126,170],"product_tag":[180,178,177,179],"class_list":{"0":"post-1012","1":"product","2":"type-product","3":"status-publish","4":"has-post-thumbnail","6":"product_cat-bezglutena-produkti","7":"product_cat-kopsanas-lidzekli","8":"product_cat-produkti-kermenim","9":"product_cat-veganiskie-produkti","10":"product_cat-viriesiem","11":"product_tag-kermena-krems","12":"product_tag-kermenis","13":"product_tag-mitrinoss","14":"product_tag-roku-krems","16":"entry","17":"has-media","19":"first","20":"instock","21":"taxable","22":"shipping-taxable","23":"purchasable","24":"product-type-simple","25":"col","26":"span_1_of_4","27":"owp-content-center","28":"owp-thumbs-layout-horizontal","29":"owp-btn-normal","30":"owp-tabs-layout-section"},"_links":{"self":[{"href":"https:\/\/www.elevenaustralia.ee\/lv\/wp-json\/wp\/v2\/product\/1012","targetHints":{"allow":["GET"]}}],"collection":[{"href":"https:\/\/www.elevenaustralia.ee\/lv\/wp-json\/wp\/v2\/product"}],"about":[{"href":"https:\/\/www.elevenaustralia.ee\/lv\/wp-json\/wp\/v2\/types\/product"}],"replies":[{"embeddable":true,"href":"https:\/\/www.elevenaustralia.ee\/lv\/wp-json\/wp\/v2\/comments?post=1012"}],"wp:featuredmedia":[{"embeddable":true,"href":"https:\/\/www.elevenaustralia.ee\/lv\/wp-json\/wp\/v2\/media\/3189"}],"wp:attachment":[{"href":"https:\/\/www.elevenaustralia.ee\/lv\/wp-json\/wp\/v2\/media?parent=1012"}],"wp:term":[{"taxonomy":"product_brand","embeddable":true,"href":"https:\/\/www.elevenaustralia.ee\/lv\/wp-json\/wp\/v2\/product_brand?post=1012"},{"taxonomy":"product_cat","embeddable":true,"href":"https:\/\/www.elevenaustralia.ee\/lv\/wp-json\/wp\/v2\/product_cat?post=1012"},{"taxonomy":"product_tag","embeddable":true,"href":"https:\/\/www.elevenaustralia.ee\/lv\/wp-json\/wp\/v2\/product_tag?post=1012"}],"curies":[{"name":"wp","href":"https:\/\/api.w.org\/{rel}","templated":true}]}}