{"id":1033,"date":"2020-11-14T22:22:18","date_gmt":"2020-11-14T20:22:18","guid":{"rendered":"https:\/\/www.elevenaustralia.ee\/toode\/apjomu-pieskiross-izsmidzinams-lidzeklis-175-ml\/"},"modified":"2026-04-01T00:27:21","modified_gmt":"2026-03-31T21:27:21","slug":"apjomu-pieskiross-izsmidzinams-lidzeklis-175-ml","status":"publish","type":"product","link":"https:\/\/www.elevenaustralia.ee\/lv\/apjomu-pieskiross-izsmidzinams-lidzeklis-175-ml\/","title":{"rendered":"I WANT BODY TEXTURE SPRAY (200ml)"},"content":{"rendered":"<p><strong>IZMANTO\u0160ANA:\u00a0<\/strong>C\u012bt\u012bgi sakrat\u012bt pirms lieto\u0161anas, lai aktiv\u0113tu p\u016bderi l\u012bdzek\u013ca sast\u0101v\u0101. Izsmidzin\u0101t uz matiem p\u0113c nepiecie\u0161am\u012bbas, lai saglab\u0101tu ilgsto\u0161u apjomu.<\/p>\n<p><strong>SAST\u0100VDA\u013bAS<\/strong>:<\/p>\n<p>Water (Aqua) (Eau), Alcohol Denat., PEG-32, Silica, PEG-8, Hydrolyzed Keratin, Cocodimonium Hydroxypropyl Hydrolyzed Keratin, Hydrolyzed Wheat Protein, Hydrolyzed Soy Protein, Hydrolyzed Corn Protein, Bentonite, Sodium Methyl Cocoyl Taurate, Magnesium Aluminum Silicate, Aminomethyl Propanol, Phenoxyethanol, Potassium Sorbate, Sodium Benzoate, Citric Acid, Fragrance (Parfum)<\/p>\n","protected":false},"excerpt":{"rendered":"<p>Pie\u0161\u0137ir papildus apjomu smalkiem un vid\u0113ji bieziem matiem ar I WANT BODY TEXTURE SPRAY. Produkt\u0101 apvienotas p\u016bdera un \u0161\u0137idruma \u012bpa\u0161\u012bbas, tam ir jauna, inovat\u012bva formula sav\u0101 lauci\u0146\u0101. \u0160o l\u012bdzekli var lietot vis\u0101 matu garum\u0101 no sakn\u0113m l\u012bdz matu gali\u0146iem, konkr\u0113t\u0101s zon\u0101s vai pa visiem matiem. L\u012bdzeklis sniedz br\u012bv\u012bbu eksperiment\u0113t, veidot neticamu apjomu un pie\u0161\u0137irt matu sak\u0101rtojumam v\u0113l nebiju\u0161u dinamiku.<\/p>\n","protected":false},"featured_media":3295,"comment_status":"closed","ping_status":"closed","template":"","meta":{"ocean_post_layout":"","ocean_both_sidebars_style":"","ocean_both_sidebars_content_width":0,"ocean_both_sidebars_sidebars_width":0,"ocean_sidebar":"0","ocean_second_sidebar":"0","ocean_disable_margins":"enable","ocean_add_body_class":"","ocean_shortcode_before_top_bar":"","ocean_shortcode_after_top_bar":"","ocean_shortcode_before_header":"","ocean_shortcode_after_header":"","ocean_has_shortcode":"","ocean_shortcode_after_title":"","ocean_shortcode_before_footer_widgets":"","ocean_shortcode_after_footer_widgets":"","ocean_shortcode_before_footer_bottom":"","ocean_shortcode_after_footer_bottom":"","ocean_display_top_bar":"default","ocean_display_header":"default","ocean_header_style":"","ocean_center_header_left_menu":"0","ocean_custom_header_template":"0","ocean_custom_logo":0,"ocean_custom_retina_logo":0,"ocean_custom_logo_max_width":0,"ocean_custom_logo_tablet_max_width":0,"ocean_custom_logo_mobile_max_width":0,"ocean_custom_logo_max_height":0,"ocean_custom_logo_tablet_max_height":0,"ocean_custom_logo_mobile_max_height":0,"ocean_header_custom_menu":"0","ocean_menu_typo_font_family":"0","ocean_menu_typo_font_subset":"","ocean_menu_typo_font_size":0,"ocean_menu_typo_font_size_tablet":0,"ocean_menu_typo_font_size_mobile":0,"ocean_menu_typo_font_size_unit":"px","ocean_menu_typo_font_weight":"","ocean_menu_typo_font_weight_tablet":"","ocean_menu_typo_font_weight_mobile":"","ocean_menu_typo_transform":"","ocean_menu_typo_transform_tablet":"","ocean_menu_typo_transform_mobile":"","ocean_menu_typo_line_height":0,"ocean_menu_typo_line_height_tablet":0,"ocean_menu_typo_line_height_mobile":0,"ocean_menu_typo_line_height_unit":"","ocean_menu_typo_spacing":0,"ocean_menu_typo_spacing_tablet":0,"ocean_menu_typo_spacing_mobile":0,"ocean_menu_typo_spacing_unit":"","ocean_menu_link_color":"","ocean_menu_link_color_hover":"","ocean_menu_link_color_active":"","ocean_menu_link_background":"","ocean_menu_link_hover_background":"","ocean_menu_link_active_background":"","ocean_menu_social_links_bg":"","ocean_menu_social_hover_links_bg":"","ocean_menu_social_links_color":"","ocean_menu_social_hover_links_color":"","ocean_disable_title":"default","ocean_disable_heading":"default","ocean_post_title":"","ocean_post_subheading":"","ocean_post_title_style":"","ocean_post_title_background_color":"","ocean_post_title_background":0,"ocean_post_title_bg_image_position":"","ocean_post_title_bg_image_attachment":"","ocean_post_title_bg_image_repeat":"","ocean_post_title_bg_image_size":"","ocean_post_title_height":0,"ocean_post_title_bg_overlay":0.5,"ocean_post_title_bg_overlay_color":"","ocean_disable_breadcrumbs":"default","ocean_breadcrumbs_color":"","ocean_breadcrumbs_separator_color":"","ocean_breadcrumbs_links_color":"","ocean_breadcrumbs_links_hover_color":"","ocean_display_footer_widgets":"default","ocean_display_footer_bottom":"default","ocean_custom_footer_template":"0"},"product_brand":[],"product_cat":[195,127],"product_tag":[194,192,190],"class_list":{"0":"post-1033","1":"product","2":"type-product","3":"status-publish","4":"has-post-thumbnail","6":"product_cat-apjomam","7":"product_cat-veidosanas-lidzekli","8":"product_tag-aerosols","9":"product_tag-apjoms","10":"product_tag-teksturu","12":"entry","13":"has-media","15":"first","16":"instock","17":"taxable","18":"shipping-taxable","19":"purchasable","20":"product-type-simple","21":"col","22":"span_1_of_4","23":"owp-content-center","24":"owp-thumbs-layout-horizontal","25":"owp-btn-normal","26":"owp-tabs-layout-section"},"_links":{"self":[{"href":"https:\/\/www.elevenaustralia.ee\/lv\/wp-json\/wp\/v2\/product\/1033","targetHints":{"allow":["GET"]}}],"collection":[{"href":"https:\/\/www.elevenaustralia.ee\/lv\/wp-json\/wp\/v2\/product"}],"about":[{"href":"https:\/\/www.elevenaustralia.ee\/lv\/wp-json\/wp\/v2\/types\/product"}],"replies":[{"embeddable":true,"href":"https:\/\/www.elevenaustralia.ee\/lv\/wp-json\/wp\/v2\/comments?post=1033"}],"wp:featuredmedia":[{"embeddable":true,"href":"https:\/\/www.elevenaustralia.ee\/lv\/wp-json\/wp\/v2\/media\/3295"}],"wp:attachment":[{"href":"https:\/\/www.elevenaustralia.ee\/lv\/wp-json\/wp\/v2\/media?parent=1033"}],"wp:term":[{"taxonomy":"product_brand","embeddable":true,"href":"https:\/\/www.elevenaustralia.ee\/lv\/wp-json\/wp\/v2\/product_brand?post=1033"},{"taxonomy":"product_cat","embeddable":true,"href":"https:\/\/www.elevenaustralia.ee\/lv\/wp-json\/wp\/v2\/product_cat?post=1033"},{"taxonomy":"product_tag","embeddable":true,"href":"https:\/\/www.elevenaustralia.ee\/lv\/wp-json\/wp\/v2\/product_tag?post=1033"}],"curies":[{"name":"wp","href":"https:\/\/api.w.org\/{rel}","templated":true}]}}