{"id":1039,"date":"2020-11-13T20:18:50","date_gmt":"2020-11-13T18:18:50","guid":{"rendered":"https:\/\/www.elevenaustralia.ee\/toode\/matu-strukturu-nostiprinoss-sampuns-300ml\/"},"modified":"2025-05-18T09:28:04","modified_gmt":"2025-05-18T06:28:04","slug":"matu-strukturu-nostiprinoss-sampuns-300ml","status":"publish","type":"product","link":"https:\/\/www.elevenaustralia.ee\/lv\/matu-strukturu-nostiprinoss-sampuns-300ml\/","title":{"rendered":"REPAIR MY HAIR NOURISHING SHAMPOO (300ml)"},"content":{"rendered":"<p><strong>IZMANTO\u0160ANA<\/strong>: Ieziest mitros matos un uzputot. Izskalot. Ja nepiecie\u0161ams, atk\u0101rtot.<\/p>\n<p><strong>SAST\u0100VDA\u013bAS<\/strong>:<\/p>\n<p>Water (Aqua) (Eau), Sodium Lauroyl Methyl Isethionate, Cocamidopropyl Betaine, Glycol Stearate, PEG-12 Dimethicone, PEG-150 Distearate, Aloe Barbadensis Leaf Juice, Disodium Cocoamphodiacetate, Panthenol, Camellia Sinensis Leaf Extract, Hydrolyzed Soy Protein, Hydrolyzed Rice Protein, Hydrolyzed Quinoa, Acetyl Cysteine, Glycerin, Soy Isoflavones, Glycosphingolipids, Polyquaternium-10, Sodium Laneth-40 Maleate\/Styrene Sulfonate Copolymer, Polyglyceryl-6 Laurate, Polyglyceryl-10 Oleate, Sorbitan Palmitate, Trideceth-12, Butylene Glycol, Trideceth-9 PG-Amodimethicone, Phenoxyethanol, Ethylhexylglycerin, Potassium Sorbate, Sodium Benzoate, Benzoic Acid, Dehydroacetic Acid, Citric Acid, Fragrance (Parfum), Benzyl Alcohol.<\/p>\n","protected":false},"excerpt":{"rendered":"<p>Matu strukt\u016bru nostiprino\u0161s \u0161amp\u016bns, kas atjauno boj\u0101tus matus un pasarg\u0101 tos no termiskiem boj\u0101jumiem veido\u0161anas laik\u0101. Aizsarg\u0101 no termiskajiem boj\u0101jumiem l\u012bdz pat 220\u00b0C . Kl\u012bniski pier\u0101d\u012bts, ka tas palielina matu apjomu, l\u012bdz pat 32%* Pal\u012bdz uzlabot un atjaunot nov\u0101jin\u0101t\u0101s matu saites.<\/p>\n","protected":false},"featured_media":3067,"comment_status":"open","ping_status":"closed","template":"","meta":{"ocean_post_layout":"","ocean_both_sidebars_style":"","ocean_both_sidebars_content_width":0,"ocean_both_sidebars_sidebars_width":0,"ocean_sidebar":"0","ocean_second_sidebar":"0","ocean_disable_margins":"enable","ocean_add_body_class":"","ocean_shortcode_before_top_bar":"","ocean_shortcode_after_top_bar":"","ocean_shortcode_before_header":"","ocean_shortcode_after_header":"","ocean_has_shortcode":"","ocean_shortcode_after_title":"","ocean_shortcode_before_footer_widgets":"","ocean_shortcode_after_footer_widgets":"","ocean_shortcode_before_footer_bottom":"","ocean_shortcode_after_footer_bottom":"","ocean_display_top_bar":"default","ocean_display_header":"default","ocean_header_style":"","ocean_center_header_left_menu":"0","ocean_custom_header_template":"0","ocean_custom_logo":0,"ocean_custom_retina_logo":0,"ocean_custom_logo_max_width":0,"ocean_custom_logo_tablet_max_width":0,"ocean_custom_logo_mobile_max_width":0,"ocean_custom_logo_max_height":0,"ocean_custom_logo_tablet_max_height":0,"ocean_custom_logo_mobile_max_height":0,"ocean_header_custom_menu":"0","ocean_menu_typo_font_family":"0","ocean_menu_typo_font_subset":"","ocean_menu_typo_font_size":0,"ocean_menu_typo_font_size_tablet":0,"ocean_menu_typo_font_size_mobile":0,"ocean_menu_typo_font_size_unit":"px","ocean_menu_typo_font_weight":"","ocean_menu_typo_font_weight_tablet":"","ocean_menu_typo_font_weight_mobile":"","ocean_menu_typo_transform":"","ocean_menu_typo_transform_tablet":"","ocean_menu_typo_transform_mobile":"","ocean_menu_typo_line_height":0,"ocean_menu_typo_line_height_tablet":0,"ocean_menu_typo_line_height_mobile":0,"ocean_menu_typo_line_height_unit":"","ocean_menu_typo_spacing":0,"ocean_menu_typo_spacing_tablet":0,"ocean_menu_typo_spacing_mobile":0,"ocean_menu_typo_spacing_unit":"","ocean_menu_link_color":"","ocean_menu_link_color_hover":"","ocean_menu_link_color_active":"","ocean_menu_link_background":"","ocean_menu_link_hover_background":"","ocean_menu_link_active_background":"","ocean_menu_social_links_bg":"","ocean_menu_social_hover_links_bg":"","ocean_menu_social_links_color":"","ocean_menu_social_hover_links_color":"","ocean_disable_title":"default","ocean_disable_heading":"default","ocean_post_title":"","ocean_post_subheading":"","ocean_post_title_style":"","ocean_post_title_background_color":"","ocean_post_title_background":0,"ocean_post_title_bg_image_position":"","ocean_post_title_bg_image_attachment":"","ocean_post_title_bg_image_repeat":"","ocean_post_title_bg_image_size":"","ocean_post_title_height":0,"ocean_post_title_bg_overlay":0.5,"ocean_post_title_bg_overlay_color":"","ocean_disable_breadcrumbs":"default","ocean_breadcrumbs_color":"","ocean_breadcrumbs_separator_color":"","ocean_breadcrumbs_links_color":"","ocean_breadcrumbs_links_hover_color":"","ocean_display_footer_widgets":"default","ocean_display_footer_bottom":"default","ocean_custom_footer_template":"0"},"product_brand":[],"product_cat":[118,205,128],"product_tag":[230,231,173],"class_list":{"0":"post-1039","1":"product","2":"type-product","3":"status-publish","4":"has-post-thumbnail","6":"product_cat-bezglutena-produkti","7":"product_cat-blondinem","8":"product_cat-sampuni","9":"product_tag-atjaunojoss","10":"product_tag-nostiprinoss","11":"product_tag-sampuns","13":"entry","14":"has-media","16":"first","17":"instock","18":"taxable","19":"shipping-taxable","20":"purchasable","21":"product-type-simple","22":"has-rating","23":"col","24":"span_1_of_4","25":"owp-content-center","26":"owp-thumbs-layout-horizontal","27":"owp-btn-normal","28":"owp-tabs-layout-section"},"_links":{"self":[{"href":"https:\/\/www.elevenaustralia.ee\/lv\/wp-json\/wp\/v2\/product\/1039","targetHints":{"allow":["GET"]}}],"collection":[{"href":"https:\/\/www.elevenaustralia.ee\/lv\/wp-json\/wp\/v2\/product"}],"about":[{"href":"https:\/\/www.elevenaustralia.ee\/lv\/wp-json\/wp\/v2\/types\/product"}],"replies":[{"embeddable":true,"href":"https:\/\/www.elevenaustralia.ee\/lv\/wp-json\/wp\/v2\/comments?post=1039"}],"wp:featuredmedia":[{"embeddable":true,"href":"https:\/\/www.elevenaustralia.ee\/lv\/wp-json\/wp\/v2\/media\/3067"}],"wp:attachment":[{"href":"https:\/\/www.elevenaustralia.ee\/lv\/wp-json\/wp\/v2\/media?parent=1039"}],"wp:term":[{"taxonomy":"product_brand","embeddable":true,"href":"https:\/\/www.elevenaustralia.ee\/lv\/wp-json\/wp\/v2\/product_brand?post=1039"},{"taxonomy":"product_cat","embeddable":true,"href":"https:\/\/www.elevenaustralia.ee\/lv\/wp-json\/wp\/v2\/product_cat?post=1039"},{"taxonomy":"product_tag","embeddable":true,"href":"https:\/\/www.elevenaustralia.ee\/lv\/wp-json\/wp\/v2\/product_tag?post=1039"}],"curies":[{"name":"wp","href":"https:\/\/api.w.org\/{rel}","templated":true}]}}