{"id":1045,"date":"2020-11-14T15:12:08","date_gmt":"2020-11-14T13:12:08","guid":{"rendered":"https:\/\/www.elevenaustralia.ee\/toode\/miracle-matu-kopsanas-lidzeklis-125-ml\/"},"modified":"2024-05-24T21:47:36","modified_gmt":"2024-05-24T18:47:36","slug":"miracle-matu-kopsanas-lidzeklis-125-ml","status":"publish","type":"product","link":"https:\/\/www.elevenaustralia.ee\/lv\/miracle-matu-kopsanas-lidzeklis-125-ml\/","title":{"rendered":"MIRACLE HAIR TREATMENT (125ml)"},"content":{"rendered":"<p><strong>IZMANTO\u0160ANA: <\/strong>Nospiest dozatoru vienu reizi, kr\u0113mu ieziest mitros, ar dvieli nosusin\u0101tos matos. Neizskalot.<\/p>\n<p><strong>SAST\u0100VDA\u013bAS<\/strong>:<\/p>\n<p>Water (Aqua) (Eau), Cetearyl Alcohol, Cyclopentasiloxane, Propylene Glycol, Isopropyl Myristate, Citrus Glauca (Desert Lime)Fruit Extract, Santalum Acuminatum (Quandong) Fruit Extract, Acacia Victoriae (Wattleseed) Fruit Extract, Silk Amino Acids, Glycerin, Butyl Methoxydibenzoylmethane, Quaternium-80, Sodium Laneth-40 Maleate\/Styrene Sulfonate Copolymer, Dimethiconol, Cyclohexasiloxane, Behentrimonium Methosulfate, Ethylhexyl Methoxycinnamate, BHT, Phenoxyethanol, Potassium Sorbate, Sodium Benzoate, Benzoic Acid, Dehydroacetic Acid, Citric Acid, Fragrance (Parfum), Benzyl Salicylate, Coumarin, Benzyl Benzoate, Benzyl Alcohol.<\/p>\n","protected":false},"excerpt":{"rendered":"<p>Br\u012bnumains l\u012bdzeklis matu kop\u0161anai &#8211; barojo\u0161s matu kr\u0113ms ar 11 pozit\u012bv\u0101m \u012bpa\u0161\u012bb\u0101m, kuru iem\u012bl\u0113s j\u016bsu mati.<\/p>\n<ol>\n<li>Padara matus m\u012bkstus, gludus un mirdzo\u0161us.<\/li>\n<li>Kontrol\u0113 mazos mati\u0146us.<\/li>\n<li>Mitrina matus.<\/li>\n<li>Stiprina trauslus matus.<\/li>\n<li>Nov\u0113r\u0161s matu galu \u0161\u0137el\u0161anos.<\/li>\n<li>Atdala matus, lai tie lab\u0101k pak\u013cautos veido\u0161anai.<\/li>\n<li>Aizsarg\u0101 no karstuma.<\/li>\n<li>Uzlabo sausus un boj\u0101tus matus.<\/li>\n<li>Uzlabo dab\u012bgo matu strukt\u016bru.<\/li>\n<li>Aizsarg\u0101 matus no UVA un UVB filtriem.<\/li>\n<li>Nov\u0113r\u0161 saules boj\u0101jumus, pasarg\u0101jot tos no izbal\u0113\u0161anas.<\/li>\n<\/ol>\n","protected":false},"featured_media":3155,"comment_status":"closed","ping_status":"closed","template":"","meta":{"ocean_post_layout":"","ocean_both_sidebars_style":"","ocean_both_sidebars_content_width":0,"ocean_both_sidebars_sidebars_width":0,"ocean_sidebar":"0","ocean_second_sidebar":"0","ocean_disable_margins":"enable","ocean_add_body_class":"","ocean_shortcode_before_top_bar":"","ocean_shortcode_after_top_bar":"","ocean_shortcode_before_header":"","ocean_shortcode_after_header":"","ocean_has_shortcode":"","ocean_shortcode_after_title":"","ocean_shortcode_before_footer_widgets":"","ocean_shortcode_after_footer_widgets":"","ocean_shortcode_before_footer_bottom":"","ocean_shortcode_after_footer_bottom":"","ocean_display_top_bar":"default","ocean_display_header":"default","ocean_header_style":"","ocean_center_header_left_menu":"0","ocean_custom_header_template":"0","ocean_custom_logo":0,"ocean_custom_retina_logo":0,"ocean_custom_logo_max_width":0,"ocean_custom_logo_tablet_max_width":0,"ocean_custom_logo_mobile_max_width":0,"ocean_custom_logo_max_height":0,"ocean_custom_logo_tablet_max_height":0,"ocean_custom_logo_mobile_max_height":0,"ocean_header_custom_menu":"0","ocean_menu_typo_font_family":"0","ocean_menu_typo_font_subset":"","ocean_menu_typo_font_size":0,"ocean_menu_typo_font_size_tablet":0,"ocean_menu_typo_font_size_mobile":0,"ocean_menu_typo_font_size_unit":"px","ocean_menu_typo_font_weight":"","ocean_menu_typo_font_weight_tablet":"","ocean_menu_typo_font_weight_mobile":"","ocean_menu_typo_transform":"","ocean_menu_typo_transform_tablet":"","ocean_menu_typo_transform_mobile":"","ocean_menu_typo_line_height":0,"ocean_menu_typo_line_height_tablet":0,"ocean_menu_typo_line_height_mobile":0,"ocean_menu_typo_line_height_unit":"","ocean_menu_typo_spacing":0,"ocean_menu_typo_spacing_tablet":0,"ocean_menu_typo_spacing_mobile":0,"ocean_menu_typo_spacing_unit":"","ocean_menu_link_color":"","ocean_menu_link_color_hover":"","ocean_menu_link_color_active":"","ocean_menu_link_background":"","ocean_menu_link_hover_background":"","ocean_menu_link_active_background":"","ocean_menu_social_links_bg":"","ocean_menu_social_hover_links_bg":"","ocean_menu_social_links_color":"","ocean_menu_social_hover_links_color":"","ocean_disable_title":"default","ocean_disable_heading":"default","ocean_post_title":"","ocean_post_subheading":"","ocean_post_title_style":"","ocean_post_title_background_color":"","ocean_post_title_background":0,"ocean_post_title_bg_image_position":"","ocean_post_title_bg_image_attachment":"","ocean_post_title_bg_image_repeat":"","ocean_post_title_bg_image_size":"","ocean_post_title_height":0,"ocean_post_title_bg_overlay":0.5,"ocean_post_title_bg_overlay_color":"","ocean_disable_breadcrumbs":"default","ocean_breadcrumbs_color":"","ocean_breadcrumbs_separator_color":"","ocean_breadcrumbs_links_color":"","ocean_breadcrumbs_links_hover_color":"","ocean_display_footer_widgets":"default","ocean_display_footer_bottom":"default","ocean_custom_footer_template":"0"},"product_brand":[],"product_cat":[118,205,198,119,117,214,197,127],"product_tag":[216,218,215],"class_list":{"0":"post-1045","1":"product","2":"type-product","3":"status-publish","4":"has-post-thumbnail","6":"product_cat-bezglutena-produkti","7":"product_cat-blondinem","8":"product_cat-cirtainiem-matiem","9":"product_cat-kopsanas-lidzekli","10":"product_cat-matu-nogludinasanai","11":"product_cat-miracle-serija","12":"product_cat-mitrinasanai","13":"product_cat-veidosanas-lidzekli","14":"product_tag-matu-kopsana","15":"product_tag-matu-krems-lv","16":"product_tag-miracle-lv","18":"entry","19":"has-media","21":"first","22":"instock","23":"featured","24":"taxable","25":"shipping-taxable","26":"purchasable","27":"product-type-simple","28":"col","29":"span_1_of_4","30":"owp-content-center","31":"owp-thumbs-layout-horizontal","32":"owp-btn-normal","33":"owp-tabs-layout-section"},"_links":{"self":[{"href":"https:\/\/www.elevenaustralia.ee\/lv\/wp-json\/wp\/v2\/product\/1045","targetHints":{"allow":["GET"]}}],"collection":[{"href":"https:\/\/www.elevenaustralia.ee\/lv\/wp-json\/wp\/v2\/product"}],"about":[{"href":"https:\/\/www.elevenaustralia.ee\/lv\/wp-json\/wp\/v2\/types\/product"}],"replies":[{"embeddable":true,"href":"https:\/\/www.elevenaustralia.ee\/lv\/wp-json\/wp\/v2\/comments?post=1045"}],"wp:featuredmedia":[{"embeddable":true,"href":"https:\/\/www.elevenaustralia.ee\/lv\/wp-json\/wp\/v2\/media\/3155"}],"wp:attachment":[{"href":"https:\/\/www.elevenaustralia.ee\/lv\/wp-json\/wp\/v2\/media?parent=1045"}],"wp:term":[{"taxonomy":"product_brand","embeddable":true,"href":"https:\/\/www.elevenaustralia.ee\/lv\/wp-json\/wp\/v2\/product_brand?post=1045"},{"taxonomy":"product_cat","embeddable":true,"href":"https:\/\/www.elevenaustralia.ee\/lv\/wp-json\/wp\/v2\/product_cat?post=1045"},{"taxonomy":"product_tag","embeddable":true,"href":"https:\/\/www.elevenaustralia.ee\/lv\/wp-json\/wp\/v2\/product_tag?post=1045"}],"curies":[{"name":"wp","href":"https:\/\/api.w.org\/{rel}","templated":true}]}}