{"id":1098,"date":"2020-11-14T18:49:08","date_gmt":"2020-11-14T16:49:08","guid":{"rendered":"https:\/\/www.elevenaustralia.ee\/toode\/izsmidzinams-lidzeklis-matu-atsketinasanai-250-ml\/"},"modified":"2025-05-24T13:37:03","modified_gmt":"2025-05-24T10:37:03","slug":"izsmidzinams-lidzeklis-matu-atsketinasanai-250-ml","status":"publish","type":"product","link":"https:\/\/www.elevenaustralia.ee\/lv\/izsmidzinams-lidzeklis-matu-atsketinasanai-250-ml\/","title":{"rendered":"DETANGLE MY HAIR LEAVE IN SPRAY (200ml)"},"content":{"rendered":"<p><strong>IZMANTO\u0160ANA: <\/strong>Izsmidzin\u0101t uz sausiem matiem un iz\u0137emm\u0113t.<\/p>\n<p><strong>SAST\u0100VDA\u013bAS<\/strong>:<\/p>\n<p>Water (Aqua) (Eau), Propylene Glycol, Pyrus Communis (Pear) Fruit Extract, Rosmarinus Officinalis (Rosemary) Leaf Extract, Tussilago Farfara (Coltsfoot) Leaf Extract, Urtica Dioica (Nettle) Extract, Hypericum Perforatum (St. John&#8217;s Wort) Flower\/Leaf Extract, Betula Alba (Birch) Leaf Extract, Achillea Millefolium (Yarrow) Extract, Thymus Serpyllum Extract, Equisetum Arvense Extract, Salvia Japonica Extract, Glycerin, Hydrolyzed Quinoa, Sorbitol, Polyquaternium-22, PEG-40 Hydrogenated Castor Oil, Trideceth-12, Cetrimonium Chloride, 1,2-Hexanediol, Amodimethicone, Tetrasodium EDTA, Phenoxyethanol, Ethylhexylglycerin, Potassium Sorbate, Sodium Benzoate, Chlorphenesin, Citric Acid, Fragrance (Parfum), Benzyl Alcohol<\/p>\n","protected":false},"excerpt":{"rendered":"<p>Viegls un efekt\u012bvs matu kop\u0161anas produkts. Satur daudz antioksidantu. Baro, padara matus sp\u012bd\u012bgus un vesel\u012bgus. Pela\u0161\u0137a zieda, stumbra un lapu ekstrakts Aizarg\u0101 no blaugznu veido\u0161an\u0101s, galvas \u0101das diskomforta un kairin\u0101juma, pasarg\u0101 no p\u0101rm\u0113r\u012bgas matu tauko\u0161an\u0101s.<\/p>\n<p>&nbsp;<\/p>\n","protected":false},"featured_media":3654,"comment_status":"open","ping_status":"closed","template":"","meta":{"ocean_post_layout":"","ocean_both_sidebars_style":"","ocean_both_sidebars_content_width":0,"ocean_both_sidebars_sidebars_width":0,"ocean_sidebar":"0","ocean_second_sidebar":"0","ocean_disable_margins":"enable","ocean_add_body_class":"","ocean_shortcode_before_top_bar":"","ocean_shortcode_after_top_bar":"","ocean_shortcode_before_header":"","ocean_shortcode_after_header":"","ocean_has_shortcode":"","ocean_shortcode_after_title":"","ocean_shortcode_before_footer_widgets":"","ocean_shortcode_after_footer_widgets":"","ocean_shortcode_before_footer_bottom":"","ocean_shortcode_after_footer_bottom":"","ocean_display_top_bar":"default","ocean_display_header":"default","ocean_header_style":"","ocean_center_header_left_menu":"0","ocean_custom_header_template":"0","ocean_custom_logo":0,"ocean_custom_retina_logo":0,"ocean_custom_logo_max_width":0,"ocean_custom_logo_tablet_max_width":0,"ocean_custom_logo_mobile_max_width":0,"ocean_custom_logo_max_height":0,"ocean_custom_logo_tablet_max_height":0,"ocean_custom_logo_mobile_max_height":0,"ocean_header_custom_menu":"0","ocean_menu_typo_font_family":"0","ocean_menu_typo_font_subset":"","ocean_menu_typo_font_size":0,"ocean_menu_typo_font_size_tablet":0,"ocean_menu_typo_font_size_mobile":0,"ocean_menu_typo_font_size_unit":"px","ocean_menu_typo_font_weight":"","ocean_menu_typo_font_weight_tablet":"","ocean_menu_typo_font_weight_mobile":"","ocean_menu_typo_transform":"","ocean_menu_typo_transform_tablet":"","ocean_menu_typo_transform_mobile":"","ocean_menu_typo_line_height":0,"ocean_menu_typo_line_height_tablet":0,"ocean_menu_typo_line_height_mobile":0,"ocean_menu_typo_line_height_unit":"","ocean_menu_typo_spacing":0,"ocean_menu_typo_spacing_tablet":0,"ocean_menu_typo_spacing_mobile":0,"ocean_menu_typo_spacing_unit":"","ocean_menu_link_color":"","ocean_menu_link_color_hover":"","ocean_menu_link_color_active":"","ocean_menu_link_background":"","ocean_menu_link_hover_background":"","ocean_menu_link_active_background":"","ocean_menu_social_links_bg":"","ocean_menu_social_hover_links_bg":"","ocean_menu_social_links_color":"","ocean_menu_social_hover_links_color":"","ocean_disable_title":"default","ocean_disable_heading":"default","ocean_post_title":"","ocean_post_subheading":"","ocean_post_title_style":"","ocean_post_title_background_color":"","ocean_post_title_background":0,"ocean_post_title_bg_image_position":"","ocean_post_title_bg_image_attachment":"","ocean_post_title_bg_image_repeat":"","ocean_post_title_bg_image_size":"","ocean_post_title_height":0,"ocean_post_title_bg_overlay":0.5,"ocean_post_title_bg_overlay_color":"","ocean_disable_breadcrumbs":"default","ocean_breadcrumbs_color":"","ocean_breadcrumbs_separator_color":"","ocean_breadcrumbs_links_color":"","ocean_breadcrumbs_links_hover_color":"","ocean_display_footer_widgets":"default","ocean_display_footer_bottom":"default","ocean_custom_footer_template":"0"},"product_brand":[],"product_cat":[118,198,120,119,197,126,127],"product_tag":[194,199,213],"class_list":{"0":"post-1098","1":"product","2":"type-product","3":"status-publish","4":"has-post-thumbnail","6":"product_cat-bezglutena-produkti","7":"product_cat-cirtainiem-matiem","8":"product_cat-kondicioneri","9":"product_cat-kopsanas-lidzekli","10":"product_cat-mitrinasanai","11":"product_cat-veganiskie-produkti","12":"product_cat-veidosanas-lidzekli","13":"product_tag-aerosols","14":"product_tag-kondicionieris","15":"product_tag-kondicionieris-lv-2","17":"entry","18":"has-media","20":"first","21":"instock","22":"taxable","23":"shipping-taxable","24":"purchasable","25":"product-type-simple","26":"col","27":"span_1_of_4","28":"owp-content-center","29":"owp-thumbs-layout-horizontal","30":"owp-btn-normal","31":"owp-tabs-layout-section","32":"has-no-thumbnails"},"_links":{"self":[{"href":"https:\/\/www.elevenaustralia.ee\/lv\/wp-json\/wp\/v2\/product\/1098","targetHints":{"allow":["GET"]}}],"collection":[{"href":"https:\/\/www.elevenaustralia.ee\/lv\/wp-json\/wp\/v2\/product"}],"about":[{"href":"https:\/\/www.elevenaustralia.ee\/lv\/wp-json\/wp\/v2\/types\/product"}],"replies":[{"embeddable":true,"href":"https:\/\/www.elevenaustralia.ee\/lv\/wp-json\/wp\/v2\/comments?post=1098"}],"wp:featuredmedia":[{"embeddable":true,"href":"https:\/\/www.elevenaustralia.ee\/lv\/wp-json\/wp\/v2\/media\/3654"}],"wp:attachment":[{"href":"https:\/\/www.elevenaustralia.ee\/lv\/wp-json\/wp\/v2\/media?parent=1098"}],"wp:term":[{"taxonomy":"product_brand","embeddable":true,"href":"https:\/\/www.elevenaustralia.ee\/lv\/wp-json\/wp\/v2\/product_brand?post=1098"},{"taxonomy":"product_cat","embeddable":true,"href":"https:\/\/www.elevenaustralia.ee\/lv\/wp-json\/wp\/v2\/product_cat?post=1098"},{"taxonomy":"product_tag","embeddable":true,"href":"https:\/\/www.elevenaustralia.ee\/lv\/wp-json\/wp\/v2\/product_tag?post=1098"}],"curies":[{"name":"wp","href":"https:\/\/api.w.org\/{rel}","templated":true}]}}