{"id":1107,"date":"2020-11-15T20:48:49","date_gmt":"2020-11-15T18:48:49","guid":{"rendered":"https:\/\/www.elevenaustralia.ee\/toode\/specigas-fiksacijas-veidosanas-pasta\/"},"modified":"2024-11-09T23:53:40","modified_gmt":"2024-11-09T21:53:40","slug":"specigas-fiksacijas-veidosanas-pasta","status":"publish","type":"product","link":"https:\/\/www.elevenaustralia.ee\/lv\/specigas-fiksacijas-veidosanas-pasta\/","title":{"rendered":"STRONG HOLD STYLING PASTE (85g)"},"content":{"rendered":"<p><strong>IZMANTO\u0160ANA<\/strong>: sar\u012bv\u0113t produktu plaukst\u0101s l\u012bdz par\u0101d\u0101s siltums, uzkl\u0101t uz viegli mitriem vai sausiem matiem, lai pie\u0161\u0137irtu matu sak\u0101rtojumam tekst\u016bru.<\/p>\n<p><strong>SAST\u0100VDA\u013bAS<\/strong>:<\/p>\n<p>Water (Aqua) (Eau), Lanolin Wax (Lanolin Cera) (Cire de lanoline), Beeswax (Cera Alba) (Cire d&#8217;abeille), Cetearyl Alcohol, Cetearyl Stearate, PEG-8 Beeswax, Oleth-5, Glycerin, Microcrystalline Wax (Cera Microcrystallina) (Cire microcristalline), Propylene Glycol, PVP, Oleth-30, Ricinus Communis (Castor) Seed Oil, Octyldodecanol, Acrylates\/C10-30 Alkyl Acrylate Crosspolymer, Dimethicone, Phenoxyethanol, Sodium Benzoate, Citric Acid, Triethanolamine, Fragrance (Parfum), Benzyl Alcohol, Coumarin, Caramel, Yellow 5 (CI 19140)<\/p>\n<p>&nbsp;<\/p>\n","protected":false},"excerpt":{"rendered":"<p>STRONG HOLD STYLING veido\u0161anas past\u0101 apvienotas vieglas sast\u0101vda\u013cas lieliskai fiks\u0101cijai. Pateicoties bi\u0161u vaskam, r\u012bcine\u013c\u013cai un PVP produkta sast\u0101v\u0101, tas nodro\u0161ina labu fiks\u0101ciju un pie\u0161\u0137ir matiem sa\u0137eri. Lielisks produkts, lai pie\u0161\u0137irtu matu sak\u0101rtojumam tekst\u016bru, k\u0101 ar\u012b \u012bsu matu \u012bpa\u0161niekiem.<\/p>\n","protected":false},"featured_media":5215,"comment_status":"open","ping_status":"closed","template":"","meta":{"ocean_post_layout":"","ocean_both_sidebars_style":"","ocean_both_sidebars_content_width":0,"ocean_both_sidebars_sidebars_width":0,"ocean_sidebar":"0","ocean_second_sidebar":"0","ocean_disable_margins":"enable","ocean_add_body_class":"","ocean_shortcode_before_top_bar":"","ocean_shortcode_after_top_bar":"","ocean_shortcode_before_header":"","ocean_shortcode_after_header":"","ocean_has_shortcode":"","ocean_shortcode_after_title":"","ocean_shortcode_before_footer_widgets":"","ocean_shortcode_after_footer_widgets":"","ocean_shortcode_before_footer_bottom":"","ocean_shortcode_after_footer_bottom":"","ocean_display_top_bar":"default","ocean_display_header":"default","ocean_header_style":"","ocean_center_header_left_menu":"0","ocean_custom_header_template":"0","ocean_custom_logo":0,"ocean_custom_retina_logo":0,"ocean_custom_logo_max_width":0,"ocean_custom_logo_tablet_max_width":0,"ocean_custom_logo_mobile_max_width":0,"ocean_custom_logo_max_height":0,"ocean_custom_logo_tablet_max_height":0,"ocean_custom_logo_mobile_max_height":0,"ocean_header_custom_menu":"0","ocean_menu_typo_font_family":"0","ocean_menu_typo_font_subset":"","ocean_menu_typo_font_size":0,"ocean_menu_typo_font_size_tablet":0,"ocean_menu_typo_font_size_mobile":0,"ocean_menu_typo_font_size_unit":"px","ocean_menu_typo_font_weight":"","ocean_menu_typo_font_weight_tablet":"","ocean_menu_typo_font_weight_mobile":"","ocean_menu_typo_transform":"","ocean_menu_typo_transform_tablet":"","ocean_menu_typo_transform_mobile":"","ocean_menu_typo_line_height":0,"ocean_menu_typo_line_height_tablet":0,"ocean_menu_typo_line_height_mobile":0,"ocean_menu_typo_line_height_unit":"","ocean_menu_typo_spacing":0,"ocean_menu_typo_spacing_tablet":0,"ocean_menu_typo_spacing_mobile":0,"ocean_menu_typo_spacing_unit":"","ocean_menu_link_color":"","ocean_menu_link_color_hover":"","ocean_menu_link_color_active":"","ocean_menu_link_background":"","ocean_menu_link_hover_background":"","ocean_menu_link_active_background":"","ocean_menu_social_links_bg":"","ocean_menu_social_hover_links_bg":"","ocean_menu_social_links_color":"","ocean_menu_social_hover_links_color":"","ocean_disable_title":"default","ocean_disable_heading":"default","ocean_post_title":"","ocean_post_subheading":"","ocean_post_title_style":"","ocean_post_title_background_color":"","ocean_post_title_background":0,"ocean_post_title_bg_image_position":"","ocean_post_title_bg_image_attachment":"","ocean_post_title_bg_image_repeat":"","ocean_post_title_bg_image_size":"","ocean_post_title_height":0,"ocean_post_title_bg_overlay":0.5,"ocean_post_title_bg_overlay_color":"","ocean_disable_breadcrumbs":"default","ocean_breadcrumbs_color":"","ocean_breadcrumbs_separator_color":"","ocean_breadcrumbs_links_color":"","ocean_breadcrumbs_links_hover_color":"","ocean_display_footer_widgets":"default","ocean_display_footer_bottom":"default","ocean_custom_footer_template":"0"},"product_brand":[],"product_cat":[118,127,170],"product_tag":[188,185],"class_list":{"0":"post-1107","1":"product","2":"type-product","3":"status-publish","4":"has-post-thumbnail","6":"product_cat-bezglutena-produkti","7":"product_cat-veidosanas-lidzekli","8":"product_cat-viriesiem","9":"product_tag-modelesanas-pasta","10":"product_tag-stiprs","12":"entry","13":"has-media","15":"first","16":"instock","17":"taxable","18":"shipping-taxable","19":"purchasable","20":"product-type-simple","21":"col","22":"span_1_of_4","23":"owp-content-center","24":"owp-thumbs-layout-horizontal","25":"owp-btn-normal","26":"owp-tabs-layout-section"},"_links":{"self":[{"href":"https:\/\/www.elevenaustralia.ee\/lv\/wp-json\/wp\/v2\/product\/1107","targetHints":{"allow":["GET"]}}],"collection":[{"href":"https:\/\/www.elevenaustralia.ee\/lv\/wp-json\/wp\/v2\/product"}],"about":[{"href":"https:\/\/www.elevenaustralia.ee\/lv\/wp-json\/wp\/v2\/types\/product"}],"replies":[{"embeddable":true,"href":"https:\/\/www.elevenaustralia.ee\/lv\/wp-json\/wp\/v2\/comments?post=1107"}],"wp:featuredmedia":[{"embeddable":true,"href":"https:\/\/www.elevenaustralia.ee\/lv\/wp-json\/wp\/v2\/media\/5215"}],"wp:attachment":[{"href":"https:\/\/www.elevenaustralia.ee\/lv\/wp-json\/wp\/v2\/media?parent=1107"}],"wp:term":[{"taxonomy":"product_brand","embeddable":true,"href":"https:\/\/www.elevenaustralia.ee\/lv\/wp-json\/wp\/v2\/product_brand?post=1107"},{"taxonomy":"product_cat","embeddable":true,"href":"https:\/\/www.elevenaustralia.ee\/lv\/wp-json\/wp\/v2\/product_cat?post=1107"},{"taxonomy":"product_tag","embeddable":true,"href":"https:\/\/www.elevenaustralia.ee\/lv\/wp-json\/wp\/v2\/product_tag?post=1107"}],"curies":[{"name":"wp","href":"https:\/\/api.w.org\/{rel}","templated":true}]}}