{"id":1112,"date":"2020-11-14T17:47:51","date_gmt":"2020-11-14T15:47:51","guid":{"rendered":"https:\/\/www.elevenaustralia.ee\/toode\/mitrinosais-sampuns-300-ml\/"},"modified":"2025-05-28T09:05:50","modified_gmt":"2025-05-28T06:05:50","slug":"mitrinoss-sampuns-300-ml","status":"publish","type":"product","link":"https:\/\/www.elevenaustralia.ee\/lv\/mitrinoss-sampuns-300-ml\/","title":{"rendered":"HYDRATE MY HAIR MOISTURE SHAMPOO (300ml)"},"content":{"rendered":"<p><strong>IZMANTO\u0160ANA: \u00a0<\/strong>Ieziest mitros matos un uzputot. Izskalot. Ja nepiecie\u0161ams, atk\u0101rtot.<\/p>\n<p><strong>SAST\u0100VDA\u013bAS<\/strong>:<\/p>\n<p>Water (Aqua) (Eau), Cocamidopropyl Betaine, Sodium C14-16 Olefin Sulfonate, Sodium Cocoyl Isethionate, Glycerin, Cucumis Sativus (Cucumber) Fruit Extract, Hydrolyzed Wheat Protein, Hydrolyzed Soy Protein, Hydrolyzed Corn Protein, Hydrolyzed Quinoa, Allantoin, Hydrolyzed Wheat Starch, Guar Hydroxypropyltrimonium Chloride, Cetearyl Alcohol, Acrylates Copolymer, Acrylamidopropyltrimonium Chloride\/Acrylamide Copolymer, PPG-28-Buteth-35, PEG-150 Distearate, Glyceryl Laurate, Glycol Distearate, Sodium Isostearoyl Lactate, C12-15 Pareth-3, Propylene Glycol, Aminopropyl Dimethicone, Dimethicone, Tetrasodium EDTA, Phenoxyethanol, Potassium Sorbate, Sodium Benzoate, Sodium Salicylate, Citric Acid, Fragrance (Parfum), Linalool, Benzyl Alcohol<\/p>\n","protected":false},"excerpt":{"rendered":"<p>Mitrino\u0161ais \u0161amp\u016bns norm\u0101liem un sausiem matiem, ir piem\u0113rots ar\u012b kr\u0101sotiem matiem. Tas aizsarg\u0101 no nelabv\u0113l\u012bgiem laikapst\u0101k\u013ciem &#8211; saule, sp\u0113c\u012bgs v\u0113j\u0161 un sals. \u0160ie \u0101r\u0113j\u0101s vides faktori var negat\u012bvi ietekm\u0113t j\u016bsu matus, padarot tos sausus un trauslus. Kvie\u0161u un kvie\u0161u cietes hidroliz\u0113tie prote\u012bni mitrina un baro matus gan karstum\u0101, gan aukstum\u0101. Ide\u0101li piem\u0113rots \u0161amp\u016bns jebkuriem laika apst\u0101k\u013ciem.<\/p>\n","protected":false},"featured_media":3028,"comment_status":"open","ping_status":"closed","template":"","meta":{"ocean_post_layout":"","ocean_both_sidebars_style":"","ocean_both_sidebars_content_width":0,"ocean_both_sidebars_sidebars_width":0,"ocean_sidebar":"0","ocean_second_sidebar":"0","ocean_disable_margins":"enable","ocean_add_body_class":"","ocean_shortcode_before_top_bar":"","ocean_shortcode_after_top_bar":"","ocean_shortcode_before_header":"","ocean_shortcode_after_header":"","ocean_has_shortcode":"","ocean_shortcode_after_title":"","ocean_shortcode_before_footer_widgets":"","ocean_shortcode_after_footer_widgets":"","ocean_shortcode_before_footer_bottom":"","ocean_shortcode_after_footer_bottom":"","ocean_display_top_bar":"default","ocean_display_header":"default","ocean_header_style":"","ocean_center_header_left_menu":"0","ocean_custom_header_template":"0","ocean_custom_logo":0,"ocean_custom_retina_logo":0,"ocean_custom_logo_max_width":0,"ocean_custom_logo_tablet_max_width":0,"ocean_custom_logo_mobile_max_width":0,"ocean_custom_logo_max_height":0,"ocean_custom_logo_tablet_max_height":0,"ocean_custom_logo_mobile_max_height":0,"ocean_header_custom_menu":"0","ocean_menu_typo_font_family":"0","ocean_menu_typo_font_subset":"","ocean_menu_typo_font_size":0,"ocean_menu_typo_font_size_tablet":0,"ocean_menu_typo_font_size_mobile":0,"ocean_menu_typo_font_size_unit":"px","ocean_menu_typo_font_weight":"","ocean_menu_typo_font_weight_tablet":"","ocean_menu_typo_font_weight_mobile":"","ocean_menu_typo_transform":"","ocean_menu_typo_transform_tablet":"","ocean_menu_typo_transform_mobile":"","ocean_menu_typo_line_height":0,"ocean_menu_typo_line_height_tablet":0,"ocean_menu_typo_line_height_mobile":0,"ocean_menu_typo_line_height_unit":"","ocean_menu_typo_spacing":0,"ocean_menu_typo_spacing_tablet":0,"ocean_menu_typo_spacing_mobile":0,"ocean_menu_typo_spacing_unit":"","ocean_menu_link_color":"","ocean_menu_link_color_hover":"","ocean_menu_link_color_active":"","ocean_menu_link_background":"","ocean_menu_link_hover_background":"","ocean_menu_link_active_background":"","ocean_menu_social_links_bg":"","ocean_menu_social_hover_links_bg":"","ocean_menu_social_links_color":"","ocean_menu_social_hover_links_color":"","ocean_disable_title":"default","ocean_disable_heading":"default","ocean_post_title":"","ocean_post_subheading":"","ocean_post_title_style":"","ocean_post_title_background_color":"","ocean_post_title_background":0,"ocean_post_title_bg_image_position":"","ocean_post_title_bg_image_attachment":"","ocean_post_title_bg_image_repeat":"","ocean_post_title_bg_image_size":"","ocean_post_title_height":0,"ocean_post_title_bg_overlay":0.5,"ocean_post_title_bg_overlay_color":"","ocean_disable_breadcrumbs":"default","ocean_breadcrumbs_color":"","ocean_breadcrumbs_separator_color":"","ocean_breadcrumbs_links_color":"","ocean_breadcrumbs_links_hover_color":"","ocean_display_footer_widgets":"default","ocean_display_footer_bottom":"default","ocean_custom_footer_template":"0"},"product_brand":[],"product_cat":[197,128,126,170],"product_tag":[],"class_list":{"0":"post-1112","1":"product","2":"type-product","3":"status-publish","4":"has-post-thumbnail","6":"product_cat-mitrinasanai","7":"product_cat-sampuni","8":"product_cat-veganiskie-produkti","9":"product_cat-viriesiem","11":"entry","12":"has-media","14":"first","15":"instock","16":"taxable","17":"shipping-taxable","18":"purchasable","19":"product-type-simple","20":"has-rating","21":"col","22":"span_1_of_4","23":"owp-content-center","24":"owp-thumbs-layout-horizontal","25":"owp-btn-normal","26":"owp-tabs-layout-section"},"_links":{"self":[{"href":"https:\/\/www.elevenaustralia.ee\/lv\/wp-json\/wp\/v2\/product\/1112","targetHints":{"allow":["GET"]}}],"collection":[{"href":"https:\/\/www.elevenaustralia.ee\/lv\/wp-json\/wp\/v2\/product"}],"about":[{"href":"https:\/\/www.elevenaustralia.ee\/lv\/wp-json\/wp\/v2\/types\/product"}],"replies":[{"embeddable":true,"href":"https:\/\/www.elevenaustralia.ee\/lv\/wp-json\/wp\/v2\/comments?post=1112"}],"wp:featuredmedia":[{"embeddable":true,"href":"https:\/\/www.elevenaustralia.ee\/lv\/wp-json\/wp\/v2\/media\/3028"}],"wp:attachment":[{"href":"https:\/\/www.elevenaustralia.ee\/lv\/wp-json\/wp\/v2\/media?parent=1112"}],"wp:term":[{"taxonomy":"product_brand","embeddable":true,"href":"https:\/\/www.elevenaustralia.ee\/lv\/wp-json\/wp\/v2\/product_brand?post=1112"},{"taxonomy":"product_cat","embeddable":true,"href":"https:\/\/www.elevenaustralia.ee\/lv\/wp-json\/wp\/v2\/product_cat?post=1112"},{"taxonomy":"product_tag","embeddable":true,"href":"https:\/\/www.elevenaustralia.ee\/lv\/wp-json\/wp\/v2\/product_tag?post=1112"}],"curies":[{"name":"wp","href":"https:\/\/api.w.org\/{rel}","templated":true}]}}