{"id":1128,"date":"2020-11-19T22:55:18","date_gmt":"2020-11-19T20:55:18","guid":{"rendered":"https:\/\/www.elevenaustralia.ee\/toode\/eleven-australia-apalas-matu-sukas-25mm\/"},"modified":"2024-04-10T08:04:25","modified_gmt":"2024-04-10T05:04:25","slug":"eleven-australia-apala-matu-kemme-25mm","status":"publish","type":"product","link":"https:\/\/www.elevenaustralia.ee\/lv\/eleven-australia-apala-matu-kemme-25mm\/","title":{"rendered":"SMALL ROUND BRUSH, 25mm"},"content":{"rendered":"<div class=\"page\" title=\"Page 53\">\n<div class=\"layoutArea\">\n<div class=\"column\">\n<p><strong>IZME\u0304RS:<\/strong><\/p>\n<div class=\"page\" title=\"Page 53\">\n<div class=\"layoutArea\">\n<div class=\"column\">\n<ul>\n<li>Maza\u0304 suka (25mm) &#8211; lai ieveidotu smalkus\u00a0vi\u013c\u0146us un lokas<\/li>\n<li>Vide\u0304ja\u0304 suka (33mm) &#8211; lai ieveidotu apjomigus vi\u013c\u0146us un lokas<\/li>\n<li>Liela\u0304 suka (43mm) &#8211; lai piedotu apjomu un nogludin\u0101tu mates<\/li>\n<\/ul>\n<div class=\"column\"><\/div>\n<\/div>\n<\/div>\n<\/div>\n<\/div>\n<\/div>\n<\/div>\n<p><strong>POZIT\u012aV\u0100S \u012aPA\u0160\u012aBAS:\u00a0<\/strong><\/p>\n<ul>\n<li>\n<div class=\"page\" title=\"Page 53\">\n<div class=\"layoutArea\">\n<div class=\"column\">\n<div class=\"page\" title=\"Page 53\">\n<div class=\"layoutArea\">\n<div class=\"column\">\n<p>No magnija izgatavota mucin\u0327a- pal\u012bdz sa\u012bsin\u0101t matu \u017e\u0101v\u0113\u0161anas laiku, piem\u012bt antibakteri\u0101las \u012bpa\u0161\u012bbas.<\/p>\n<\/div>\n<\/div>\n<\/div>\n<\/div>\n<\/div>\n<\/div>\n<\/li>\n<li>\n<div class=\"page\" title=\"Page 53\">\n<div class=\"layoutArea\">\n<div class=\"column\">\n<p>60% natura\u0304lo mez\u030cacu\u0304kas sarin\u0327u,\u00a040% neilona sarin\u0327u &#8211; mitrina matus, pal\u012bdz tos ieveidot un nogludin\u0101t.<\/p>\n<\/div>\n<\/div>\n<\/div>\n<\/li>\n<li>\n<div class=\"page\" title=\"Page 53\">\n<div class=\"layoutArea\">\n<div class=\"column\">\n<p>Antistatiskais pa\u0304rkla\u0304jums &#8211; padara matu ieveido\u0161anas procesu \u012bpa\u0161i vieglu un pat\u012bkamu.<\/p>\n<\/div>\n<p>&nbsp;<\/p>\n<\/div>\n<\/div>\n<\/li>\n<\/ul>\n","protected":false},"excerpt":{"rendered":"<p>M\u016bsu profesion\u0101l\u0101s apa\u013c\u0101s keramisk\u0101s sukas atvieglo un pa\u0101trina matu ieveido\u0161anas procesu. Antistatisk\u0101 magnija muci\u0146a ne tikai sa\u012bsina \u017e\u0101v\u0113\u0161anas laiku, bet ar\u012b saglab\u0101 to t\u012br\u012bbu, pateicoties magnija antibakteri\u0101laj\u0101m \u012bpa\u0161\u012bb\u0101m. Dab\u012bgo un neilona sari\u0146u kombin\u0101cija atvieglo \u017e\u0101v\u0113\u0161anas procesu, nogludina matus.<\/p>\n","protected":false},"featured_media":442,"comment_status":"closed","ping_status":"closed","template":"","meta":{"ocean_post_layout":"","ocean_both_sidebars_style":"","ocean_both_sidebars_content_width":0,"ocean_both_sidebars_sidebars_width":0,"ocean_sidebar":"0","ocean_second_sidebar":"0","ocean_disable_margins":"enable","ocean_add_body_class":"","ocean_shortcode_before_top_bar":"","ocean_shortcode_after_top_bar":"","ocean_shortcode_before_header":"","ocean_shortcode_after_header":"","ocean_has_shortcode":"","ocean_shortcode_after_title":"","ocean_shortcode_before_footer_widgets":"","ocean_shortcode_after_footer_widgets":"","ocean_shortcode_before_footer_bottom":"","ocean_shortcode_after_footer_bottom":"","ocean_display_top_bar":"default","ocean_display_header":"default","ocean_header_style":"","ocean_center_header_left_menu":"0","ocean_custom_header_template":"0","ocean_custom_logo":0,"ocean_custom_retina_logo":0,"ocean_custom_logo_max_width":0,"ocean_custom_logo_tablet_max_width":0,"ocean_custom_logo_mobile_max_width":0,"ocean_custom_logo_max_height":0,"ocean_custom_logo_tablet_max_height":0,"ocean_custom_logo_mobile_max_height":0,"ocean_header_custom_menu":"0","ocean_menu_typo_font_family":"0","ocean_menu_typo_font_subset":"","ocean_menu_typo_font_size":0,"ocean_menu_typo_font_size_tablet":0,"ocean_menu_typo_font_size_mobile":0,"ocean_menu_typo_font_size_unit":"px","ocean_menu_typo_font_weight":"","ocean_menu_typo_font_weight_tablet":"","ocean_menu_typo_font_weight_mobile":"","ocean_menu_typo_transform":"","ocean_menu_typo_transform_tablet":"","ocean_menu_typo_transform_mobile":"","ocean_menu_typo_line_height":0,"ocean_menu_typo_line_height_tablet":0,"ocean_menu_typo_line_height_mobile":0,"ocean_menu_typo_line_height_unit":"","ocean_menu_typo_spacing":0,"ocean_menu_typo_spacing_tablet":0,"ocean_menu_typo_spacing_mobile":0,"ocean_menu_typo_spacing_unit":"","ocean_menu_link_color":"","ocean_menu_link_color_hover":"","ocean_menu_link_color_active":"","ocean_menu_link_background":"","ocean_menu_link_hover_background":"","ocean_menu_link_active_background":"","ocean_menu_social_links_bg":"","ocean_menu_social_hover_links_bg":"","ocean_menu_social_links_color":"","ocean_menu_social_hover_links_color":"","ocean_disable_title":"default","ocean_disable_heading":"default","ocean_post_title":"","ocean_post_subheading":"","ocean_post_title_style":"","ocean_post_title_background_color":"","ocean_post_title_background":0,"ocean_post_title_bg_image_position":"","ocean_post_title_bg_image_attachment":"","ocean_post_title_bg_image_repeat":"","ocean_post_title_bg_image_size":"","ocean_post_title_height":0,"ocean_post_title_bg_overlay":0.5,"ocean_post_title_bg_overlay_color":"","ocean_disable_breadcrumbs":"default","ocean_breadcrumbs_color":"","ocean_breadcrumbs_separator_color":"","ocean_breadcrumbs_links_color":"","ocean_breadcrumbs_links_hover_color":"","ocean_display_footer_widgets":"default","ocean_display_footer_bottom":"default","ocean_custom_footer_template":"0"},"product_brand":[],"product_cat":[121],"product_tag":[242,241],"class_list":{"0":"post-1128","1":"product","2":"type-product","3":"status-publish","4":"has-post-thumbnail","6":"product_cat-sukas-un-kemmes","7":"product_tag-matu-sukas","8":"product_tag-rullisu-suka","10":"entry","11":"has-media","13":"first","14":"instock","15":"taxable","16":"shipping-taxable","17":"purchasable","18":"product-type-simple","19":"col","20":"span_1_of_4","21":"owp-content-center","22":"owp-thumbs-layout-horizontal","23":"owp-btn-normal","24":"owp-tabs-layout-section"},"_links":{"self":[{"href":"https:\/\/www.elevenaustralia.ee\/lv\/wp-json\/wp\/v2\/product\/1128","targetHints":{"allow":["GET"]}}],"collection":[{"href":"https:\/\/www.elevenaustralia.ee\/lv\/wp-json\/wp\/v2\/product"}],"about":[{"href":"https:\/\/www.elevenaustralia.ee\/lv\/wp-json\/wp\/v2\/types\/product"}],"replies":[{"embeddable":true,"href":"https:\/\/www.elevenaustralia.ee\/lv\/wp-json\/wp\/v2\/comments?post=1128"}],"wp:featuredmedia":[{"embeddable":true,"href":"https:\/\/www.elevenaustralia.ee\/lv\/wp-json\/wp\/v2\/media\/442"}],"wp:attachment":[{"href":"https:\/\/www.elevenaustralia.ee\/lv\/wp-json\/wp\/v2\/media?parent=1128"}],"wp:term":[{"taxonomy":"product_brand","embeddable":true,"href":"https:\/\/www.elevenaustralia.ee\/lv\/wp-json\/wp\/v2\/product_brand?post=1128"},{"taxonomy":"product_cat","embeddable":true,"href":"https:\/\/www.elevenaustralia.ee\/lv\/wp-json\/wp\/v2\/product_cat?post=1128"},{"taxonomy":"product_tag","embeddable":true,"href":"https:\/\/www.elevenaustralia.ee\/lv\/wp-json\/wp\/v2\/product_tag?post=1128"}],"curies":[{"name":"wp","href":"https:\/\/api.w.org\/{rel}","templated":true}]}}