{"id":1129,"date":"2020-11-19T22:51:00","date_gmt":"2020-11-19T20:51:00","guid":{"rendered":"https:\/\/www.elevenaustralia.ee\/toode\/apalas-matu-sukas-33mm\/"},"modified":"2024-04-10T08:05:57","modified_gmt":"2024-04-10T05:05:57","slug":"apalas-matu-kemme-33mm","status":"publish","type":"product","link":"https:\/\/www.elevenaustralia.ee\/lv\/apalas-matu-kemme-33mm\/","title":{"rendered":"MEDIUM ROUND BRUSH, 33mm"},"content":{"rendered":"<p><b>IZME\u0304RS:<\/b><\/p>\n<ul>\n<li>Maza\u0304 suka (25mm) &#8211; lai ieveidotu smalkus\u00a0vi\u013c\u0146us un lokas<\/li>\n<li>Vide\u0304ja\u0304 suka (33mm) &#8211; lai ieveidotu apjomigus vi\u013c\u0146us un lokas<\/li>\n<li>Liela\u0304 suka (43mm) &#8211; lai piedotu apjomu un nogludin\u0101tu mates<\/li>\n<\/ul>\n<p>&nbsp;<\/p>\n<p><b>POZIT\u012aV\u0100S \u012aPA\u0160\u012aBAS:\u00a0<\/b><\/p>\n<ul>\n<li>No magnija izgatavota mucin\u0327a- pal\u012bdz sa\u012bsin\u0101t matu \u017e\u0101v\u0113\u0161anas laiku, piem\u012bt antibakteri\u0101las \u012bpa\u0161\u012bbas.<\/li>\n<li>60% natura\u0304lo me\u017eacu\u0304kas sarin\u0327u,\u00a040% neilona sarin\u0327u &#8211; mitrina matus, pal\u012bdz tos ieveidot un nogludin\u0101t.<\/li>\n<li>Antistatiskais pa\u0304rkla\u0304jums &#8211; padara matu ieveido\u0161anas procesu \u012bpa\u0161i vieglu un pat\u012bkamu.<\/li>\n<\/ul>\n","protected":false},"excerpt":{"rendered":"<div class=\"page\" title=\"Page 53\">\n<div class=\"layoutArea\">\n<div class=\"column\">\n<p>Mu\u0304su profesiona\u0304la\u0304s apal\u0327a\u0304s keramiska\u0304s k\u0327emmes atvieglo un paa\u0304trina matu ieveidos\u030canas procesu. Antistatiska\u0304 magnija mucin\u0327a ne tikai sai\u0304sina z\u030ca\u0304ve\u0304s\u030canas laiku, bet ari\u0304 saglaba\u0304 to ti\u0304ri\u0304bu, pateicoties magnija antibakteria\u0304laja\u0304m i\u0304pas\u030ci\u0304ba\u0304m. Dabi\u0304go un neilona sarin\u0327u kombina\u0304cija atvieglo z\u030ca\u0304ve\u0304s\u030canas procesu, nogludina matus.<\/p>\n<\/div>\n<\/div>\n<\/div>\n","protected":false},"featured_media":444,"comment_status":"closed","ping_status":"closed","template":"","meta":{"ocean_post_layout":"","ocean_both_sidebars_style":"","ocean_both_sidebars_content_width":0,"ocean_both_sidebars_sidebars_width":0,"ocean_sidebar":"0","ocean_second_sidebar":"0","ocean_disable_margins":"enable","ocean_add_body_class":"","ocean_shortcode_before_top_bar":"","ocean_shortcode_after_top_bar":"","ocean_shortcode_before_header":"","ocean_shortcode_after_header":"","ocean_has_shortcode":"","ocean_shortcode_after_title":"","ocean_shortcode_before_footer_widgets":"","ocean_shortcode_after_footer_widgets":"","ocean_shortcode_before_footer_bottom":"","ocean_shortcode_after_footer_bottom":"","ocean_display_top_bar":"default","ocean_display_header":"default","ocean_header_style":"","ocean_center_header_left_menu":"0","ocean_custom_header_template":"0","ocean_custom_logo":0,"ocean_custom_retina_logo":0,"ocean_custom_logo_max_width":0,"ocean_custom_logo_tablet_max_width":0,"ocean_custom_logo_mobile_max_width":0,"ocean_custom_logo_max_height":0,"ocean_custom_logo_tablet_max_height":0,"ocean_custom_logo_mobile_max_height":0,"ocean_header_custom_menu":"0","ocean_menu_typo_font_family":"0","ocean_menu_typo_font_subset":"","ocean_menu_typo_font_size":0,"ocean_menu_typo_font_size_tablet":0,"ocean_menu_typo_font_size_mobile":0,"ocean_menu_typo_font_size_unit":"px","ocean_menu_typo_font_weight":"","ocean_menu_typo_font_weight_tablet":"","ocean_menu_typo_font_weight_mobile":"","ocean_menu_typo_transform":"","ocean_menu_typo_transform_tablet":"","ocean_menu_typo_transform_mobile":"","ocean_menu_typo_line_height":0,"ocean_menu_typo_line_height_tablet":0,"ocean_menu_typo_line_height_mobile":0,"ocean_menu_typo_line_height_unit":"","ocean_menu_typo_spacing":0,"ocean_menu_typo_spacing_tablet":0,"ocean_menu_typo_spacing_mobile":0,"ocean_menu_typo_spacing_unit":"","ocean_menu_link_color":"","ocean_menu_link_color_hover":"","ocean_menu_link_color_active":"","ocean_menu_link_background":"","ocean_menu_link_hover_background":"","ocean_menu_link_active_background":"","ocean_menu_social_links_bg":"","ocean_menu_social_hover_links_bg":"","ocean_menu_social_links_color":"","ocean_menu_social_hover_links_color":"","ocean_disable_title":"default","ocean_disable_heading":"default","ocean_post_title":"","ocean_post_subheading":"","ocean_post_title_style":"","ocean_post_title_background_color":"","ocean_post_title_background":0,"ocean_post_title_bg_image_position":"","ocean_post_title_bg_image_attachment":"","ocean_post_title_bg_image_repeat":"","ocean_post_title_bg_image_size":"","ocean_post_title_height":0,"ocean_post_title_bg_overlay":0.5,"ocean_post_title_bg_overlay_color":"","ocean_disable_breadcrumbs":"default","ocean_breadcrumbs_color":"","ocean_breadcrumbs_separator_color":"","ocean_breadcrumbs_links_color":"","ocean_breadcrumbs_links_hover_color":"","ocean_display_footer_widgets":"default","ocean_display_footer_bottom":"default","ocean_custom_footer_template":"0"},"product_brand":[],"product_cat":[121],"product_tag":[242,241],"class_list":{"0":"post-1129","1":"product","2":"type-product","3":"status-publish","4":"has-post-thumbnail","6":"product_cat-sukas-un-kemmes","7":"product_tag-matu-sukas","8":"product_tag-rullisu-suka","10":"entry","11":"has-media","13":"first","14":"instock","15":"taxable","16":"shipping-taxable","17":"purchasable","18":"product-type-simple","19":"col","20":"span_1_of_4","21":"owp-content-center","22":"owp-thumbs-layout-horizontal","23":"owp-btn-normal","24":"owp-tabs-layout-section"},"_links":{"self":[{"href":"https:\/\/www.elevenaustralia.ee\/lv\/wp-json\/wp\/v2\/product\/1129","targetHints":{"allow":["GET"]}}],"collection":[{"href":"https:\/\/www.elevenaustralia.ee\/lv\/wp-json\/wp\/v2\/product"}],"about":[{"href":"https:\/\/www.elevenaustralia.ee\/lv\/wp-json\/wp\/v2\/types\/product"}],"replies":[{"embeddable":true,"href":"https:\/\/www.elevenaustralia.ee\/lv\/wp-json\/wp\/v2\/comments?post=1129"}],"wp:featuredmedia":[{"embeddable":true,"href":"https:\/\/www.elevenaustralia.ee\/lv\/wp-json\/wp\/v2\/media\/444"}],"wp:attachment":[{"href":"https:\/\/www.elevenaustralia.ee\/lv\/wp-json\/wp\/v2\/media?parent=1129"}],"wp:term":[{"taxonomy":"product_brand","embeddable":true,"href":"https:\/\/www.elevenaustralia.ee\/lv\/wp-json\/wp\/v2\/product_brand?post=1129"},{"taxonomy":"product_cat","embeddable":true,"href":"https:\/\/www.elevenaustralia.ee\/lv\/wp-json\/wp\/v2\/product_cat?post=1129"},{"taxonomy":"product_tag","embeddable":true,"href":"https:\/\/www.elevenaustralia.ee\/lv\/wp-json\/wp\/v2\/product_tag?post=1129"}],"curies":[{"name":"wp","href":"https:\/\/api.w.org\/{rel}","templated":true}]}}