{"id":1176,"date":"2020-11-14T17:57:41","date_gmt":"2020-11-14T15:57:41","guid":{"rendered":"https:\/\/www.elevenaustralia.ee\/toode\/mitrinosais-kondicionieris-50-ml\/"},"modified":"2025-04-12T13:23:12","modified_gmt":"2025-04-12T10:23:12","slug":"mitrinoss-kondicionieris-50-ml","status":"publish","type":"product","link":"https:\/\/www.elevenaustralia.ee\/lv\/mitrinoss-kondicionieris-50-ml\/","title":{"rendered":"HYDRATE MY HAIR MOISTURE CONDITIONER (50ml)"},"content":{"rendered":"<p><strong>LIETO\u0160ANA<\/strong>: ieziest t\u012bros mitros matos, patur\u0113t 2-3 min\u016btes, izskalot.<\/p>\n<p><strong>SAST\u0100VDA\u013bAS<\/strong>:<\/p>\n<p>Water (Aqua) (Eau), Cetearyl Alcohol, Dimethiconol, Steartrimonium Chloride, Isopropyl Myristate, Persea Gratissima (Avocado) Oil, Hydrolyzed Wheat Protein, Hydrolyzed Soy Protein, Hydrolyzed Corn Protein, Hydrolyzed Wheat Starch, Behentrimonium Chloride, PEG-100 Stearate, Glyceryl Stearate, Hydroxyethylcellulose, Alcohol, Isopropyl Alcohol, Bis-Hydroxy\/Methoxy Amodimethicone, Dimethicone, Tetrasodium EDTA, Phenoxyethanol, Potassium Sorbate, Sodium Benzoate, Sodium Salicylate, Citric Acid, Fragrance (Parfum), Linalool, Benzyl Alcohol<\/p>\n","protected":false},"excerpt":{"rendered":"<p>Supermitrino\u0161s kondicionieris, piem\u0113rots ar\u012b kr\u0101sotiem matiem, aizsarg\u0101 no nelabv\u0113l\u012bgiem laika apst\u0101k\u013ciem. Saule, stiprs v\u0113j\u0161 un aukstais ziemas laiks var nelabv\u0113l\u012bgi ietekm\u0113t j\u016bsu matu st\u0101vokli, izraisot to sausumu un l\u016b\u0161anu. Avokado e\u013c\u013ca, kvie\u0161u un kvie\u0161u cietes hidroliz\u0113tie prote\u012bni mitrina un baro matus gan karstum\u0101, gan aukstum\u0101. Ide\u0101ls mitrino\u0161ais kondicionieris jebkuriem klimata apst\u0101k\u013ciem.<\/p>\n","protected":false},"featured_media":3109,"comment_status":"open","ping_status":"closed","template":"","meta":{"ocean_post_layout":"","ocean_both_sidebars_style":"","ocean_both_sidebars_content_width":0,"ocean_both_sidebars_sidebars_width":0,"ocean_sidebar":"0","ocean_second_sidebar":"0","ocean_disable_margins":"enable","ocean_add_body_class":"","ocean_shortcode_before_top_bar":"","ocean_shortcode_after_top_bar":"","ocean_shortcode_before_header":"","ocean_shortcode_after_header":"","ocean_has_shortcode":"","ocean_shortcode_after_title":"","ocean_shortcode_before_footer_widgets":"","ocean_shortcode_after_footer_widgets":"","ocean_shortcode_before_footer_bottom":"","ocean_shortcode_after_footer_bottom":"","ocean_display_top_bar":"default","ocean_display_header":"default","ocean_header_style":"","ocean_center_header_left_menu":"0","ocean_custom_header_template":"0","ocean_custom_logo":0,"ocean_custom_retina_logo":0,"ocean_custom_logo_max_width":0,"ocean_custom_logo_tablet_max_width":0,"ocean_custom_logo_mobile_max_width":0,"ocean_custom_logo_max_height":0,"ocean_custom_logo_tablet_max_height":0,"ocean_custom_logo_mobile_max_height":0,"ocean_header_custom_menu":"0","ocean_menu_typo_font_family":"0","ocean_menu_typo_font_subset":"","ocean_menu_typo_font_size":0,"ocean_menu_typo_font_size_tablet":0,"ocean_menu_typo_font_size_mobile":0,"ocean_menu_typo_font_size_unit":"px","ocean_menu_typo_font_weight":"","ocean_menu_typo_font_weight_tablet":"","ocean_menu_typo_font_weight_mobile":"","ocean_menu_typo_transform":"","ocean_menu_typo_transform_tablet":"","ocean_menu_typo_transform_mobile":"","ocean_menu_typo_line_height":0,"ocean_menu_typo_line_height_tablet":0,"ocean_menu_typo_line_height_mobile":0,"ocean_menu_typo_line_height_unit":"","ocean_menu_typo_spacing":0,"ocean_menu_typo_spacing_tablet":0,"ocean_menu_typo_spacing_mobile":0,"ocean_menu_typo_spacing_unit":"","ocean_menu_link_color":"","ocean_menu_link_color_hover":"","ocean_menu_link_color_active":"","ocean_menu_link_background":"","ocean_menu_link_hover_background":"","ocean_menu_link_active_background":"","ocean_menu_social_links_bg":"","ocean_menu_social_hover_links_bg":"","ocean_menu_social_links_color":"","ocean_menu_social_hover_links_color":"","ocean_disable_title":"default","ocean_disable_heading":"default","ocean_post_title":"","ocean_post_subheading":"","ocean_post_title_style":"","ocean_post_title_background_color":"","ocean_post_title_background":0,"ocean_post_title_bg_image_position":"","ocean_post_title_bg_image_attachment":"","ocean_post_title_bg_image_repeat":"","ocean_post_title_bg_image_size":"","ocean_post_title_height":0,"ocean_post_title_bg_overlay":0.5,"ocean_post_title_bg_overlay_color":"","ocean_disable_breadcrumbs":"default","ocean_breadcrumbs_color":"","ocean_breadcrumbs_separator_color":"","ocean_breadcrumbs_links_color":"","ocean_breadcrumbs_links_hover_color":"","ocean_display_footer_widgets":"default","ocean_display_footer_bottom":"default","ocean_custom_footer_template":"0"},"product_brand":[],"product_cat":[120,124,197,126,170],"product_tag":[199,200,177],"class_list":{"0":"post-1176","1":"product","2":"type-product","3":"status-publish","4":"has-post-thumbnail","6":"product_cat-kondicioneri","7":"product_cat-miniprodukti","8":"product_cat-mitrinasanai","9":"product_cat-veganiskie-produkti","10":"product_cat-viriesiem","11":"product_tag-kondicionieris","12":"product_tag-kondicionieris-lv","13":"product_tag-mitrinoss","15":"entry","16":"has-media","18":"first","19":"outofstock","20":"taxable","21":"shipping-taxable","22":"purchasable","23":"product-type-simple","24":"col","25":"span_1_of_4","26":"owp-content-center","27":"owp-thumbs-layout-horizontal","28":"owp-btn-normal","29":"owp-tabs-layout-section"},"_links":{"self":[{"href":"https:\/\/www.elevenaustralia.ee\/lv\/wp-json\/wp\/v2\/product\/1176","targetHints":{"allow":["GET"]}}],"collection":[{"href":"https:\/\/www.elevenaustralia.ee\/lv\/wp-json\/wp\/v2\/product"}],"about":[{"href":"https:\/\/www.elevenaustralia.ee\/lv\/wp-json\/wp\/v2\/types\/product"}],"replies":[{"embeddable":true,"href":"https:\/\/www.elevenaustralia.ee\/lv\/wp-json\/wp\/v2\/comments?post=1176"}],"wp:featuredmedia":[{"embeddable":true,"href":"https:\/\/www.elevenaustralia.ee\/lv\/wp-json\/wp\/v2\/media\/3109"}],"wp:attachment":[{"href":"https:\/\/www.elevenaustralia.ee\/lv\/wp-json\/wp\/v2\/media?parent=1176"}],"wp:term":[{"taxonomy":"product_brand","embeddable":true,"href":"https:\/\/www.elevenaustralia.ee\/lv\/wp-json\/wp\/v2\/product_brand?post=1176"},{"taxonomy":"product_cat","embeddable":true,"href":"https:\/\/www.elevenaustralia.ee\/lv\/wp-json\/wp\/v2\/product_cat?post=1176"},{"taxonomy":"product_tag","embeddable":true,"href":"https:\/\/www.elevenaustralia.ee\/lv\/wp-json\/wp\/v2\/product_tag?post=1176"}],"curies":[{"name":"wp","href":"https:\/\/api.w.org\/{rel}","templated":true}]}}