{"id":3334,"date":"2023-07-20T10:53:53","date_gmt":"2023-07-20T07:53:53","guid":{"rendered":"https:\/\/www.elevenaustralia.ee\/sprejs-keep-my-color-blonde-200ml\/"},"modified":"2024-04-08T18:37:45","modified_gmt":"2024-04-08T15:37:45","slug":"sprejs-keep-my-color-blonde-200ml","status":"publish","type":"product","link":"https:\/\/www.elevenaustralia.ee\/lv\/sprejs-keep-my-color-blonde-200ml\/","title":{"rendered":"KEEP MY COLOUR BLONDE TONING SPRAY (200ml)"},"content":{"rendered":"<p><strong>IZMANTO\u0160ANA<\/strong>: Uzkl\u0101jiet uz t\u012briem, nedaudz mitriem matiem no sakn\u0113m l\u012bdz galiem. Neizskalot. \u017d\u0101v\u0113 un\/vai viedo matus p\u0113c izv\u0113les.<\/p>\n<p><strong>SAST\u0100VDA\u013bAS<\/strong>:<\/p>\n<p>Water (Aqua) (Eau), Glycerin, Panthenol, Hydrolyzed Wheat Protein PG-Propyl Silanetriol, Hydrolyzed Quinoa, Argania Spinosa Kernel Oil, Camellia Sinensis Leaf Extract, Aloe Barbadensis Leaf Juice, Macadamia Integrifolia Seed Oil, Sclerocarya Birrea Seed Oil, PEG-40 Hydrogenated Castor Oil, Trideceth-12, Cetrimonium Chloride, Cocamidopropyl Betaine, Propylene Glycol, 1,2-Hexanediol, Amodimethicone, PEG-12 Dimethicone, Caprylhydroxamic Acid, Disodium EDTA, Phenoxyethanol, Ethylhexylglycerin, Potassium Sorbate, Sodium Benzoate, Citric Acid, Fragrance (Parfum), Linalool, Benzyl Alcohol, Ext. Violet 2 (CI 60730)<\/p>\n","protected":false},"excerpt":{"rendered":"<p>\u0160is br\u012bni\u0161\u0137\u012bgais l\u012bdzeklis satur ne tikai termisko aizsardz\u012bbu, bet, pats galvenais, tas neitraliz\u0113 matos nev\u0113lamos dzleten\u012bgos un r\u016bsganos to\u0146us.\u00a0Pats for\u0161\u0101kais, tas b\u016bs lieliski piem\u0113rots ar\u012b matiem tum\u0161os\u00a0to\u0146os\u00a0ar v\u0113su apak\u0161toni. Spreja sast\u0101v\u0101 eso\u0161ais hidroliz\u0113tais kvie\u0161u prote\u012bns sniedz aizsardz\u012bbu no 220 gr\u0101diem, kvinojas s\u0113klu ekstrakts aizsarg\u0101 kr\u0101sotus matus, ne\u013caujot tonim \u0101tri izbal\u0113t; Argana e\u013c\u013ca mitrina un nogludina matus. Violetais pigments neitraliz\u0113nev\u0113lam\u0101s silt\u0101s nianses; marulas e\u013c\u013ca dzi\u013ci baro matus; za\u013c\u0101s t\u0113jas ekstrakts pie\u0161\u0137ir dabisku sp\u012bdumu.<\/p>\n","protected":false},"featured_media":3653,"comment_status":"closed","ping_status":"closed","template":"","meta":{"ocean_post_layout":"","ocean_both_sidebars_style":"","ocean_both_sidebars_content_width":0,"ocean_both_sidebars_sidebars_width":0,"ocean_sidebar":"0","ocean_second_sidebar":"0","ocean_disable_margins":"enable","ocean_add_body_class":"","ocean_shortcode_before_top_bar":"","ocean_shortcode_after_top_bar":"","ocean_shortcode_before_header":"","ocean_shortcode_after_header":"","ocean_has_shortcode":"","ocean_shortcode_after_title":"","ocean_shortcode_before_footer_widgets":"","ocean_shortcode_after_footer_widgets":"","ocean_shortcode_before_footer_bottom":"","ocean_shortcode_after_footer_bottom":"","ocean_display_top_bar":"default","ocean_display_header":"default","ocean_header_style":"","ocean_center_header_left_menu":"0","ocean_custom_header_template":"0","ocean_custom_logo":0,"ocean_custom_retina_logo":0,"ocean_custom_logo_max_width":0,"ocean_custom_logo_tablet_max_width":0,"ocean_custom_logo_mobile_max_width":0,"ocean_custom_logo_max_height":0,"ocean_custom_logo_tablet_max_height":0,"ocean_custom_logo_mobile_max_height":0,"ocean_header_custom_menu":"0","ocean_menu_typo_font_family":"0","ocean_menu_typo_font_subset":"","ocean_menu_typo_font_size":0,"ocean_menu_typo_font_size_tablet":0,"ocean_menu_typo_font_size_mobile":0,"ocean_menu_typo_font_size_unit":"px","ocean_menu_typo_font_weight":"","ocean_menu_typo_font_weight_tablet":"","ocean_menu_typo_font_weight_mobile":"","ocean_menu_typo_transform":"","ocean_menu_typo_transform_tablet":"","ocean_menu_typo_transform_mobile":"","ocean_menu_typo_line_height":0,"ocean_menu_typo_line_height_tablet":0,"ocean_menu_typo_line_height_mobile":0,"ocean_menu_typo_line_height_unit":"","ocean_menu_typo_spacing":0,"ocean_menu_typo_spacing_tablet":0,"ocean_menu_typo_spacing_mobile":0,"ocean_menu_typo_spacing_unit":"","ocean_menu_link_color":"","ocean_menu_link_color_hover":"","ocean_menu_link_color_active":"","ocean_menu_link_background":"","ocean_menu_link_hover_background":"","ocean_menu_link_active_background":"","ocean_menu_social_links_bg":"","ocean_menu_social_hover_links_bg":"","ocean_menu_social_links_color":"","ocean_menu_social_hover_links_color":"","ocean_disable_title":"default","ocean_disable_heading":"default","ocean_post_title":"","ocean_post_subheading":"","ocean_post_title_style":"","ocean_post_title_background_color":"","ocean_post_title_background":0,"ocean_post_title_bg_image_position":"","ocean_post_title_bg_image_attachment":"","ocean_post_title_bg_image_repeat":"","ocean_post_title_bg_image_size":"","ocean_post_title_height":0,"ocean_post_title_bg_overlay":0.5,"ocean_post_title_bg_overlay_color":"","ocean_disable_breadcrumbs":"default","ocean_breadcrumbs_color":"","ocean_breadcrumbs_separator_color":"","ocean_breadcrumbs_links_color":"","ocean_breadcrumbs_links_hover_color":"","ocean_display_footer_widgets":"default","ocean_display_footer_bottom":"default","ocean_custom_footer_template":"0"},"product_brand":[],"product_cat":[118,205,125,119,126,127],"product_tag":[],"class_list":{"0":"post-3334","1":"product","2":"type-product","3":"status-publish","4":"has-post-thumbnail","6":"product_cat-bezglutena-produkti","7":"product_cat-blondinem","8":"product_cat-jaunums","9":"product_cat-kopsanas-lidzekli","10":"product_cat-veganiskie-produkti","11":"product_cat-veidosanas-lidzekli","13":"entry","14":"has-media","16":"first","17":"instock","18":"taxable","19":"shipping-taxable","20":"purchasable","21":"product-type-simple","22":"col","23":"span_1_of_4","24":"owp-content-center","25":"owp-thumbs-layout-horizontal","26":"owp-btn-normal","27":"owp-tabs-layout-section","28":"has-no-thumbnails"},"_links":{"self":[{"href":"https:\/\/www.elevenaustralia.ee\/lv\/wp-json\/wp\/v2\/product\/3334","targetHints":{"allow":["GET"]}}],"collection":[{"href":"https:\/\/www.elevenaustralia.ee\/lv\/wp-json\/wp\/v2\/product"}],"about":[{"href":"https:\/\/www.elevenaustralia.ee\/lv\/wp-json\/wp\/v2\/types\/product"}],"replies":[{"embeddable":true,"href":"https:\/\/www.elevenaustralia.ee\/lv\/wp-json\/wp\/v2\/comments?post=3334"}],"wp:featuredmedia":[{"embeddable":true,"href":"https:\/\/www.elevenaustralia.ee\/lv\/wp-json\/wp\/v2\/media\/3653"}],"wp:attachment":[{"href":"https:\/\/www.elevenaustralia.ee\/lv\/wp-json\/wp\/v2\/media?parent=3334"}],"wp:term":[{"taxonomy":"product_brand","embeddable":true,"href":"https:\/\/www.elevenaustralia.ee\/lv\/wp-json\/wp\/v2\/product_brand?post=3334"},{"taxonomy":"product_cat","embeddable":true,"href":"https:\/\/www.elevenaustralia.ee\/lv\/wp-json\/wp\/v2\/product_cat?post=3334"},{"taxonomy":"product_tag","embeddable":true,"href":"https:\/\/www.elevenaustralia.ee\/lv\/wp-json\/wp\/v2\/product_tag?post=3334"}],"curies":[{"name":"wp","href":"https:\/\/api.w.org\/{rel}","templated":true}]}}