{"id":3335,"date":"2022-01-04T13:50:58","date_gmt":"2022-01-04T11:50:58","guid":{"rendered":"https:\/\/www.elevenaustralia.ee\/miracle-matu-maska-35ml\/"},"modified":"2025-05-17T13:56:57","modified_gmt":"2025-05-17T10:56:57","slug":"miracle-matu-maska-35ml","status":"publish","type":"product","link":"https:\/\/www.elevenaustralia.ee\/lv\/miracle-matu-maska-35ml\/","title":{"rendered":"Miracle hair mask (35ml)"},"content":{"rendered":"<p><strong>IZMANTO\u0160ANA<\/strong>:\u00a0Uzkl\u0101t uz matiem, iemas\u0113t. Iztur\u0113t 5-15 min\u016b\u0161u gaid\u012b\u0161anas laiku. Izskalot.<\/p>\n<p><strong>SAST\u0100VDA\u013bAS<\/strong>:<\/p>\n<p>Water (Aqua) (Eau), Stearyl Alcohol, Behentrimonium Chloride, Dimethicone, Cetyl Alcohol, Panthenol, Argania Spinosa Kernel Oil*, Rosmarinus Officinalis (Rosemary) Leaf Extract, Nelumbo Nucifera (Lotus Leaf) Flower Extract, Morus Alba (White Mulberry) Leaf Extract, Bambusa Vulgaris (Bamboo) Shoot Extract, Nymphaea Alba (White Waterlily) Root Extract, Lactobacillus\/Punica Granatum (Pomegranate) Fruit Ferment Extract, Aloe Barbadensis (Aloe Vera) Leaf Juice, Prunus Amygdalus Dulcis (Sweet Almond) Oil, Simmondsia Chinensis (Jojoba) Seed Oil, Glycerin, Sorbitol, Cocodimonium Hydroxypropyl Hydrolyzed Keratin, Betaine, Isopropyl Alcohol, Butylene Glycol, Propylene Glycol, 1,2-Hexanediol, Amodimethicone, Dimethiconol, Disodium EDTA, Phenoxyethanol, Ethylhexylglycerin, Potassium Sorbate, Sodium Benzoate, Citric Acid, Fragrance (Parfum), Benzyl Salicylate, Coumarin, Benzyl Benzoate, Benzyl Alcohol, Red 33 Lake (CI 17200), Yellow 6 (CI 15985), Yellow 5 (CI 19140)<\/p>\n","protected":false},"excerpt":{"rendered":"<p>\u0160\u012b Aloe Vera barojo\u0161\u0101 maska, kas ir br\u012bni\u0161\u0137\u012bgs balto z\u012bdkoka lapu un gran\u0101t\u0101bolu mais\u012bjums, kas pal\u012bdz atjaunot, stiprin\u0101t un mitrin\u0101t trauslos matus. Taj\u0101 pa\u0161\u0101 laik\u0101 saldo mande\u013cu e\u013c\u013ca baro galvas \u0101du, un d\u017eod\u017eobas e\u013c\u013ca trausliem matiem pie\u0161\u0137ir elast\u012bbu. \u0160\u012b matu maska ir lieliski piem\u0113rota ar\u012b kr\u0101sotiem matiemun pasarg\u0101 tos no izbal\u0113\u0161anas. Neatkar\u012bgi no j\u016bsu atra\u0161an\u0101s vietas, izmantojot Miracle\u00a0 kokosriekstu arom\u0101tisko masku, un j\u016bs jut\u012bsities k\u0101 tropisk\u0101s mini br\u012bvdien\u0101s. Miracle maska nesatur sulf\u0101tus, parab\u0113nus, lipekli , k\u0101 ar\u012b ir iepakota 100% atk\u0101rtoti lietojam\u0101 maisi\u0146\u0101.<\/p>\n","protected":false},"featured_media":8100,"comment_status":"closed","ping_status":"closed","template":"","meta":{"ocean_post_layout":"","ocean_both_sidebars_style":"","ocean_both_sidebars_content_width":0,"ocean_both_sidebars_sidebars_width":0,"ocean_sidebar":"0","ocean_second_sidebar":"0","ocean_disable_margins":"enable","ocean_add_body_class":"","ocean_shortcode_before_top_bar":"","ocean_shortcode_after_top_bar":"","ocean_shortcode_before_header":"","ocean_shortcode_after_header":"","ocean_has_shortcode":"","ocean_shortcode_after_title":"","ocean_shortcode_before_footer_widgets":"","ocean_shortcode_after_footer_widgets":"","ocean_shortcode_before_footer_bottom":"","ocean_shortcode_after_footer_bottom":"","ocean_display_top_bar":"default","ocean_display_header":"default","ocean_header_style":"","ocean_center_header_left_menu":"0","ocean_custom_header_template":"0","ocean_custom_logo":0,"ocean_custom_retina_logo":0,"ocean_custom_logo_max_width":0,"ocean_custom_logo_tablet_max_width":0,"ocean_custom_logo_mobile_max_width":0,"ocean_custom_logo_max_height":0,"ocean_custom_logo_tablet_max_height":0,"ocean_custom_logo_mobile_max_height":0,"ocean_header_custom_menu":"0","ocean_menu_typo_font_family":"0","ocean_menu_typo_font_subset":"","ocean_menu_typo_font_size":0,"ocean_menu_typo_font_size_tablet":0,"ocean_menu_typo_font_size_mobile":0,"ocean_menu_typo_font_size_unit":"px","ocean_menu_typo_font_weight":"","ocean_menu_typo_font_weight_tablet":"","ocean_menu_typo_font_weight_mobile":"","ocean_menu_typo_transform":"","ocean_menu_typo_transform_tablet":"","ocean_menu_typo_transform_mobile":"","ocean_menu_typo_line_height":0,"ocean_menu_typo_line_height_tablet":0,"ocean_menu_typo_line_height_mobile":0,"ocean_menu_typo_line_height_unit":"","ocean_menu_typo_spacing":0,"ocean_menu_typo_spacing_tablet":0,"ocean_menu_typo_spacing_mobile":0,"ocean_menu_typo_spacing_unit":"","ocean_menu_link_color":"","ocean_menu_link_color_hover":"","ocean_menu_link_color_active":"","ocean_menu_link_background":"","ocean_menu_link_hover_background":"","ocean_menu_link_active_background":"","ocean_menu_social_links_bg":"","ocean_menu_social_hover_links_bg":"","ocean_menu_social_links_color":"","ocean_menu_social_hover_links_color":"","ocean_disable_title":"default","ocean_disable_heading":"default","ocean_post_title":"","ocean_post_subheading":"","ocean_post_title_style":"","ocean_post_title_background_color":"","ocean_post_title_background":0,"ocean_post_title_bg_image_position":"","ocean_post_title_bg_image_attachment":"","ocean_post_title_bg_image_repeat":"","ocean_post_title_bg_image_size":"","ocean_post_title_height":0,"ocean_post_title_bg_overlay":0.5,"ocean_post_title_bg_overlay_color":"","ocean_disable_breadcrumbs":"default","ocean_breadcrumbs_color":"","ocean_breadcrumbs_separator_color":"","ocean_breadcrumbs_links_color":"","ocean_breadcrumbs_links_hover_color":"","ocean_display_footer_widgets":"default","ocean_display_footer_bottom":"default","ocean_custom_footer_template":"0"},"product_brand":[],"product_cat":[118,205,198,119,124,214,197],"product_tag":[222,224,215],"class_list":{"0":"post-3335","1":"product","2":"type-product","3":"status-publish","4":"has-post-thumbnail","6":"product_cat-bezglutena-produkti","7":"product_cat-blondinem","8":"product_cat-cirtainiem-matiem","9":"product_cat-kopsanas-lidzekli","10":"product_cat-miniprodukti","11":"product_cat-miracle-serija","12":"product_cat-mitrinasanai","13":"product_tag-matu-maska","14":"product_tag-matu-maska-lv","15":"product_tag-miracle-lv","17":"entry","18":"has-media","20":"first","21":"instock","22":"taxable","23":"shipping-taxable","24":"purchasable","25":"product-type-simple","26":"col","27":"span_1_of_4","28":"owp-content-center","29":"owp-thumbs-layout-horizontal","30":"owp-btn-normal","31":"owp-tabs-layout-section"},"_links":{"self":[{"href":"https:\/\/www.elevenaustralia.ee\/lv\/wp-json\/wp\/v2\/product\/3335","targetHints":{"allow":["GET"]}}],"collection":[{"href":"https:\/\/www.elevenaustralia.ee\/lv\/wp-json\/wp\/v2\/product"}],"about":[{"href":"https:\/\/www.elevenaustralia.ee\/lv\/wp-json\/wp\/v2\/types\/product"}],"replies":[{"embeddable":true,"href":"https:\/\/www.elevenaustralia.ee\/lv\/wp-json\/wp\/v2\/comments?post=3335"}],"wp:featuredmedia":[{"embeddable":true,"href":"https:\/\/www.elevenaustralia.ee\/lv\/wp-json\/wp\/v2\/media\/8100"}],"wp:attachment":[{"href":"https:\/\/www.elevenaustralia.ee\/lv\/wp-json\/wp\/v2\/media?parent=3335"}],"wp:term":[{"taxonomy":"product_brand","embeddable":true,"href":"https:\/\/www.elevenaustralia.ee\/lv\/wp-json\/wp\/v2\/product_brand?post=3335"},{"taxonomy":"product_cat","embeddable":true,"href":"https:\/\/www.elevenaustralia.ee\/lv\/wp-json\/wp\/v2\/product_cat?post=3335"},{"taxonomy":"product_tag","embeddable":true,"href":"https:\/\/www.elevenaustralia.ee\/lv\/wp-json\/wp\/v2\/product_tag?post=3335"}],"curies":[{"name":"wp","href":"https:\/\/api.w.org\/{rel}","templated":true}]}}