{"id":3859,"date":"2024-03-18T19:18:25","date_gmt":"2024-03-18T17:18:25","guid":{"rendered":"https:\/\/www.elevenaustralia.ee\/gentle-clean-balancing-shampoo-50ml\/"},"modified":"2024-04-08T20:03:01","modified_gmt":"2024-04-08T17:03:01","slug":"gentle-clean-balancing-shampoo-50ml","status":"publish","type":"product","link":"https:\/\/www.elevenaustralia.ee\/lv\/gentle-clean-balancing-shampoo-50ml\/","title":{"rendered":"GENTLE CLEAN BALANCING SHAMPOO (50ml)"},"content":{"rendered":"<p><strong>LIETO\u0160ANA:<\/strong> uzkl\u0101t mitros matos, iemas\u0113t un izskalot. Ja nepiecie\u0161ams, atk\u0101rtojiet proced\u016bru.<\/p>\n<p><strong>SAST\u0100VDA\u013bAS:<\/strong><\/p>\n<p>Water (Aqua) (Eau), Sodium C14-16 Olefin Sulfonate, Cocamidopropyl Betaine, Disodium Cocoyl Glutamate, Hydrolyzed Starch, Aloe Barbadensis (Aloe Vera) Leaf Juice, Hydrolyzed Quinoa, Chamomilla Recutita (Matricaria) Flower Extract, Sodium PCA, Hydroxypropyl Guar Hydroxypropyltrimonium Chloride, Glycereth-26, Sodium Lactate, C12-13 Alkyl Lactate, Polyquaternium-10, Polyquaternium-7, Glycol Distearate, Sodium Isostearoyl Lactylate, Decyl Glucoside, Sodium Cocamidopropyl PG-Dimonium Chloride Phosphate, Propylene Glycol, 1,2-Hexanediol, Disodium EDTA, Phenoxyethanol, Ethylhexylglycerin, Sodium Benzoate, Dichlorobenzyl Alcohol, Citric Acid, Fragrance (Parfum), Benzyl Alcohol, Yellow 6 (CI 15985), Yellow 5 (CI 19140)<\/p>\n","protected":false},"excerpt":{"rendered":"<p>Maigs, ziepju nesaturo\u0161s \u0161amp\u016bns pal\u012bdz atjaunot norm\u0101lu galvas \u0101das balansu, ietver sev\u012b nomierino\u0161u efektu, vienlaikus mitrinot matus. Piem\u0113rots veg\u0101niem, nesatur glut\u0113nu. Piem\u0113rots kr\u0101sotiem matiem.<\/p>\n","protected":false},"featured_media":3698,"comment_status":"closed","ping_status":"closed","template":"","meta":{"ocean_post_layout":"","ocean_both_sidebars_style":"","ocean_both_sidebars_content_width":0,"ocean_both_sidebars_sidebars_width":0,"ocean_sidebar":"0","ocean_second_sidebar":"0","ocean_disable_margins":"enable","ocean_add_body_class":"","ocean_shortcode_before_top_bar":"","ocean_shortcode_after_top_bar":"","ocean_shortcode_before_header":"","ocean_shortcode_after_header":"","ocean_has_shortcode":"","ocean_shortcode_after_title":"","ocean_shortcode_before_footer_widgets":"","ocean_shortcode_after_footer_widgets":"","ocean_shortcode_before_footer_bottom":"","ocean_shortcode_after_footer_bottom":"","ocean_display_top_bar":"default","ocean_display_header":"default","ocean_header_style":"","ocean_center_header_left_menu":"0","ocean_custom_header_template":"0","ocean_custom_logo":0,"ocean_custom_retina_logo":0,"ocean_custom_logo_max_width":0,"ocean_custom_logo_tablet_max_width":0,"ocean_custom_logo_mobile_max_width":0,"ocean_custom_logo_max_height":0,"ocean_custom_logo_tablet_max_height":0,"ocean_custom_logo_mobile_max_height":0,"ocean_header_custom_menu":"0","ocean_menu_typo_font_family":"0","ocean_menu_typo_font_subset":"","ocean_menu_typo_font_size":0,"ocean_menu_typo_font_size_tablet":0,"ocean_menu_typo_font_size_mobile":0,"ocean_menu_typo_font_size_unit":"px","ocean_menu_typo_font_weight":"","ocean_menu_typo_font_weight_tablet":"","ocean_menu_typo_font_weight_mobile":"","ocean_menu_typo_transform":"","ocean_menu_typo_transform_tablet":"","ocean_menu_typo_transform_mobile":"","ocean_menu_typo_line_height":0,"ocean_menu_typo_line_height_tablet":0,"ocean_menu_typo_line_height_mobile":0,"ocean_menu_typo_line_height_unit":"","ocean_menu_typo_spacing":0,"ocean_menu_typo_spacing_tablet":0,"ocean_menu_typo_spacing_mobile":0,"ocean_menu_typo_spacing_unit":"","ocean_menu_link_color":"","ocean_menu_link_color_hover":"","ocean_menu_link_color_active":"","ocean_menu_link_background":"","ocean_menu_link_hover_background":"","ocean_menu_link_active_background":"","ocean_menu_social_links_bg":"","ocean_menu_social_hover_links_bg":"","ocean_menu_social_links_color":"","ocean_menu_social_hover_links_color":"","ocean_disable_title":"default","ocean_disable_heading":"default","ocean_post_title":"","ocean_post_subheading":"","ocean_post_title_style":"","ocean_post_title_background_color":"","ocean_post_title_background":0,"ocean_post_title_bg_image_position":"","ocean_post_title_bg_image_attachment":"","ocean_post_title_bg_image_repeat":"","ocean_post_title_bg_image_size":"","ocean_post_title_height":0,"ocean_post_title_bg_overlay":0.5,"ocean_post_title_bg_overlay_color":"","ocean_disable_breadcrumbs":"default","ocean_breadcrumbs_color":"","ocean_breadcrumbs_separator_color":"","ocean_breadcrumbs_links_color":"","ocean_breadcrumbs_links_hover_color":"","ocean_display_footer_widgets":"default","ocean_display_footer_bottom":"default","ocean_custom_footer_template":"0"},"product_brand":[],"product_cat":[118,124,128,126,170],"product_tag":[174,173],"class_list":{"0":"post-3859","1":"product","2":"type-product","3":"status-publish","4":"has-post-thumbnail","6":"product_cat-bezglutena-produkti","7":"product_cat-miniprodukti","8":"product_cat-sampuni","9":"product_cat-veganiskie-produkti","10":"product_cat-viriesiem","11":"product_tag-ph-lidzsvars","12":"product_tag-sampuns","14":"entry","15":"has-media","17":"first","18":"instock","19":"taxable","20":"shipping-taxable","21":"purchasable","22":"product-type-simple","23":"col","24":"span_1_of_4","25":"owp-content-center","26":"owp-thumbs-layout-horizontal","27":"owp-btn-normal","28":"owp-tabs-layout-section","29":"has-no-thumbnails"},"_links":{"self":[{"href":"https:\/\/www.elevenaustralia.ee\/lv\/wp-json\/wp\/v2\/product\/3859","targetHints":{"allow":["GET"]}}],"collection":[{"href":"https:\/\/www.elevenaustralia.ee\/lv\/wp-json\/wp\/v2\/product"}],"about":[{"href":"https:\/\/www.elevenaustralia.ee\/lv\/wp-json\/wp\/v2\/types\/product"}],"replies":[{"embeddable":true,"href":"https:\/\/www.elevenaustralia.ee\/lv\/wp-json\/wp\/v2\/comments?post=3859"}],"wp:featuredmedia":[{"embeddable":true,"href":"https:\/\/www.elevenaustralia.ee\/lv\/wp-json\/wp\/v2\/media\/3698"}],"wp:attachment":[{"href":"https:\/\/www.elevenaustralia.ee\/lv\/wp-json\/wp\/v2\/media?parent=3859"}],"wp:term":[{"taxonomy":"product_brand","embeddable":true,"href":"https:\/\/www.elevenaustralia.ee\/lv\/wp-json\/wp\/v2\/product_brand?post=3859"},{"taxonomy":"product_cat","embeddable":true,"href":"https:\/\/www.elevenaustralia.ee\/lv\/wp-json\/wp\/v2\/product_cat?post=3859"},{"taxonomy":"product_tag","embeddable":true,"href":"https:\/\/www.elevenaustralia.ee\/lv\/wp-json\/wp\/v2\/product_tag?post=3859"}],"curies":[{"name":"wp","href":"https:\/\/api.w.org\/{rel}","templated":true}]}}