{"id":3862,"date":"2023-10-23T18:53:35","date_gmt":"2023-10-23T15:53:35","guid":{"rendered":"https:\/\/www.elevenaustralia.ee\/smooth-me-now-thermal-spray-200ml\/"},"modified":"2025-11-10T05:46:02","modified_gmt":"2025-11-10T03:46:02","slug":"smooth-me-now-thermal-spray-200ml","status":"publish","type":"product","link":"https:\/\/www.elevenaustralia.ee\/lv\/smooth-me-now-thermal-spray-200ml\/","title":{"rendered":"Smooth Me now thermal Spray (200ml)"},"content":{"rendered":"<p><strong>IZMANTO\u0160ANA<\/strong>:\u00a0Uzkl\u0101jiet uz t\u012briem, nedaudz mitriem matiem no sakn\u0113m l\u012bdz galiem. Neizskalot. \u017d\u0101v\u0113 un\/vai viedo matus p\u0113c izv\u0113les.<\/p>\n<p><strong>SAST\u0100VDA\u013bAS<\/strong>:<\/p>\n<p>Water (Aqua) (Eau), Dipropylene Glycol, Glycerine, Panthenol, Plysilicone-29, Hydrolysed Quinoa, Argania Spinosa Kernel Oil, Chamomilla Recutita (Matricaria) Flower Extract, Hydroxyacetophenone, Silicone Quaternium-18, PEG-40 Hydrogenated Castor Oil, Trideceth-6, Trideceth-12, Deceth-7, Cetrimonium Chloride, Cocamidopropyl Betaine, Butylene Glycol, Propylene Glycol, Amodimeticone, Caprylhydroxamic Acid, Disodium EDTA, Thenoxethanol, Ethylhexylglycerin, Potassium Sorbet, Sodium Benxonate, Fregrance (Parfum), Benzyl Salicylate, Coumarin, Benzyl Benzolate, Benzyl Alcohol.<\/p>\n","protected":false},"excerpt":{"rendered":"<p>Nogludino\u0161s sprejs ar termisko aizsardz\u012bbu kondicion\u0113 matus un pal\u012bdz\u0113tu nov\u0113rst matu galu \u0161\u0137el\u0161anos. Sausiem, sprogainiem un boj\u0101tiem matiem. Ingredients Silsoft CLX-E nodro\u0161ina termisko aizsardz\u012bbu l\u012bdz 220 gr\u0101diem. Pal\u012bdz nogludin\u0101t matus, vienlaikus samazinot \u017e\u0101v\u0113\u0161anas laiku.<\/p>\n","protected":false},"featured_media":3662,"comment_status":"open","ping_status":"closed","template":"","meta":{"ocean_post_layout":"","ocean_both_sidebars_style":"","ocean_both_sidebars_content_width":0,"ocean_both_sidebars_sidebars_width":0,"ocean_sidebar":"0","ocean_second_sidebar":"0","ocean_disable_margins":"enable","ocean_add_body_class":"","ocean_shortcode_before_top_bar":"","ocean_shortcode_after_top_bar":"","ocean_shortcode_before_header":"","ocean_shortcode_after_header":"","ocean_has_shortcode":"","ocean_shortcode_after_title":"","ocean_shortcode_before_footer_widgets":"","ocean_shortcode_after_footer_widgets":"","ocean_shortcode_before_footer_bottom":"","ocean_shortcode_after_footer_bottom":"","ocean_display_top_bar":"default","ocean_display_header":"default","ocean_header_style":"","ocean_center_header_left_menu":"0","ocean_custom_header_template":"0","ocean_custom_logo":0,"ocean_custom_retina_logo":0,"ocean_custom_logo_max_width":0,"ocean_custom_logo_tablet_max_width":0,"ocean_custom_logo_mobile_max_width":0,"ocean_custom_logo_max_height":0,"ocean_custom_logo_tablet_max_height":0,"ocean_custom_logo_mobile_max_height":0,"ocean_header_custom_menu":"0","ocean_menu_typo_font_family":"0","ocean_menu_typo_font_subset":"","ocean_menu_typo_font_size":0,"ocean_menu_typo_font_size_tablet":0,"ocean_menu_typo_font_size_mobile":0,"ocean_menu_typo_font_size_unit":"px","ocean_menu_typo_font_weight":"","ocean_menu_typo_font_weight_tablet":"","ocean_menu_typo_font_weight_mobile":"","ocean_menu_typo_transform":"","ocean_menu_typo_transform_tablet":"","ocean_menu_typo_transform_mobile":"","ocean_menu_typo_line_height":0,"ocean_menu_typo_line_height_tablet":0,"ocean_menu_typo_line_height_mobile":0,"ocean_menu_typo_line_height_unit":"","ocean_menu_typo_spacing":0,"ocean_menu_typo_spacing_tablet":0,"ocean_menu_typo_spacing_mobile":0,"ocean_menu_typo_spacing_unit":"","ocean_menu_link_color":"","ocean_menu_link_color_hover":"","ocean_menu_link_color_active":"","ocean_menu_link_background":"","ocean_menu_link_hover_background":"","ocean_menu_link_active_background":"","ocean_menu_social_links_bg":"","ocean_menu_social_hover_links_bg":"","ocean_menu_social_links_color":"","ocean_menu_social_hover_links_color":"","ocean_disable_title":"default","ocean_disable_heading":"default","ocean_post_title":"","ocean_post_subheading":"","ocean_post_title_style":"","ocean_post_title_background_color":"","ocean_post_title_background":0,"ocean_post_title_bg_image_position":"","ocean_post_title_bg_image_attachment":"","ocean_post_title_bg_image_repeat":"","ocean_post_title_bg_image_size":"","ocean_post_title_height":0,"ocean_post_title_bg_overlay":0.5,"ocean_post_title_bg_overlay_color":"","ocean_disable_breadcrumbs":"default","ocean_breadcrumbs_color":"","ocean_breadcrumbs_separator_color":"","ocean_breadcrumbs_links_color":"","ocean_breadcrumbs_links_hover_color":"","ocean_display_footer_widgets":"default","ocean_display_footer_bottom":"default","ocean_custom_footer_template":"0"},"product_brand":[],"product_cat":[118,205,125,119,117,126,127],"product_tag":[194,236,223],"class_list":{"0":"post-3862","1":"product","2":"type-product","3":"status-publish","4":"has-post-thumbnail","6":"product_cat-bezglutena-produkti","7":"product_cat-blondinem","8":"product_cat-jaunums","9":"product_cat-kopsanas-lidzekli","10":"product_cat-matu-nogludinasanai","11":"product_cat-veganiskie-produkti","12":"product_cat-veidosanas-lidzekli","13":"product_tag-aerosols","14":"product_tag-barojoss","15":"product_tag-siltuma-aizsardziba","17":"entry","18":"has-media","20":"first","21":"instock","22":"featured","23":"taxable","24":"shipping-taxable","25":"purchasable","26":"product-type-simple","27":"col","28":"span_1_of_4","29":"owp-content-center","30":"owp-thumbs-layout-horizontal","31":"owp-btn-normal","32":"owp-tabs-layout-section","33":"has-no-thumbnails"},"_links":{"self":[{"href":"https:\/\/www.elevenaustralia.ee\/lv\/wp-json\/wp\/v2\/product\/3862","targetHints":{"allow":["GET"]}}],"collection":[{"href":"https:\/\/www.elevenaustralia.ee\/lv\/wp-json\/wp\/v2\/product"}],"about":[{"href":"https:\/\/www.elevenaustralia.ee\/lv\/wp-json\/wp\/v2\/types\/product"}],"replies":[{"embeddable":true,"href":"https:\/\/www.elevenaustralia.ee\/lv\/wp-json\/wp\/v2\/comments?post=3862"}],"wp:featuredmedia":[{"embeddable":true,"href":"https:\/\/www.elevenaustralia.ee\/lv\/wp-json\/wp\/v2\/media\/3662"}],"wp:attachment":[{"href":"https:\/\/www.elevenaustralia.ee\/lv\/wp-json\/wp\/v2\/media?parent=3862"}],"wp:term":[{"taxonomy":"product_brand","embeddable":true,"href":"https:\/\/www.elevenaustralia.ee\/lv\/wp-json\/wp\/v2\/product_brand?post=3862"},{"taxonomy":"product_cat","embeddable":true,"href":"https:\/\/www.elevenaustralia.ee\/lv\/wp-json\/wp\/v2\/product_cat?post=3862"},{"taxonomy":"product_tag","embeddable":true,"href":"https:\/\/www.elevenaustralia.ee\/lv\/wp-json\/wp\/v2\/product_tag?post=3862"}],"curies":[{"name":"wp","href":"https:\/\/api.w.org\/{rel}","templated":true}]}}