{"id":3865,"date":"2024-03-18T21:12:40","date_gmt":"2024-03-18T19:12:40","guid":{"rendered":"https:\/\/www.elevenaustralia.ee\/miracle-hair-treatment-conditioner-50ml\/"},"modified":"2024-04-08T18:35:54","modified_gmt":"2024-04-08T15:35:54","slug":"miracle-hair-treatment-conditioner-50ml","status":"publish","type":"product","link":"https:\/\/www.elevenaustralia.ee\/lv\/miracle-hair-treatment-conditioner-50ml\/","title":{"rendered":"Miracle Hair Treatment Conditioner (50ml)"},"content":{"rendered":"<p>M\u0113s esam \u013coti priec\u012bgi iepaz\u012bstin\u0101t j\u016bs ar diviem no jaun\u0101kajiem produktiem m\u016bsu s\u0113rij\u0101 MIRACLE &#8211; Miracle \u0161amp\u016bns un kondicionieris. \u0160ie produkti ir bag\u0101tin\u0101ti ar hialuronsk\u0101bi, kas dzi\u013ci mitrina un nogludina matus. T\u0101 pie\u0161\u0137ir matiem nepiecie\u0161amo mitrumu, vienlaikus nov\u0113r\u0161ot matu p\u016bkain\u012bbu un nov\u0113r\u0161ot matu galu \u0161\u0137el\u0161anos. Jaunais \u0161amp\u016bns un kondicionieris satur ar\u012b gur\u0137u ekstraktu, kas ir bag\u0101ts ar A un C vitam\u012bnu, kas\u00a0nomierina\u00a0galvas \u0101du. Kumel\u012b\u0161u ekstrakts stiprina matus un samazina to trauslumu. Papaijas ekstrakts pie\u0161\u0137ir matiem sp\u012bdumu. \u0160amp\u016bns un kondicionieris ir piem\u0113roti kr\u0101sotiem matiem un garant\u0113 aizsardz\u012bbu pret temperat\u016bru l\u012bdz 220 gr\u0101diem. Ide\u0101la s\u0113rija sausiem un kr\u0101sotiem matiem.<\/p>\n<p><strong>IZMANTO\u0160ANA:\u00a0<\/strong>Ieziest mitros matos un uzputot. Izskalot. Ja nepiecies\u030cams, atka\u0304rtot.<\/p>\n<p><strong>SAST\u0100VDA\u013bAS:<\/strong><\/p>\n<p>Water (Aqua) (Eau), Isopropyl Myristate, Cetearyl Alcohol, Cetyl Alcohol, Carica Papaya (Papaya) Fruit Extract, Cucumis Sativus (Cucumber) Extract, Anthemis Nobilis Flower Extract, Hyaluronic Acid, Sodium Laneth-40 Maleate\/Styrene Sulfonate Copolymer, Rosmarinus Officinalis (Rosemary) Leaf Extract, Glycerin, Behentrimonium Chloride, Heptyl Undecylenate, Quaternium-80, Trideceth-12, Cetrimonium Chloride, Isopropyl Alcohol, Propylene Glycol, C13-16 Isoalkane, Trideceth-9 PG-Amodimethicone, Benzophenone-4, Phenoxyethanol, Potassium Sorbate, Sodium Benzoate, Benzoic Acid, Dehydroacetic Acid, Citric Acid, Fragrance (Parfum), Benzyl Salicylate, Coumarin.<\/p>\n","protected":false},"excerpt":{"rendered":"<div class=\"page\" title=\"Page 18\">\n<div class=\"layoutArea\">\n<div class=\"column\">\n<p>Baga\u0304tina\u0304ts ar ve\u0304rti\u0304ga\u0304m sasta\u0304vdal\u0327a\u0304m, viegls s\u030campu\u0304ns ar hialuronska\u0304bi i\u0304pas\u030cai mitrina\u0304s\u030canai, nove\u0304rs\u030c matu spuros\u030canoss un matu galu s\u030ck\u0327els\u030canos. Idea\u0304li pieme\u0304rots sausiem un kra\u0304sotiem matiem. Satur aizsardzi\u0304bu pret augstu temperatu\u0304ru li\u0304dz 220 \u00b0C gra\u0304diem, kas pasarga\u0304s matus veidos\u030canas laika\u0304.<\/p>\n<\/div>\n<\/div>\n<\/div>\n","protected":false},"featured_media":3712,"comment_status":"closed","ping_status":"closed","template":"","meta":{"ocean_post_layout":"","ocean_both_sidebars_style":"","ocean_both_sidebars_content_width":0,"ocean_both_sidebars_sidebars_width":0,"ocean_sidebar":"0","ocean_second_sidebar":"0","ocean_disable_margins":"enable","ocean_add_body_class":"","ocean_shortcode_before_top_bar":"","ocean_shortcode_after_top_bar":"","ocean_shortcode_before_header":"","ocean_shortcode_after_header":"","ocean_has_shortcode":"","ocean_shortcode_after_title":"","ocean_shortcode_before_footer_widgets":"","ocean_shortcode_after_footer_widgets":"","ocean_shortcode_before_footer_bottom":"","ocean_shortcode_after_footer_bottom":"","ocean_display_top_bar":"default","ocean_display_header":"default","ocean_header_style":"","ocean_center_header_left_menu":"0","ocean_custom_header_template":"0","ocean_custom_logo":0,"ocean_custom_retina_logo":0,"ocean_custom_logo_max_width":0,"ocean_custom_logo_tablet_max_width":0,"ocean_custom_logo_mobile_max_width":0,"ocean_custom_logo_max_height":0,"ocean_custom_logo_tablet_max_height":0,"ocean_custom_logo_mobile_max_height":0,"ocean_header_custom_menu":"0","ocean_menu_typo_font_family":"0","ocean_menu_typo_font_subset":"","ocean_menu_typo_font_size":0,"ocean_menu_typo_font_size_tablet":0,"ocean_menu_typo_font_size_mobile":0,"ocean_menu_typo_font_size_unit":"px","ocean_menu_typo_font_weight":"","ocean_menu_typo_font_weight_tablet":"","ocean_menu_typo_font_weight_mobile":"","ocean_menu_typo_transform":"","ocean_menu_typo_transform_tablet":"","ocean_menu_typo_transform_mobile":"","ocean_menu_typo_line_height":0,"ocean_menu_typo_line_height_tablet":0,"ocean_menu_typo_line_height_mobile":0,"ocean_menu_typo_line_height_unit":"","ocean_menu_typo_spacing":0,"ocean_menu_typo_spacing_tablet":0,"ocean_menu_typo_spacing_mobile":0,"ocean_menu_typo_spacing_unit":"","ocean_menu_link_color":"","ocean_menu_link_color_hover":"","ocean_menu_link_color_active":"","ocean_menu_link_background":"","ocean_menu_link_hover_background":"","ocean_menu_link_active_background":"","ocean_menu_social_links_bg":"","ocean_menu_social_hover_links_bg":"","ocean_menu_social_links_color":"","ocean_menu_social_hover_links_color":"","ocean_disable_title":"default","ocean_disable_heading":"default","ocean_post_title":"","ocean_post_subheading":"","ocean_post_title_style":"","ocean_post_title_background_color":"","ocean_post_title_background":0,"ocean_post_title_bg_image_position":"","ocean_post_title_bg_image_attachment":"","ocean_post_title_bg_image_repeat":"","ocean_post_title_bg_image_size":"","ocean_post_title_height":0,"ocean_post_title_bg_overlay":0.5,"ocean_post_title_bg_overlay_color":"","ocean_disable_breadcrumbs":"default","ocean_breadcrumbs_color":"","ocean_breadcrumbs_separator_color":"","ocean_breadcrumbs_links_color":"","ocean_breadcrumbs_links_hover_color":"","ocean_display_footer_widgets":"default","ocean_display_footer_bottom":"default","ocean_custom_footer_template":"0"},"product_brand":[],"product_cat":[118,205,125,120,119,214],"product_tag":[200,215],"class_list":{"0":"post-3865","1":"product","2":"type-product","3":"status-publish","4":"has-post-thumbnail","6":"product_cat-bezglutena-produkti","7":"product_cat-blondinem","8":"product_cat-jaunums","9":"product_cat-kondicioneri","10":"product_cat-kopsanas-lidzekli","11":"product_cat-miracle-serija","12":"product_tag-kondicionieris-lv","13":"product_tag-miracle-lv","15":"entry","16":"has-media","18":"first","19":"instock","20":"taxable","21":"shipping-taxable","22":"purchasable","23":"product-type-simple","24":"col","25":"span_1_of_4","26":"owp-content-center","27":"owp-thumbs-layout-horizontal","28":"owp-btn-normal","29":"owp-tabs-layout-section","30":"has-no-thumbnails"},"_links":{"self":[{"href":"https:\/\/www.elevenaustralia.ee\/lv\/wp-json\/wp\/v2\/product\/3865","targetHints":{"allow":["GET"]}}],"collection":[{"href":"https:\/\/www.elevenaustralia.ee\/lv\/wp-json\/wp\/v2\/product"}],"about":[{"href":"https:\/\/www.elevenaustralia.ee\/lv\/wp-json\/wp\/v2\/types\/product"}],"replies":[{"embeddable":true,"href":"https:\/\/www.elevenaustralia.ee\/lv\/wp-json\/wp\/v2\/comments?post=3865"}],"wp:featuredmedia":[{"embeddable":true,"href":"https:\/\/www.elevenaustralia.ee\/lv\/wp-json\/wp\/v2\/media\/3712"}],"wp:attachment":[{"href":"https:\/\/www.elevenaustralia.ee\/lv\/wp-json\/wp\/v2\/media?parent=3865"}],"wp:term":[{"taxonomy":"product_brand","embeddable":true,"href":"https:\/\/www.elevenaustralia.ee\/lv\/wp-json\/wp\/v2\/product_brand?post=3865"},{"taxonomy":"product_cat","embeddable":true,"href":"https:\/\/www.elevenaustralia.ee\/lv\/wp-json\/wp\/v2\/product_cat?post=3865"},{"taxonomy":"product_tag","embeddable":true,"href":"https:\/\/www.elevenaustralia.ee\/lv\/wp-json\/wp\/v2\/product_tag?post=3865"}],"curies":[{"name":"wp","href":"https:\/\/api.w.org\/{rel}","templated":true}]}}