{"id":4149,"date":"2024-09-02T22:34:43","date_gmt":"2024-09-02T19:34:43","guid":{"rendered":"https:\/\/www.elevenaustralia.ee\/?post_type=product&#038;p=4149"},"modified":"2026-03-03T06:09:29","modified_gmt":"2026-03-03T04:09:29","slug":"eleven-miracle-hero-juuksehooldus-175ml","status":"publish","type":"product","link":"https:\/\/www.elevenaustralia.ee\/lv\/eleven-miracle-hero-juuksehooldus-175ml\/","title":{"rendered":"MIRACLE HERO JUUKSEHOOLDUS (175ML)"},"content":{"rendered":"<div class=\"column\">\n<p><strong>KUIDAS KASUTADA?<\/strong><\/p>\n<p>Lihtsalt pumpa ja anna toodet niisketesse v\u00f5i kuivadesse juustesse. Mitte loputada.<\/p>\n<\/div>\n<h4><strong>MIRACLE JUUKSEHOLDUSE OMADUSED:<\/strong><\/h4>\n<ul>\n<li>Siidi aminohapped \u2013 pehmendavad juukseid, j\u00e4ttes need siidiselt pehmeks ja juhitavaks<\/li>\n<li>K\u00f5rbelaim &amp; Quandong \u2013 niisutavad ja toidavad juukseid<\/li>\n<li><em>Acacia victoriae<\/em> \u2013 looduslik valguallikas, samut toidab juukseid s\u00fcgavuti<\/li>\n<\/ul>\n<p><strong>KOOSTISAINED:<\/strong><\/p>\n<p>Water (Aqua) (Eau), Cetearyl Alcohol, Cyclopentasiloxane, Propylene Glycol, Isopropyl Myristate, Citrus Glauca (Desert Lime)Fruit Extract, Santalum Acuminatum (Quandong) Fruit Extract, Acacia Victoriae (Wattleseed) Fruit Extract, Silk Amino Acids, Glycerin, Butyl Methoxydibenzoylmethane, Quaternium-80, Sodium Laneth-40 Maleate\/Styrene Sulfonate Copolymer, Dimethiconol, Cyclohexasiloxane, Behentrimonium Methosulfate, Ethylhexyl Methoxycinnamate, BHT, Phenoxyethanol, Potassium Sorbate, Sodium Benzoate, Benzoic Acid, Dehydroacetic Acid, Citric Acid, Fragrance (Parfum), Benzyl Salicylate, Coumarin, Benzyl Benzoate, Benzyl Alcohol.<\/p>\n","protected":false},"excerpt":{"rendered":"<p>Miracle Hair Treatment on juustesse j\u00e4etav IMELINE JUUKSEHOOLDUS, mis on n\u00fc\u00fcd j\u00f5udnud limiteeritud v\u00e4ljaandes uue sportliku v\u00e4lisilmega pudelisse. Mis on eriti tore? See on n\u00fc\u00fcd sama raha eest 40% suurem!<\/p>\n<p>See toitainerikas kreem kingib juustele 11 imelist kasutegurit, mida teie juuksed ARMASTAVAD.<\/p>\n<ol>\n<li>Lisab s\u00e4ra, siledust ja pehmust<\/li>\n<li>Eemaldab kahu ja lendlevad juuksekarvad<\/li>\n<li>Niisutab<\/li>\n<li>Tugevdab habrast juust<\/li>\n<li>Hoiab era katkevaid juukseotsi<\/li>\n<li>Pusadevastane ja lisa juustele hallatavust<\/li>\n<li>Kaitseb juust kuuma t\u00f6\u00f6tlemise ajal<\/li>\n<li>Lisab juustele kergust ja loomulikku vol\u00fc\u00fcmi<\/li>\n<li>Taastab kuiva ja kahjustatud juust<\/li>\n<li>Sisaldab UVA ja UVB kaitset<\/li>\n<li>Kaitseb juukseid tuhmumise eest<\/li>\n<\/ol>\n","protected":false},"featured_media":5232,"comment_status":"closed","ping_status":"closed","template":"","meta":{"ocean_post_layout":"","ocean_both_sidebars_style":"","ocean_both_sidebars_content_width":0,"ocean_both_sidebars_sidebars_width":0,"ocean_sidebar":"0","ocean_second_sidebar":"0","ocean_disable_margins":"enable","ocean_add_body_class":"","ocean_shortcode_before_top_bar":"","ocean_shortcode_after_top_bar":"","ocean_shortcode_before_header":"","ocean_shortcode_after_header":"","ocean_has_shortcode":"","ocean_shortcode_after_title":"","ocean_shortcode_before_footer_widgets":"","ocean_shortcode_after_footer_widgets":"","ocean_shortcode_before_footer_bottom":"","ocean_shortcode_after_footer_bottom":"","ocean_display_top_bar":"default","ocean_display_header":"default","ocean_header_style":"","ocean_center_header_left_menu":"0","ocean_custom_header_template":"0","ocean_custom_logo":0,"ocean_custom_retina_logo":0,"ocean_custom_logo_max_width":0,"ocean_custom_logo_tablet_max_width":0,"ocean_custom_logo_mobile_max_width":0,"ocean_custom_logo_max_height":0,"ocean_custom_logo_tablet_max_height":0,"ocean_custom_logo_mobile_max_height":0,"ocean_header_custom_menu":"0","ocean_menu_typo_font_family":"0","ocean_menu_typo_font_subset":"","ocean_menu_typo_font_size":0,"ocean_menu_typo_font_size_tablet":0,"ocean_menu_typo_font_size_mobile":0,"ocean_menu_typo_font_size_unit":"px","ocean_menu_typo_font_weight":"","ocean_menu_typo_font_weight_tablet":"","ocean_menu_typo_font_weight_mobile":"","ocean_menu_typo_transform":"","ocean_menu_typo_transform_tablet":"","ocean_menu_typo_transform_mobile":"","ocean_menu_typo_line_height":0,"ocean_menu_typo_line_height_tablet":0,"ocean_menu_typo_line_height_mobile":0,"ocean_menu_typo_line_height_unit":"","ocean_menu_typo_spacing":0,"ocean_menu_typo_spacing_tablet":0,"ocean_menu_typo_spacing_mobile":0,"ocean_menu_typo_spacing_unit":"","ocean_menu_link_color":"","ocean_menu_link_color_hover":"","ocean_menu_link_color_active":"","ocean_menu_link_background":"","ocean_menu_link_hover_background":"","ocean_menu_link_active_background":"","ocean_menu_social_links_bg":"","ocean_menu_social_hover_links_bg":"","ocean_menu_social_links_color":"","ocean_menu_social_hover_links_color":"","ocean_disable_title":"default","ocean_disable_heading":"default","ocean_post_title":"","ocean_post_subheading":"","ocean_post_title_style":"","ocean_post_title_background_color":"","ocean_post_title_background":0,"ocean_post_title_bg_image_position":"","ocean_post_title_bg_image_attachment":"","ocean_post_title_bg_image_repeat":"","ocean_post_title_bg_image_size":"","ocean_post_title_height":0,"ocean_post_title_bg_overlay":0.5,"ocean_post_title_bg_overlay_color":"","ocean_disable_breadcrumbs":"default","ocean_breadcrumbs_color":"","ocean_breadcrumbs_separator_color":"","ocean_breadcrumbs_links_color":"","ocean_breadcrumbs_links_hover_color":"","ocean_display_footer_widgets":"default","ocean_display_footer_bottom":"default","ocean_custom_footer_template":"0"},"product_brand":[],"product_cat":[28,149,22,15,141,147,20],"product_tag":[32,31,261,144],"class_list":{"0":"post-4149","1":"product","2":"type-product","3":"status-publish","4":"has-post-thumbnail","6":"product_cat-uus","7":"product_cat-blondidele","8":"product_cat-hooldus","9":"product_cat-elevenaustralia","10":"product_cat-miracle","11":"product_cat-niisutav","12":"product_cat-viimistlus","13":"product_tag-juuksehooldus","14":"product_tag-miracle","15":"product_tag-miracle-gold","16":"product_tag-miracle-juuksehooldus","18":"entry","19":"has-media","21":"first","22":"outofstock","23":"featured","24":"taxable","25":"shipping-taxable","26":"purchasable","27":"product-type-simple","28":"col","29":"span_1_of_4","30":"owp-content-center","31":"owp-thumbs-layout-horizontal","32":"owp-btn-normal","33":"owp-tabs-layout-section"},"_links":{"self":[{"href":"https:\/\/www.elevenaustralia.ee\/lv\/wp-json\/wp\/v2\/product\/4149","targetHints":{"allow":["GET"]}}],"collection":[{"href":"https:\/\/www.elevenaustralia.ee\/lv\/wp-json\/wp\/v2\/product"}],"about":[{"href":"https:\/\/www.elevenaustralia.ee\/lv\/wp-json\/wp\/v2\/types\/product"}],"replies":[{"embeddable":true,"href":"https:\/\/www.elevenaustralia.ee\/lv\/wp-json\/wp\/v2\/comments?post=4149"}],"wp:featuredmedia":[{"embeddable":true,"href":"https:\/\/www.elevenaustralia.ee\/lv\/wp-json\/wp\/v2\/media\/5232"}],"wp:attachment":[{"href":"https:\/\/www.elevenaustralia.ee\/lv\/wp-json\/wp\/v2\/media?parent=4149"}],"wp:term":[{"taxonomy":"product_brand","embeddable":true,"href":"https:\/\/www.elevenaustralia.ee\/lv\/wp-json\/wp\/v2\/product_brand?post=4149"},{"taxonomy":"product_cat","embeddable":true,"href":"https:\/\/www.elevenaustralia.ee\/lv\/wp-json\/wp\/v2\/product_cat?post=4149"},{"taxonomy":"product_tag","embeddable":true,"href":"https:\/\/www.elevenaustralia.ee\/lv\/wp-json\/wp\/v2\/product_tag?post=4149"}],"curies":[{"name":"wp","href":"https:\/\/api.w.org\/{rel}","templated":true}]}}