{"id":4683,"date":"2025-02-25T12:09:22","date_gmt":"2025-02-25T10:09:22","guid":{"rendered":"https:\/\/www.elevenaustralia.ee\/miracle-matu-maska-200ml\/"},"modified":"2025-11-28T13:37:45","modified_gmt":"2025-11-28T11:37:45","slug":"miracle-matu-maska-200ml","status":"publish","type":"product","link":"https:\/\/www.elevenaustralia.ee\/lv\/miracle-matu-maska-200ml\/","title":{"rendered":"MIRACLE HAIR MASK (200ml)"},"content":{"rendered":"<p><strong>LIETO\u0160ANA:<\/strong> Uzkl\u0101t uz matiem, iemas\u0113t. Izskalot.<\/p>\n<p><strong>SAST\u0100VDA\u013bAS<\/strong>: Water (Aqua) (Eau), Stearyl Alcohol, Behentrimonium Chloride, Dimethicone, Cetyl Alcohol, Panthenol, Argania Spinosa Kernel Oil*, Rosmarinus Officinalis (Rosemary) Leaf Extract, Nelumbo Nucifera (Lotus Leaf) Flower Extract, Morus Alba (White Mulberry) Leaf Extract, Bambusa Vulgaris (Bamboo) Shoot Extract, Nymphaea Alba (White Waterlily) Root Extract, Lactobacillus\/Punica Granatum (Pomegranate) Fruit Ferment Extract, Aloe Barbadensis (Aloe Vera) Leaf Juice, Prunus Amygdalus Dulcis (Sweet Almond) Oil, Simmondsia Chinensis (Jojoba) Seed Oil, Glycerin, Sorbitol, Cocodimonium Hydroxypropyl Hydrolyzed Keratin, Betaine, Isopropyl Alcohol, Butylene Glycol, Propylene Glycol, 1,2-Hexanediol, Amodimethicone, Dimethiconol, Disodium EDTA, Phenoxyethanol, Ethylhexylglycerin, Potassium Sorbate, Sodium Benzoate, Citric Acid, Fragrance (Parfum), Benzyl Salicylate, Coumarin, Benzyl Benzoate, Benzyl Alcohol, Red 33 Lake (CI 17200), Yellow 6 (CI 15985), Yellow 5 (CI 19140)<\/p>\n","protected":false},"excerpt":{"rendered":"<p>Alvejas un balt\u0101s z\u012bdkoka lapas mais\u012bjums, lai\u00a0atjaunotu un atjaunotu zaud\u0113to mitrumu, \u0161\u012b\u00a0bag\u0101t\u012bg\u0101 antioksidantu formula atst\u0101s matus\u00a0sp\u0113c\u012bgu un mitrin\u0101tu.<\/p>\n","protected":false},"featured_media":8098,"comment_status":"closed","ping_status":"closed","template":"","meta":{"ocean_post_layout":"","ocean_both_sidebars_style":"","ocean_both_sidebars_content_width":0,"ocean_both_sidebars_sidebars_width":0,"ocean_sidebar":"0","ocean_second_sidebar":"0","ocean_disable_margins":"enable","ocean_add_body_class":"","ocean_shortcode_before_top_bar":"","ocean_shortcode_after_top_bar":"","ocean_shortcode_before_header":"","ocean_shortcode_after_header":"","ocean_has_shortcode":"","ocean_shortcode_after_title":"","ocean_shortcode_before_footer_widgets":"","ocean_shortcode_after_footer_widgets":"","ocean_shortcode_before_footer_bottom":"","ocean_shortcode_after_footer_bottom":"","ocean_display_top_bar":"default","ocean_display_header":"default","ocean_header_style":"","ocean_center_header_left_menu":"0","ocean_custom_header_template":"0","ocean_custom_logo":0,"ocean_custom_retina_logo":0,"ocean_custom_logo_max_width":0,"ocean_custom_logo_tablet_max_width":0,"ocean_custom_logo_mobile_max_width":0,"ocean_custom_logo_max_height":0,"ocean_custom_logo_tablet_max_height":0,"ocean_custom_logo_mobile_max_height":0,"ocean_header_custom_menu":"0","ocean_menu_typo_font_family":"0","ocean_menu_typo_font_subset":"","ocean_menu_typo_font_size":0,"ocean_menu_typo_font_size_tablet":0,"ocean_menu_typo_font_size_mobile":0,"ocean_menu_typo_font_size_unit":"px","ocean_menu_typo_font_weight":"","ocean_menu_typo_font_weight_tablet":"","ocean_menu_typo_font_weight_mobile":"","ocean_menu_typo_transform":"","ocean_menu_typo_transform_tablet":"","ocean_menu_typo_transform_mobile":"","ocean_menu_typo_line_height":0,"ocean_menu_typo_line_height_tablet":0,"ocean_menu_typo_line_height_mobile":0,"ocean_menu_typo_line_height_unit":"","ocean_menu_typo_spacing":0,"ocean_menu_typo_spacing_tablet":0,"ocean_menu_typo_spacing_mobile":0,"ocean_menu_typo_spacing_unit":"","ocean_menu_link_color":"","ocean_menu_link_color_hover":"","ocean_menu_link_color_active":"","ocean_menu_link_background":"","ocean_menu_link_hover_background":"","ocean_menu_link_active_background":"","ocean_menu_social_links_bg":"","ocean_menu_social_hover_links_bg":"","ocean_menu_social_links_color":"","ocean_menu_social_hover_links_color":"","ocean_disable_title":"default","ocean_disable_heading":"default","ocean_post_title":"","ocean_post_subheading":"","ocean_post_title_style":"","ocean_post_title_background_color":"","ocean_post_title_background":0,"ocean_post_title_bg_image_position":"","ocean_post_title_bg_image_attachment":"","ocean_post_title_bg_image_repeat":"","ocean_post_title_bg_image_size":"","ocean_post_title_height":0,"ocean_post_title_bg_overlay":0.5,"ocean_post_title_bg_overlay_color":"","ocean_disable_breadcrumbs":"default","ocean_breadcrumbs_color":"","ocean_breadcrumbs_separator_color":"","ocean_breadcrumbs_links_color":"","ocean_breadcrumbs_links_hover_color":"","ocean_display_footer_widgets":"default","ocean_display_footer_bottom":"default","ocean_custom_footer_template":"0"},"product_brand":[],"product_cat":[118,205,198,119,117,214],"product_tag":[222,287],"class_list":{"0":"post-4683","1":"product","2":"type-product","3":"status-publish","4":"has-post-thumbnail","6":"product_cat-bezglutena-produkti","7":"product_cat-blondinem","8":"product_cat-cirtainiem-matiem","9":"product_cat-kopsanas-lidzekli","10":"product_cat-matu-nogludinasanai","11":"product_cat-miracle-serija","12":"product_tag-matu-maska","13":"product_tag-miracle-matu-maska","15":"entry","16":"has-media","18":"first","19":"instock","20":"taxable","21":"shipping-taxable","22":"purchasable","23":"product-type-simple","24":"col","25":"span_1_of_4","26":"owp-content-center","27":"owp-thumbs-layout-horizontal","28":"owp-btn-normal","29":"owp-tabs-layout-section"},"_links":{"self":[{"href":"https:\/\/www.elevenaustralia.ee\/lv\/wp-json\/wp\/v2\/product\/4683","targetHints":{"allow":["GET"]}}],"collection":[{"href":"https:\/\/www.elevenaustralia.ee\/lv\/wp-json\/wp\/v2\/product"}],"about":[{"href":"https:\/\/www.elevenaustralia.ee\/lv\/wp-json\/wp\/v2\/types\/product"}],"replies":[{"embeddable":true,"href":"https:\/\/www.elevenaustralia.ee\/lv\/wp-json\/wp\/v2\/comments?post=4683"}],"wp:featuredmedia":[{"embeddable":true,"href":"https:\/\/www.elevenaustralia.ee\/lv\/wp-json\/wp\/v2\/media\/8098"}],"wp:attachment":[{"href":"https:\/\/www.elevenaustralia.ee\/lv\/wp-json\/wp\/v2\/media?parent=4683"}],"wp:term":[{"taxonomy":"product_brand","embeddable":true,"href":"https:\/\/www.elevenaustralia.ee\/lv\/wp-json\/wp\/v2\/product_brand?post=4683"},{"taxonomy":"product_cat","embeddable":true,"href":"https:\/\/www.elevenaustralia.ee\/lv\/wp-json\/wp\/v2\/product_cat?post=4683"},{"taxonomy":"product_tag","embeddable":true,"href":"https:\/\/www.elevenaustralia.ee\/lv\/wp-json\/wp\/v2\/product_tag?post=4683"}],"curies":[{"name":"wp","href":"https:\/\/api.w.org\/{rel}","templated":true}]}}