{"id":4687,"date":"2024-09-25T13:23:31","date_gmt":"2024-09-25T10:23:31","guid":{"rendered":"https:\/\/www.elevenaustralia.ee\/holiday-hydrate-trio\/"},"modified":"2024-09-25T13:23:31","modified_gmt":"2024-09-25T10:23:31","slug":"holiday-hydrate-trio","status":"publish","type":"product","link":"https:\/\/www.elevenaustralia.ee\/lv\/holiday-hydrate-trio\/","title":{"rendered":"HOLIDAY HYDRATE TRIO"},"content":{"rendered":"<p><strong>Mitrino\u0161ais \u0161amp\u016bns<\/strong><br \/>\nMitrino\u0161ais \u0161amp\u016bns norm\u0101liem un sausiem matiem, ir piem\u0113rots ar\u012b kr\u0101sotiem matiem. Tas aizsarg\u0101 no nelabv\u0113l\u012bgiem laikapst\u0101k\u013ciem &#8211; saule, sp\u0113c\u012bgs v\u0113j\u0161 un sals. \u0160ie \u0101r\u0113j\u0101s vides faktori var negat\u012bvi ietekm\u0113t j\u016bsu matus, padarot tos sausus un trauslus. Kvie\u0161u un kvie\u0161u cietes hidroliz\u0113tie prote\u012bni mitrina un baro matus gan karstum\u0101, gan aukstum\u0101. Ide\u0101ls mitrino\u0161ais \u0161amp\u016bns jebkuriem klimata apst\u0101k\u013ciem.<\/p>\n<p><strong>Mitrino\u0161ais kondicionieris<\/strong><br \/>\nSupermitrino\u0161s kondicionieris, piem\u0113rots ar\u012b kr\u0101sotiem matiem, aizsarg\u0101 no nelabv\u0113l\u012bgiem laika apst\u0101k\u013ciem. Saule, stiprs v\u0113j\u0161 un aukstais ziemas laiks var nelabv\u0113l\u012bgi ietekm\u0113t j\u016bsu matu st\u0101vokli, izraisot to sausumu un l\u016b\u0161anu. Avokado e\u013c\u013ca, kvie\u0161u un kvie\u0161u cietes hidroliz\u0113tie prote\u012bni mitrina un baro matus gan karstum\u0101, gan aukstum\u0101. Ide\u0101ls mitrino\u0161ais kondicionieris jebkuriem klimata apst\u0101k\u013ciem.<\/p>\n<p><strong>Miracle matu kop\u0161anas l\u012bdzeklis<\/strong><br \/>\n&#8211; Padara matus m\u012bkstus un mirdzo\u0161us<br \/>\n&#8211; nogludina matus<br \/>\n&#8211; mitrina tos<br \/>\n&#8211; stiprina trauslus matus<br \/>\n&#8211; nogludina matu galus<br \/>\n&#8211; at\u0161\u0137etina un padara paklaus\u012bg\u0101kus<br \/>\n&#8211; nodro\u0161ina termoaizsardz\u012bbu<br \/>\n&#8211; pie\u0161\u0137ir dabisku apjomu<br \/>\n&#8211; baro boj\u0101tus matus<br \/>\n&#8211; pateicoties UVB un UVA filtriem, aizsarg\u0101 matus no nov\u0101jin\u0101\u0161an\u0101s<br \/>\naizsarg\u0101 no hlora un saules kait\u012bg\u0101s ietekmes.<\/p>\n<p>\u0160\u012bs skaistumkop\u0161anas somas ir izgatavotas, izmantojot jaunu videi draudz\u012bgu tehnolo\u0123iju \u2014 TPU materi\u0101lu, kas nodro\u0161ina, ka t\u0101s ir 100% p\u0101rstr\u0101d\u0101jamas un biolo\u0123iski no\u0101rd\u0101s 3-5 gadu laik\u0101. \u0160\u012b mosm\u0113tikas somi\u0146a b\u016bs ide\u0101la d\u0101vana, k\u0101 ar\u012b t\u0101 b\u016bs ide\u0101li piem\u0113rota ce\u013cojot.<\/p>\n","protected":false},"excerpt":{"rendered":"<p>MOISTURIZING SERIES D\u0100VANU KOMPLEKTS satur tr\u012bs pilna izm\u0113ra matu kop\u0161anas produktus &#8211; Mitrino\u0161o \u0161amp\u016bnu 300ml, Mitrino\u0161o kondicionieri 300ml un Miracle matu kop\u0161anas l\u012bdzeklis 125ml.<\/p>\n<p>Komplekt\u0101 ietilpst:<\/p>\n<ul>\n<li>Mitrino\u0161ais \u0161amp\u016bns 300ml<\/li>\n<li>Mitrino\u0161ais kondicionieris 300ml<\/li>\n<li>Miracle matu kop\u0161anas l\u012bdzeklis 125ml<\/li>\n<\/ul>\n<p><em>*Komplekt\u0101 eso\u0161o produktu v\u0113rt\u012bba 78\u20ac<\/em><\/p>\n","protected":false},"featured_media":4259,"comment_status":"closed","ping_status":"closed","template":"","meta":{"ocean_post_layout":"","ocean_both_sidebars_style":"","ocean_both_sidebars_content_width":0,"ocean_both_sidebars_sidebars_width":0,"ocean_sidebar":"0","ocean_second_sidebar":"0","ocean_disable_margins":"enable","ocean_add_body_class":"","ocean_shortcode_before_top_bar":"","ocean_shortcode_after_top_bar":"","ocean_shortcode_before_header":"","ocean_shortcode_after_header":"","ocean_has_shortcode":"","ocean_shortcode_after_title":"","ocean_shortcode_before_footer_widgets":"","ocean_shortcode_after_footer_widgets":"","ocean_shortcode_before_footer_bottom":"","ocean_shortcode_after_footer_bottom":"","ocean_display_top_bar":"default","ocean_display_header":"default","ocean_header_style":"","ocean_center_header_left_menu":"0","ocean_custom_header_template":"0","ocean_custom_logo":0,"ocean_custom_retina_logo":0,"ocean_custom_logo_max_width":0,"ocean_custom_logo_tablet_max_width":0,"ocean_custom_logo_mobile_max_width":0,"ocean_custom_logo_max_height":0,"ocean_custom_logo_tablet_max_height":0,"ocean_custom_logo_mobile_max_height":0,"ocean_header_custom_menu":"0","ocean_menu_typo_font_family":"0","ocean_menu_typo_font_subset":"","ocean_menu_typo_font_size":0,"ocean_menu_typo_font_size_tablet":0,"ocean_menu_typo_font_size_mobile":0,"ocean_menu_typo_font_size_unit":"px","ocean_menu_typo_font_weight":"","ocean_menu_typo_font_weight_tablet":"","ocean_menu_typo_font_weight_mobile":"","ocean_menu_typo_transform":"","ocean_menu_typo_transform_tablet":"","ocean_menu_typo_transform_mobile":"","ocean_menu_typo_line_height":0,"ocean_menu_typo_line_height_tablet":0,"ocean_menu_typo_line_height_mobile":0,"ocean_menu_typo_line_height_unit":"","ocean_menu_typo_spacing":0,"ocean_menu_typo_spacing_tablet":0,"ocean_menu_typo_spacing_mobile":0,"ocean_menu_typo_spacing_unit":"","ocean_menu_link_color":"","ocean_menu_link_color_hover":"","ocean_menu_link_color_active":"","ocean_menu_link_background":"","ocean_menu_link_hover_background":"","ocean_menu_link_active_background":"","ocean_menu_social_links_bg":"","ocean_menu_social_hover_links_bg":"","ocean_menu_social_links_color":"","ocean_menu_social_hover_links_color":"","ocean_disable_title":"default","ocean_disable_heading":"default","ocean_post_title":"","ocean_post_subheading":"","ocean_post_title_style":"","ocean_post_title_background_color":"","ocean_post_title_background":0,"ocean_post_title_bg_image_position":"","ocean_post_title_bg_image_attachment":"","ocean_post_title_bg_image_repeat":"","ocean_post_title_bg_image_size":"","ocean_post_title_height":0,"ocean_post_title_bg_overlay":0.5,"ocean_post_title_bg_overlay_color":"","ocean_disable_breadcrumbs":"default","ocean_breadcrumbs_color":"","ocean_breadcrumbs_separator_color":"","ocean_breadcrumbs_links_color":"","ocean_breadcrumbs_links_hover_color":"","ocean_display_footer_widgets":"default","ocean_display_footer_bottom":"default","ocean_custom_footer_template":"0"},"product_brand":[],"product_cat":[197,125,123],"product_tag":[246,227,177,293],"class_list":{"0":"post-4687","1":"product","2":"type-product","3":"status-publish","4":"has-post-thumbnail","6":"product_cat-mitrinasanai","7":"product_cat-jaunums","8":"product_cat-davanu-komplekti","9":"product_tag-komplekts","10":"product_tag-miracle-kopsanas-krema","11":"product_tag-mitrinoss","12":"product_tag-mitrinoss-davanu-komplekts","14":"entry","15":"has-media","17":"first","18":"outofstock","19":"taxable","20":"shipping-taxable","21":"purchasable","22":"product-type-simple","23":"col","24":"span_1_of_4","25":"owp-content-center","26":"owp-thumbs-layout-horizontal","27":"owp-btn-normal","28":"owp-tabs-layout-section"},"_links":{"self":[{"href":"https:\/\/www.elevenaustralia.ee\/lv\/wp-json\/wp\/v2\/product\/4687","targetHints":{"allow":["GET"]}}],"collection":[{"href":"https:\/\/www.elevenaustralia.ee\/lv\/wp-json\/wp\/v2\/product"}],"about":[{"href":"https:\/\/www.elevenaustralia.ee\/lv\/wp-json\/wp\/v2\/types\/product"}],"replies":[{"embeddable":true,"href":"https:\/\/www.elevenaustralia.ee\/lv\/wp-json\/wp\/v2\/comments?post=4687"}],"wp:featuredmedia":[{"embeddable":true,"href":"https:\/\/www.elevenaustralia.ee\/lv\/wp-json\/wp\/v2\/media\/4259"}],"wp:attachment":[{"href":"https:\/\/www.elevenaustralia.ee\/lv\/wp-json\/wp\/v2\/media?parent=4687"}],"wp:term":[{"taxonomy":"product_brand","embeddable":true,"href":"https:\/\/www.elevenaustralia.ee\/lv\/wp-json\/wp\/v2\/product_brand?post=4687"},{"taxonomy":"product_cat","embeddable":true,"href":"https:\/\/www.elevenaustralia.ee\/lv\/wp-json\/wp\/v2\/product_cat?post=4687"},{"taxonomy":"product_tag","embeddable":true,"href":"https:\/\/www.elevenaustralia.ee\/lv\/wp-json\/wp\/v2\/product_tag?post=4687"}],"curies":[{"name":"wp","href":"https:\/\/api.w.org\/{rel}","templated":true}]}}