{"id":4688,"date":"2024-09-25T14:17:22","date_gmt":"2024-09-25T11:17:22","guid":{"rendered":"https:\/\/www.elevenaustralia.ee\/holiday-volume-trio\/"},"modified":"2024-09-25T14:17:22","modified_gmt":"2024-09-25T11:17:22","slug":"holiday-volume-trio","status":"publish","type":"product","link":"https:\/\/www.elevenaustralia.ee\/lv\/holiday-volume-trio\/","title":{"rendered":"HOLIDAY VOLUME TRIO"},"content":{"rendered":"<p><strong>\u0160amp\u016bns matu apjomam<\/strong><br \/>\nPateicoties dab\u012bgajiem prote\u012bniem \u0161amp\u016bna sast\u0101v\u0101, tas sniedz jaunu sp\u0113ku un apjomu j\u016bsu matiem. Sojas prote\u012bni kombin\u0101cij\u0101 ar kvie\u0161u prote\u012bniem iek\u013c\u016bst dzi\u013ci mata stiebr\u0101, padara to sp\u0113c\u012bg\u0101ku un sniedz kupl\u0101ku matu efektu. Lieliski piem\u0113rots gan pl\u0101niem, pieplaku\u0161iem matiem, gan tiem, kas vienk\u0101r\u0161i v\u0113las papildus apjomu.<\/p>\n<p><strong>Kondicionieris matu apjomam<\/strong><br \/>\nNeaizvietojams pal\u012bgs, lai ieg\u016btu papildus apjomu. Kondicionieris ir bag\u0101tin\u0101ts ar prote\u012bniem, tas matus padara vizu\u0101li kupl\u0101kus, k\u0101 ar\u012b aizsarg\u0101 no termiskajiem boj\u0101jumiem. Lieliski piem\u0113rots gan pl\u0101niem, pieplaku\u0161iem matiem, gan tiem, kas vienk\u0101r\u0161i v\u0113las papildus apjomu.<\/p>\n<p><strong>Putas matu apjomam<\/strong><br \/>\nIde\u0101las putas smalkiem matiem. Putas piepace\u013c matus pie sakn\u0113m, vizu\u0101li sniedzot kupl\u0101ku matu efektu. Produkts nepadara matus smagn\u0113jus un sausus.<\/p>\n<p>\u0160\u012bs skaistumkop\u0161anas somas ir izgatavotas, izmantojot jaunu videi draudz\u012bgu tehnolo\u0123iju \u2014 TPU materi\u0101lu, kas nodro\u0161ina, ka t\u0101s ir 100% p\u0101rstr\u0101d\u0101jamas un biolo\u0123iski no\u0101rd\u0101s 3-5 gadu laik\u0101. \u0160\u012b mosm\u0113tikas somi\u0146a b\u016bs ide\u0101la d\u0101vana, k\u0101 ar\u012b t\u0101 b\u016bs ide\u0101li piem\u0113rota ce\u013cojot.<\/p>\n","protected":false},"excerpt":{"rendered":"<p>VOLUMISING SERIES D\u0100VANU KOMPLEKTS satur tr\u012bs pilna izm\u0113ra matu kop\u0161anas produktus &#8211; Volume \u0161amp\u016bnu 300ml, Volume kondicionieri 300ml un Putas matu apjomam 200ml.<\/p>\n<p>Komplekt\u0101 ietilpst:<\/p>\n<ul>\n<li>\u0160amp\u016bns matu apjomam 300ml<\/li>\n<li>Kondicionieris matu apjomam 300ml<\/li>\n<li>Putas matu apjomam 200ml<\/li>\n<\/ul>\n<p><em>*Komplekt\u0101 eso\u0161o produktu v\u0113rt\u012bba 78\u20ac<\/em><\/p>\n","protected":false},"featured_media":4273,"comment_status":"closed","ping_status":"closed","template":"","meta":{"ocean_post_layout":"","ocean_both_sidebars_style":"","ocean_both_sidebars_content_width":0,"ocean_both_sidebars_sidebars_width":0,"ocean_sidebar":"0","ocean_second_sidebar":"0","ocean_disable_margins":"enable","ocean_add_body_class":"","ocean_shortcode_before_top_bar":"","ocean_shortcode_after_top_bar":"","ocean_shortcode_before_header":"","ocean_shortcode_after_header":"","ocean_has_shortcode":"","ocean_shortcode_after_title":"","ocean_shortcode_before_footer_widgets":"","ocean_shortcode_after_footer_widgets":"","ocean_shortcode_before_footer_bottom":"","ocean_shortcode_after_footer_bottom":"","ocean_display_top_bar":"default","ocean_display_header":"default","ocean_header_style":"","ocean_center_header_left_menu":"0","ocean_custom_header_template":"0","ocean_custom_logo":0,"ocean_custom_retina_logo":0,"ocean_custom_logo_max_width":0,"ocean_custom_logo_tablet_max_width":0,"ocean_custom_logo_mobile_max_width":0,"ocean_custom_logo_max_height":0,"ocean_custom_logo_tablet_max_height":0,"ocean_custom_logo_mobile_max_height":0,"ocean_header_custom_menu":"0","ocean_menu_typo_font_family":"0","ocean_menu_typo_font_subset":"","ocean_menu_typo_font_size":0,"ocean_menu_typo_font_size_tablet":0,"ocean_menu_typo_font_size_mobile":0,"ocean_menu_typo_font_size_unit":"px","ocean_menu_typo_font_weight":"","ocean_menu_typo_font_weight_tablet":"","ocean_menu_typo_font_weight_mobile":"","ocean_menu_typo_transform":"","ocean_menu_typo_transform_tablet":"","ocean_menu_typo_transform_mobile":"","ocean_menu_typo_line_height":0,"ocean_menu_typo_line_height_tablet":0,"ocean_menu_typo_line_height_mobile":0,"ocean_menu_typo_line_height_unit":"","ocean_menu_typo_spacing":0,"ocean_menu_typo_spacing_tablet":0,"ocean_menu_typo_spacing_mobile":0,"ocean_menu_typo_spacing_unit":"","ocean_menu_link_color":"","ocean_menu_link_color_hover":"","ocean_menu_link_color_active":"","ocean_menu_link_background":"","ocean_menu_link_hover_background":"","ocean_menu_link_active_background":"","ocean_menu_social_links_bg":"","ocean_menu_social_hover_links_bg":"","ocean_menu_social_links_color":"","ocean_menu_social_hover_links_color":"","ocean_disable_title":"default","ocean_disable_heading":"default","ocean_post_title":"","ocean_post_subheading":"","ocean_post_title_style":"","ocean_post_title_background_color":"","ocean_post_title_background":0,"ocean_post_title_bg_image_position":"","ocean_post_title_bg_image_attachment":"","ocean_post_title_bg_image_repeat":"","ocean_post_title_bg_image_size":"","ocean_post_title_height":0,"ocean_post_title_bg_overlay":0.5,"ocean_post_title_bg_overlay_color":"","ocean_disable_breadcrumbs":"default","ocean_breadcrumbs_color":"","ocean_breadcrumbs_separator_color":"","ocean_breadcrumbs_links_color":"","ocean_breadcrumbs_links_hover_color":"","ocean_display_footer_widgets":"default","ocean_display_footer_bottom":"default","ocean_custom_footer_template":"0"},"product_brand":[],"product_cat":[195,123,125,126],"product_tag":[192,288,246,293,294],"class_list":{"0":"post-4688","1":"product","2":"type-product","3":"status-publish","4":"has-post-thumbnail","6":"product_cat-apjomam","7":"product_cat-davanu-komplekti","8":"product_cat-jaunums","9":"product_cat-veganiskie-produkti","10":"product_tag-apjoms","11":"product_tag-davanu-komplekts","12":"product_tag-komplekts","13":"product_tag-mitrinoss-davanu-komplekts","14":"product_tag-vegan-apjoma-palielinasanas-komplekta-apjoma-produkti","16":"entry","17":"has-media","19":"first","20":"outofstock","21":"taxable","22":"shipping-taxable","23":"purchasable","24":"product-type-simple","25":"col","26":"span_1_of_4","27":"owp-content-center","28":"owp-thumbs-layout-horizontal","29":"owp-btn-normal","30":"owp-tabs-layout-section"},"_links":{"self":[{"href":"https:\/\/www.elevenaustralia.ee\/lv\/wp-json\/wp\/v2\/product\/4688","targetHints":{"allow":["GET"]}}],"collection":[{"href":"https:\/\/www.elevenaustralia.ee\/lv\/wp-json\/wp\/v2\/product"}],"about":[{"href":"https:\/\/www.elevenaustralia.ee\/lv\/wp-json\/wp\/v2\/types\/product"}],"replies":[{"embeddable":true,"href":"https:\/\/www.elevenaustralia.ee\/lv\/wp-json\/wp\/v2\/comments?post=4688"}],"wp:featuredmedia":[{"embeddable":true,"href":"https:\/\/www.elevenaustralia.ee\/lv\/wp-json\/wp\/v2\/media\/4273"}],"wp:attachment":[{"href":"https:\/\/www.elevenaustralia.ee\/lv\/wp-json\/wp\/v2\/media?parent=4688"}],"wp:term":[{"taxonomy":"product_brand","embeddable":true,"href":"https:\/\/www.elevenaustralia.ee\/lv\/wp-json\/wp\/v2\/product_brand?post=4688"},{"taxonomy":"product_cat","embeddable":true,"href":"https:\/\/www.elevenaustralia.ee\/lv\/wp-json\/wp\/v2\/product_cat?post=4688"},{"taxonomy":"product_tag","embeddable":true,"href":"https:\/\/www.elevenaustralia.ee\/lv\/wp-json\/wp\/v2\/product_tag?post=4688"}],"curies":[{"name":"wp","href":"https:\/\/api.w.org\/{rel}","templated":true}]}}