{"id":4692,"date":"2024-09-29T23:41:28","date_gmt":"2024-09-29T20:41:28","guid":{"rendered":"https:\/\/www.elevenaustralia.ee\/holiday-miracle-trio\/"},"modified":"2024-09-29T23:41:28","modified_gmt":"2024-09-29T20:41:28","slug":"holiday-miracle-trio","status":"publish","type":"product","link":"https:\/\/www.elevenaustralia.ee\/lv\/holiday-miracle-trio\/","title":{"rendered":"HOLIDAY MIRACLE TRIO"},"content":{"rendered":"<p><strong>MIRACLE HAIR TREATMENT \u0160AMP\u016aNS<\/strong><br \/>\nBag\u0101tin\u0101ts ar v\u0113rt\u012bg\u0101m sast\u0101vda\u013c\u0101m, viegls \u0161amp\u016bns ar hialuronsk\u0101bi \u012bpa\u0161ai mitrin\u0101\u0161anai, nov\u0113r\u0161 matu spuro\u0161anoss un matu galu \u0161\u0137el\u0161anos. Ide\u0101li piem\u0113rots sausiem un kr\u0101sotiem matiem. Satur aizsardz\u012bbu pret augstu temperat\u016bru l\u012bdz 220 \u00b0C gr\u0101diem, kas pasarg\u0101s matus veido\u0161anas laik\u0101.<\/p>\n<p><strong>MIRACLE HAIR TREATMENT kondicionieris<\/strong><br \/>\nBag\u0101tin\u0101ts ar v\u0113rt\u012bg\u0101m sast\u0101vda\u013c\u0101m, viegls kondicionieris ar hialuronsk\u0101bi, kas \u012bpa\u0161i mitrina, nov\u0113r\u0161 spuro\u0161anos un matu galu \u0161\u0137el\u0161anos. Ide\u0101li piem\u0113rots sausiem un kr\u0101sotiem matiem. Satur aizsardz\u012bbu pret augstu temperat\u016bru l\u012bdz 220 \u00b0C gr\u0101diem, kas pasarg\u0101s matus veido\u0161anas laik\u0101.<\/p>\n<p><strong>Mitrino\u0161s roku un \u0137erme\u0146a kr\u0113ms<\/strong><br \/>\nUnivers\u0101ls ikdienas \u0101das mitrin\u0101\u0161anas l\u012bdzeklis. Kokosriekstu e\u013c\u013ca un E vitam\u012bns c\u012bn\u0101s ar br\u012bvajiem radik\u0101\u013ciem (molekulas, kas no\u0101rda \u0101das \u0161\u016bnas). Pateicoties organiskajam gur\u0137a un aloe vera ekstraktam, losjons nodro\u0161ina t\u016bl\u012bt\u0113ju mitrin\u0101\u0161anu, kam\u0113r kumel\u012b\u0161u ekstrakts un r\u012bcine\u013c\u013ca \u012bpa\u0161i mitrina saus\u0101k\u0101s \u0101das da\u013cas.<\/p>\n<p>\u0160\u012bs skaistumkop\u0161anas somas ir izgatavotas, izmantojot jaunu videi draudz\u012bgu tehnolo\u0123iju \u2014 TPU materi\u0101lu, kas nodro\u0161ina, ka t\u0101s ir 100% p\u0101rstr\u0101d\u0101jamas un biolo\u0123iski no\u0101rd\u0101s 3-5 gadu laik\u0101. \u0160\u012b mosm\u0113tikas somi\u0146a b\u016bs ide\u0101la d\u0101vana, k\u0101 ar\u012b t\u0101 b\u016bs ide\u0101li piem\u0113rota ce\u013cojot.<\/p>\n","protected":false},"excerpt":{"rendered":"<p>MIRACLE SERIES D\u0100VANU KOMPLEKTS satur tr\u012bs pilna izm\u0113ra matu kop\u0161anas produktus &#8211; Miracle \u0161amp\u016bnu 300ml, Miracle kondicionieri 300ml un Mitrino\u0161s roku un \u0137erme\u0146a kr\u0113ms 100ml.<\/p>\n<p>Komplekt\u0101 ietilpst:<\/p>\n<ul>\n<li>Miracle \u0161amp\u016bnu 300ml<\/li>\n<li>Miracle kondicionieri 300ml<\/li>\n<li>Mitrino\u0161s roku un \u0137erme\u0146a kr\u0113ms 100ml<\/li>\n<\/ul>\n<p><em>*Komplekt\u0101 eso\u0161o produktu v\u0113rt\u012bba 74\u20ac<\/em><\/p>\n","protected":false},"featured_media":4301,"comment_status":"closed","ping_status":"closed","template":"","meta":{"ocean_post_layout":"","ocean_both_sidebars_style":"","ocean_both_sidebars_content_width":0,"ocean_both_sidebars_sidebars_width":0,"ocean_sidebar":"0","ocean_second_sidebar":"0","ocean_disable_margins":"enable","ocean_add_body_class":"","ocean_shortcode_before_top_bar":"","ocean_shortcode_after_top_bar":"","ocean_shortcode_before_header":"","ocean_shortcode_after_header":"","ocean_has_shortcode":"","ocean_shortcode_after_title":"","ocean_shortcode_before_footer_widgets":"","ocean_shortcode_after_footer_widgets":"","ocean_shortcode_before_footer_bottom":"","ocean_shortcode_after_footer_bottom":"","ocean_display_top_bar":"default","ocean_display_header":"default","ocean_header_style":"","ocean_center_header_left_menu":"0","ocean_custom_header_template":"0","ocean_custom_logo":0,"ocean_custom_retina_logo":0,"ocean_custom_logo_max_width":0,"ocean_custom_logo_tablet_max_width":0,"ocean_custom_logo_mobile_max_width":0,"ocean_custom_logo_max_height":0,"ocean_custom_logo_tablet_max_height":0,"ocean_custom_logo_mobile_max_height":0,"ocean_header_custom_menu":"0","ocean_menu_typo_font_family":"0","ocean_menu_typo_font_subset":"","ocean_menu_typo_font_size":0,"ocean_menu_typo_font_size_tablet":0,"ocean_menu_typo_font_size_mobile":0,"ocean_menu_typo_font_size_unit":"px","ocean_menu_typo_font_weight":"","ocean_menu_typo_font_weight_tablet":"","ocean_menu_typo_font_weight_mobile":"","ocean_menu_typo_transform":"","ocean_menu_typo_transform_tablet":"","ocean_menu_typo_transform_mobile":"","ocean_menu_typo_line_height":0,"ocean_menu_typo_line_height_tablet":0,"ocean_menu_typo_line_height_mobile":0,"ocean_menu_typo_line_height_unit":"","ocean_menu_typo_spacing":0,"ocean_menu_typo_spacing_tablet":0,"ocean_menu_typo_spacing_mobile":0,"ocean_menu_typo_spacing_unit":"","ocean_menu_link_color":"","ocean_menu_link_color_hover":"","ocean_menu_link_color_active":"","ocean_menu_link_background":"","ocean_menu_link_hover_background":"","ocean_menu_link_active_background":"","ocean_menu_social_links_bg":"","ocean_menu_social_hover_links_bg":"","ocean_menu_social_links_color":"","ocean_menu_social_hover_links_color":"","ocean_disable_title":"default","ocean_disable_heading":"default","ocean_post_title":"","ocean_post_subheading":"","ocean_post_title_style":"","ocean_post_title_background_color":"","ocean_post_title_background":0,"ocean_post_title_bg_image_position":"","ocean_post_title_bg_image_attachment":"","ocean_post_title_bg_image_repeat":"","ocean_post_title_bg_image_size":"","ocean_post_title_height":0,"ocean_post_title_bg_overlay":0.5,"ocean_post_title_bg_overlay_color":"","ocean_disable_breadcrumbs":"default","ocean_breadcrumbs_color":"","ocean_breadcrumbs_separator_color":"","ocean_breadcrumbs_links_color":"","ocean_breadcrumbs_links_hover_color":"","ocean_display_footer_widgets":"default","ocean_display_footer_bottom":"default","ocean_custom_footer_template":"0"},"product_brand":[],"product_cat":[123,125,117,214],"product_tag":[246,215,226,225,293],"class_list":{"0":"post-4692","1":"product","2":"type-product","3":"status-publish","4":"has-post-thumbnail","6":"product_cat-davanu-komplekti","7":"product_cat-jaunums","8":"product_cat-matu-nogludinasanai","9":"product_cat-miracle-serija","10":"product_tag-komplekts","11":"product_tag-miracle-lv","12":"product_tag-miracle-kondicioniera","13":"product_tag-miracle-sampuna","14":"product_tag-mitrinoss-davanu-komplekts","16":"entry","17":"has-media","19":"first","20":"outofstock","21":"taxable","22":"shipping-taxable","23":"purchasable","24":"product-type-simple","25":"col","26":"span_1_of_4","27":"owp-content-center","28":"owp-thumbs-layout-horizontal","29":"owp-btn-normal","30":"owp-tabs-layout-section"},"_links":{"self":[{"href":"https:\/\/www.elevenaustralia.ee\/lv\/wp-json\/wp\/v2\/product\/4692","targetHints":{"allow":["GET"]}}],"collection":[{"href":"https:\/\/www.elevenaustralia.ee\/lv\/wp-json\/wp\/v2\/product"}],"about":[{"href":"https:\/\/www.elevenaustralia.ee\/lv\/wp-json\/wp\/v2\/types\/product"}],"replies":[{"embeddable":true,"href":"https:\/\/www.elevenaustralia.ee\/lv\/wp-json\/wp\/v2\/comments?post=4692"}],"wp:featuredmedia":[{"embeddable":true,"href":"https:\/\/www.elevenaustralia.ee\/lv\/wp-json\/wp\/v2\/media\/4301"}],"wp:attachment":[{"href":"https:\/\/www.elevenaustralia.ee\/lv\/wp-json\/wp\/v2\/media?parent=4692"}],"wp:term":[{"taxonomy":"product_brand","embeddable":true,"href":"https:\/\/www.elevenaustralia.ee\/lv\/wp-json\/wp\/v2\/product_brand?post=4692"},{"taxonomy":"product_cat","embeddable":true,"href":"https:\/\/www.elevenaustralia.ee\/lv\/wp-json\/wp\/v2\/product_cat?post=4692"},{"taxonomy":"product_tag","embeddable":true,"href":"https:\/\/www.elevenaustralia.ee\/lv\/wp-json\/wp\/v2\/product_tag?post=4692"}],"curies":[{"name":"wp","href":"https:\/\/api.w.org\/{rel}","templated":true}]}}