{"id":4693,"date":"2025-01-28T16:21:49","date_gmt":"2025-01-28T14:21:49","guid":{"rendered":"https:\/\/www.elevenaustralia.ee\/miracle-duo\/"},"modified":"2025-05-17T13:56:57","modified_gmt":"2025-05-17T10:56:57","slug":"miracle-duo","status":"publish","type":"product","link":"https:\/\/www.elevenaustralia.ee\/lv\/miracle-duo\/","title":{"rendered":"MIRACLE DUO"},"content":{"rendered":"<p><strong>MIRACLE HAIR TREATMENT \u0160AMP\u016aNS<\/strong><br \/>\nBag\u0101tin\u0101ts ar v\u0113rt\u012bg\u0101m sast\u0101vda\u013c\u0101m, viegls \u0161amp\u016bns ar hialuronsk\u0101bi \u012bpa\u0161ai mitrin\u0101\u0161anai, nov\u0113r\u0161 matu spuro\u0161anoss un matu galu \u0161\u0137el\u0161anos. Ide\u0101li piem\u0113rots sausiem un kr\u0101sotiem matiem. Satur aizsardz\u012bbu pret augstu temperat\u016bru l\u012bdz 220 \u00b0C gr\u0101diem, kas pasarg\u0101s matus veido\u0161anas laik\u0101.<\/p>\n<p><strong>MIRACLE HAIR TREATMENT KONDICIONIERIS<\/strong><br \/>\nBag\u0101tin\u0101ts ar v\u0113rt\u012bg\u0101m sast\u0101vda\u013c\u0101m, viegls kondicionieris ar hialuronsk\u0101bi, kas \u012bpa\u0161i mitrina, nov\u0113r\u0161 spuro\u0161anos un matu galu \u0161\u0137el\u0161anos. Ide\u0101li piem\u0113rots sausiem un kr\u0101sotiem matiem. Satur aizsardz\u012bbu pret augstu temperat\u016bru l\u012bdz 220 \u00b0C gr\u0101diem, kas pasarg\u0101s matus veido\u0161anas laik\u0101.<\/p>\n","protected":false},"excerpt":{"rendered":"<p>MIRACLE DUO SET ietver divus matu kop\u0161anas produktus:<\/p>\n<ul>\n<li>Miracle \u0161amp\u016bnu 300ml<\/li>\n<li>Miracle kondicionieri 300ml<\/li>\n<\/ul>\n<p><em>*Komplekt\u0101 eso\u0161o produktu v\u0113rt\u012bba 52\u20ac<\/em><\/p>\n","protected":false},"featured_media":4481,"comment_status":"closed","ping_status":"closed","template":"","meta":{"ocean_post_layout":"","ocean_both_sidebars_style":"","ocean_both_sidebars_content_width":0,"ocean_both_sidebars_sidebars_width":0,"ocean_sidebar":"0","ocean_second_sidebar":"0","ocean_disable_margins":"enable","ocean_add_body_class":"","ocean_shortcode_before_top_bar":"","ocean_shortcode_after_top_bar":"","ocean_shortcode_before_header":"","ocean_shortcode_after_header":"","ocean_has_shortcode":"","ocean_shortcode_after_title":"","ocean_shortcode_before_footer_widgets":"","ocean_shortcode_after_footer_widgets":"","ocean_shortcode_before_footer_bottom":"","ocean_shortcode_after_footer_bottom":"","ocean_display_top_bar":"default","ocean_display_header":"default","ocean_header_style":"","ocean_center_header_left_menu":"0","ocean_custom_header_template":"0","ocean_custom_logo":0,"ocean_custom_retina_logo":0,"ocean_custom_logo_max_width":0,"ocean_custom_logo_tablet_max_width":0,"ocean_custom_logo_mobile_max_width":0,"ocean_custom_logo_max_height":0,"ocean_custom_logo_tablet_max_height":0,"ocean_custom_logo_mobile_max_height":0,"ocean_header_custom_menu":"0","ocean_menu_typo_font_family":"0","ocean_menu_typo_font_subset":"","ocean_menu_typo_font_size":0,"ocean_menu_typo_font_size_tablet":0,"ocean_menu_typo_font_size_mobile":0,"ocean_menu_typo_font_size_unit":"px","ocean_menu_typo_font_weight":"","ocean_menu_typo_font_weight_tablet":"","ocean_menu_typo_font_weight_mobile":"","ocean_menu_typo_transform":"","ocean_menu_typo_transform_tablet":"","ocean_menu_typo_transform_mobile":"","ocean_menu_typo_line_height":0,"ocean_menu_typo_line_height_tablet":0,"ocean_menu_typo_line_height_mobile":0,"ocean_menu_typo_line_height_unit":"","ocean_menu_typo_spacing":0,"ocean_menu_typo_spacing_tablet":0,"ocean_menu_typo_spacing_mobile":0,"ocean_menu_typo_spacing_unit":"","ocean_menu_link_color":"","ocean_menu_link_color_hover":"","ocean_menu_link_color_active":"","ocean_menu_link_background":"","ocean_menu_link_hover_background":"","ocean_menu_link_active_background":"","ocean_menu_social_links_bg":"","ocean_menu_social_hover_links_bg":"","ocean_menu_social_links_color":"","ocean_menu_social_hover_links_color":"","ocean_disable_title":"default","ocean_disable_heading":"default","ocean_post_title":"","ocean_post_subheading":"","ocean_post_title_style":"","ocean_post_title_background_color":"","ocean_post_title_background":0,"ocean_post_title_bg_image_position":"","ocean_post_title_bg_image_attachment":"","ocean_post_title_bg_image_repeat":"","ocean_post_title_bg_image_size":"","ocean_post_title_height":0,"ocean_post_title_bg_overlay":0.5,"ocean_post_title_bg_overlay_color":"","ocean_disable_breadcrumbs":"default","ocean_breadcrumbs_color":"","ocean_breadcrumbs_separator_color":"","ocean_breadcrumbs_links_color":"","ocean_breadcrumbs_links_hover_color":"","ocean_display_footer_widgets":"default","ocean_display_footer_bottom":"default","ocean_custom_footer_template":"0"},"product_brand":[],"product_cat":[118,123,125,117,214],"product_tag":[295,296,226,225],"class_list":{"0":"post-4693","1":"product","2":"type-product","3":"status-publish","4":"has-post-thumbnail","6":"product_cat-bezglutena-produkti","7":"product_cat-davanu-komplekti","8":"product_cat-jaunums","9":"product_cat-matu-nogludinasanai","10":"product_cat-miracle-serija","11":"product_tag-miracle-duo-lv","12":"product_tag-miracle-komplekts","13":"product_tag-miracle-kondicioniera","14":"product_tag-miracle-sampuna","16":"entry","17":"has-media","19":"first","20":"outofstock","21":"taxable","22":"shipping-taxable","23":"purchasable","24":"product-type-simple","25":"col","26":"span_1_of_4","27":"owp-content-center","28":"owp-thumbs-layout-horizontal","29":"owp-btn-normal","30":"owp-tabs-layout-section"},"_links":{"self":[{"href":"https:\/\/www.elevenaustralia.ee\/lv\/wp-json\/wp\/v2\/product\/4693","targetHints":{"allow":["GET"]}}],"collection":[{"href":"https:\/\/www.elevenaustralia.ee\/lv\/wp-json\/wp\/v2\/product"}],"about":[{"href":"https:\/\/www.elevenaustralia.ee\/lv\/wp-json\/wp\/v2\/types\/product"}],"replies":[{"embeddable":true,"href":"https:\/\/www.elevenaustralia.ee\/lv\/wp-json\/wp\/v2\/comments?post=4693"}],"wp:featuredmedia":[{"embeddable":true,"href":"https:\/\/www.elevenaustralia.ee\/lv\/wp-json\/wp\/v2\/media\/4481"}],"wp:attachment":[{"href":"https:\/\/www.elevenaustralia.ee\/lv\/wp-json\/wp\/v2\/media?parent=4693"}],"wp:term":[{"taxonomy":"product_brand","embeddable":true,"href":"https:\/\/www.elevenaustralia.ee\/lv\/wp-json\/wp\/v2\/product_brand?post=4693"},{"taxonomy":"product_cat","embeddable":true,"href":"https:\/\/www.elevenaustralia.ee\/lv\/wp-json\/wp\/v2\/product_cat?post=4693"},{"taxonomy":"product_tag","embeddable":true,"href":"https:\/\/www.elevenaustralia.ee\/lv\/wp-json\/wp\/v2\/product_tag?post=4693"}],"curies":[{"name":"wp","href":"https:\/\/api.w.org\/{rel}","templated":true}]}}