{"id":5044,"date":"2025-05-13T18:33:24","date_gmt":"2025-05-13T15:33:24","guid":{"rendered":"https:\/\/www.elevenaustralia.ee\/?post_type=product&#038;p=5044"},"modified":"2026-03-19T12:11:17","modified_gmt":"2026-03-19T10:11:17","slug":"kahuvastane-palsamipulk-30g","status":"publish","type":"product","link":"https:\/\/www.elevenaustralia.ee\/lv\/kahuvastane-palsamipulk-30g\/","title":{"rendered":"Kahuvastane palsamipulk (30g)"},"content":{"rendered":"<p><strong>Kahuvastane palsamipulk<\/strong> on kui ideaalne k\u00e4ekotti pistetav juuksepalsam. See niisutab juukseid, samaaegselt kaitstes neid p\u00e4eva jooksul p\u00e4ikese kuivatava m\u00f5ju eest. Olenemata sellest, kas valite elegantse stiili v\u00f5i soovite lihtsalt liikvel olles lendlevaid karvu taltsutada, sellest v\u00e4ikesest imepulgast saab teie uus parim s\u00f5ber. Selle kerge ja rasva-vaba koostis ei tekita tunnet, nagu oleksite oma juustele terve tuubi vaha kandnud. Loomulikku l\u00e4iget lisav j\u00e4\u00e4givaba palsam j\u00e4tab kauakestva puhta ja viimistletud tulemuse ka tumedatele juustele.<\/p>\n<p><strong>KUIDAS KASUTADA?<\/strong><\/p>\n<p>Palsamipulka on \u00fchtlasi \u00fclilihtne kasutada. Kerge \u00fcles-alla aplikaator v\u00f5imaldab kanda toodet otse sinna, kus seda k\u00f5ige rohkem vajad. Soovid kanda juukseid lahti, krunnis v\u00f5i poleeritud ponisabas.<\/p>\n<p><strong>TOIMEAINED:<\/strong>\u00a0<span class=\"s1\">Cocos Nucifera (Coconut) Oil,\u00a0<\/span><span class=\"s1\">Microcrystalline Wax, Rhus Succedanea Fruit Wax, Polyethylene, Helianthus Annuus (Sunflower) Seed Wax, Butyrospermum Parkii (Shea) Butter, Tocopheryl Acetate, Tocopherol, Sclerocarya Birrea (Marula) Seed Oil*, Argania Spinosa (Argan) Kernel Oil, Ricinus Communis (Castor) Seed Oil, Vitis Vinifera (Grape) Seed Oil, Olea Europaea (Olive) Husk Oil, Helianthus Annuus (Sunflower) Seed Oil, Brassica<\/span><\/p>\n<p class=\"p1\"><span class=\"s1\">Campestris (Rapeseed) Seed Oil, Glycine Soja (Soybean) Oil, BHT, Fragrance (Parfum), Eugenol, Hydroxycitronellal, Benzyl Salicylate, Geraniol, Linalool, Benzyl Benzoate, Citronellol, Hexyl Cinnamal, Limonene\u00a0<\/span><\/p>\n","protected":false},"excerpt":{"rendered":"<p>Tutvustame kiiret ja lihtsat viisi, kuidas taltsutada lendlevaid karvu ja hoida neid kontrolli all. Kahuvastane palsamipulk aitab maha siluda lendlevad beebikarvad ja hoida need paigal terve p\u00e4eva v\u00e4ltel, vajadusel v\u00e4rskendades.\u00a0Tootes sisalduv E-vitamiin niisutab, v\u00e4hendab tuhmust ja hoiab loomuliku s\u00e4ra kontrolli all. Sheav\u00f5i ja argaania\u00f5li siluvad kahu, j\u00e4ttes juuksed pehmeks. P\u00e4evalilleseemne-, riitsinuse- ja viinamarjaseemne\u00f5li sobivad ideaalselt juuste niisutamiseks, silumiseks ja s\u00e4ra lisamiseks.\u00a0Toode on \u00fchtlasi vegans\u00f5bralik ja gluteenivaba.<\/p>\n","protected":false},"featured_media":5045,"comment_status":"closed","ping_status":"closed","template":"","meta":{"ocean_post_layout":"","ocean_both_sidebars_style":"","ocean_both_sidebars_content_width":0,"ocean_both_sidebars_sidebars_width":0,"ocean_sidebar":"0","ocean_second_sidebar":"0","ocean_disable_margins":"enable","ocean_add_body_class":"","ocean_shortcode_before_top_bar":"","ocean_shortcode_after_top_bar":"","ocean_shortcode_before_header":"","ocean_shortcode_after_header":"","ocean_has_shortcode":"","ocean_shortcode_after_title":"","ocean_shortcode_before_footer_widgets":"","ocean_shortcode_after_footer_widgets":"","ocean_shortcode_before_footer_bottom":"","ocean_shortcode_after_footer_bottom":"","ocean_display_top_bar":"default","ocean_display_header":"default","ocean_header_style":"","ocean_center_header_left_menu":"0","ocean_custom_header_template":"0","ocean_custom_logo":0,"ocean_custom_retina_logo":0,"ocean_custom_logo_max_width":0,"ocean_custom_logo_tablet_max_width":0,"ocean_custom_logo_mobile_max_width":0,"ocean_custom_logo_max_height":0,"ocean_custom_logo_tablet_max_height":0,"ocean_custom_logo_mobile_max_height":0,"ocean_header_custom_menu":"0","ocean_menu_typo_font_family":"0","ocean_menu_typo_font_subset":"","ocean_menu_typo_font_size":0,"ocean_menu_typo_font_size_tablet":0,"ocean_menu_typo_font_size_mobile":0,"ocean_menu_typo_font_size_unit":"px","ocean_menu_typo_font_weight":"","ocean_menu_typo_font_weight_tablet":"","ocean_menu_typo_font_weight_mobile":"","ocean_menu_typo_transform":"","ocean_menu_typo_transform_tablet":"","ocean_menu_typo_transform_mobile":"","ocean_menu_typo_line_height":0,"ocean_menu_typo_line_height_tablet":0,"ocean_menu_typo_line_height_mobile":0,"ocean_menu_typo_line_height_unit":"","ocean_menu_typo_spacing":0,"ocean_menu_typo_spacing_tablet":0,"ocean_menu_typo_spacing_mobile":0,"ocean_menu_typo_spacing_unit":"","ocean_menu_link_color":"","ocean_menu_link_color_hover":"","ocean_menu_link_color_active":"","ocean_menu_link_background":"","ocean_menu_link_hover_background":"","ocean_menu_link_active_background":"","ocean_menu_social_links_bg":"","ocean_menu_social_hover_links_bg":"","ocean_menu_social_links_color":"","ocean_menu_social_hover_links_color":"","ocean_disable_title":"default","ocean_disable_heading":"default","ocean_post_title":"","ocean_post_subheading":"","ocean_post_title_style":"","ocean_post_title_background_color":"","ocean_post_title_background":0,"ocean_post_title_bg_image_position":"","ocean_post_title_bg_image_attachment":"","ocean_post_title_bg_image_repeat":"","ocean_post_title_bg_image_size":"","ocean_post_title_height":0,"ocean_post_title_bg_overlay":0.5,"ocean_post_title_bg_overlay_color":"","ocean_disable_breadcrumbs":"default","ocean_breadcrumbs_color":"","ocean_breadcrumbs_separator_color":"","ocean_breadcrumbs_links_color":"","ocean_breadcrumbs_links_hover_color":"","ocean_display_footer_widgets":"default","ocean_display_footer_bottom":"default","ocean_custom_footer_template":"0"},"product_brand":[],"product_cat":[28,27,15,26,20],"product_tag":[68,310],"class_list":{"0":"post-5044","1":"product","2":"type-product","3":"status-publish","4":"has-post-thumbnail","6":"product_cat-uus","7":"product_cat-gluteenivaba","8":"product_cat-elevenaustralia","9":"product_cat-vegan","10":"product_cat-viimistlus","11":"product_tag-kahuvastane","12":"product_tag-palsamipulk","14":"entry","15":"has-media","17":"first","18":"instock","19":"taxable","20":"shipping-taxable","21":"purchasable","22":"product-type-simple","23":"col","24":"span_1_of_4","25":"owp-content-center","26":"owp-thumbs-layout-horizontal","27":"owp-btn-normal","28":"owp-tabs-layout-section","29":"has-no-thumbnails"},"_links":{"self":[{"href":"https:\/\/www.elevenaustralia.ee\/lv\/wp-json\/wp\/v2\/product\/5044","targetHints":{"allow":["GET"]}}],"collection":[{"href":"https:\/\/www.elevenaustralia.ee\/lv\/wp-json\/wp\/v2\/product"}],"about":[{"href":"https:\/\/www.elevenaustralia.ee\/lv\/wp-json\/wp\/v2\/types\/product"}],"replies":[{"embeddable":true,"href":"https:\/\/www.elevenaustralia.ee\/lv\/wp-json\/wp\/v2\/comments?post=5044"}],"wp:featuredmedia":[{"embeddable":true,"href":"https:\/\/www.elevenaustralia.ee\/lv\/wp-json\/wp\/v2\/media\/5045"}],"wp:attachment":[{"href":"https:\/\/www.elevenaustralia.ee\/lv\/wp-json\/wp\/v2\/media?parent=5044"}],"wp:term":[{"taxonomy":"product_brand","embeddable":true,"href":"https:\/\/www.elevenaustralia.ee\/lv\/wp-json\/wp\/v2\/product_brand?post=5044"},{"taxonomy":"product_cat","embeddable":true,"href":"https:\/\/www.elevenaustralia.ee\/lv\/wp-json\/wp\/v2\/product_cat?post=5044"},{"taxonomy":"product_tag","embeddable":true,"href":"https:\/\/www.elevenaustralia.ee\/lv\/wp-json\/wp\/v2\/product_tag?post=5044"}],"curies":[{"name":"wp","href":"https:\/\/api.w.org\/{rel}","templated":true}]}}