{"id":5052,"date":"2025-05-19T18:46:26","date_gmt":"2025-05-19T15:46:26","guid":{"rendered":"https:\/\/www.elevenaustralia.ee\/?post_type=product&#038;p=5052"},"modified":"2025-05-19T18:47:31","modified_gmt":"2025-05-19T15:47:31","slug":"eleven-australia-pesu-woof-duo","status":"publish","type":"product","link":"https:\/\/www.elevenaustralia.ee\/lv\/eleven-australia-pesu-woof-duo\/","title":{"rendered":"PESU &#038; WOOF DUO"},"content":{"rendered":"<p><strong>KUIDAS KASUTADA K\u00c4TE &amp; KEHA DU\u0160IGEELI?<\/strong><\/p>\n<p>Masseerige du\u0161igeel niiskele nahale saavutamaks vahune tekstuur. Loputage ja kuivatage r\u00e4tikuga.<\/p>\n<p><strong>KUIDAS KASUTADA LEMMIKLOOMA\u0160AMPOONI?<\/strong><\/p>\n<p>Kanda m\u00e4rjale karvkattele, masseerida vaule ja loputada v\u00e4lja. Vajadusel korrata.<span class=\"Apple-converted-space\">\u00a0<\/span><\/p>\n<p><strong>K\u00c4TE &amp; KEHA DU\u0160IGEELI KOOSTISAINED:<\/strong><\/p>\n<p>Water (Aqua) (Eau), Ammonium Lauryl Sulfate, Cocamide MEA, Ascorbic Acid, Carica Papaya (Papaya) Fruit Extract*, Simmondsia Chinensis (Jojoba) Seed Oil, Prunus Amygdalus Dulcis (Sweet Almond) Oil, Cocos Nucifera (Coconut) Oil, Lavandula Angustifolia (Lavender) Oil, Citrus Aurantium Dulcis (Orange) Oil, Backhousia Citriodora (Lemon Myrtle) Leaf Oil, Pogostemon Cablin (Patchouli) Oil, Glycerin, Acrylates\/C10-30 Alkyl Acrylate Crosspolymer, Acrylates Copolymer, Cocamidopropyl Betaine, Triethanolamine, Phenoxyethanol, Ethylhexylglycerin, Potassium Sorbate, Sodium Benzoate, Fragrance (Parfum), Citral, Linalool, Limonene, Benzyl Alcohol<\/p>\n","protected":false},"excerpt":{"rendered":"<p>ELEVEN Australia sortimenti on lisandunud limiteeritud v\u00e4ljaandest PESU &amp; WOOF DUO \u2013 \u00fclim kombinatsioon sulle ja su karvasele parimale s\u00f5brale.<\/p>\n<p>Alustades sinust: K\u00c4TE &amp; KEHA DU\u0160IGEEL on tasakaalustatud pH-tasemega, sisaldades mitmeid nahale imelist m\u00f5ju avaldavaid koostisosi. Tootes sisalduvad papaiaekstrakt ja mandli\u00f5li aitavad koorida surnud naharakke. Apelsini-, lavendli- ja kookos\u00f5li aga niisutavad nahka s\u00fcgavuti. Jojoba- ja geraaniumi\u00f5lid aitavad kaitsta nahka keskkonnakahjustuste eest \u2013 nende \u00f5lide segu tagab m\u00f5nusa l\u00f5hnaga pesemiskogemuse.<\/p>\n<p>Neljajalgsele s\u00f5brale m\u00f5eldes leiab komplektist: UUE! KOERA JA LEMMIKLOOMA \u0160AMPOONI. See koosneb looduslikult saadud aminohappep\u00f5histest pindaktiivsetest toimeainetest, mis puhastavad s\u00fcgavuti mustuse ja l\u00f5hnad \u2013 olles samal ajal \u00f5rn lemmiklooma nahale. Argaania\u00f5li suurendab l\u00e4iget ja niisutust; Panthenool parandab naha ja karvkatte niisutust; pirniekstrakt puhastab \u00f5rnalt ilma lemmiku naturralseid \u00f5lisid eemaldamata. Parim osa? See pirnil\u00f5hn j\u00e4tab teie k\u00f5ige ustavama kaaslase nii h\u00e4sti l\u00f5hnama. Auh!<\/p>\n","protected":false},"featured_media":5053,"comment_status":"closed","ping_status":"closed","template":"","meta":{"ocean_post_layout":"","ocean_both_sidebars_style":"","ocean_both_sidebars_content_width":0,"ocean_both_sidebars_sidebars_width":0,"ocean_sidebar":"0","ocean_second_sidebar":"0","ocean_disable_margins":"enable","ocean_add_body_class":"","ocean_shortcode_before_top_bar":"","ocean_shortcode_after_top_bar":"","ocean_shortcode_before_header":"","ocean_shortcode_after_header":"","ocean_has_shortcode":"","ocean_shortcode_after_title":"","ocean_shortcode_before_footer_widgets":"","ocean_shortcode_after_footer_widgets":"","ocean_shortcode_before_footer_bottom":"","ocean_shortcode_after_footer_bottom":"","ocean_display_top_bar":"default","ocean_display_header":"default","ocean_header_style":"","ocean_center_header_left_menu":"0","ocean_custom_header_template":"0","ocean_custom_logo":0,"ocean_custom_retina_logo":0,"ocean_custom_logo_max_width":0,"ocean_custom_logo_tablet_max_width":0,"ocean_custom_logo_mobile_max_width":0,"ocean_custom_logo_max_height":0,"ocean_custom_logo_tablet_max_height":0,"ocean_custom_logo_mobile_max_height":0,"ocean_header_custom_menu":"0","ocean_menu_typo_font_family":"0","ocean_menu_typo_font_subset":"","ocean_menu_typo_font_size":0,"ocean_menu_typo_font_size_tablet":0,"ocean_menu_typo_font_size_mobile":0,"ocean_menu_typo_font_size_unit":"px","ocean_menu_typo_font_weight":"","ocean_menu_typo_font_weight_tablet":"","ocean_menu_typo_font_weight_mobile":"","ocean_menu_typo_transform":"","ocean_menu_typo_transform_tablet":"","ocean_menu_typo_transform_mobile":"","ocean_menu_typo_line_height":0,"ocean_menu_typo_line_height_tablet":0,"ocean_menu_typo_line_height_mobile":0,"ocean_menu_typo_line_height_unit":"","ocean_menu_typo_spacing":0,"ocean_menu_typo_spacing_tablet":0,"ocean_menu_typo_spacing_mobile":0,"ocean_menu_typo_spacing_unit":"","ocean_menu_link_color":"","ocean_menu_link_color_hover":"","ocean_menu_link_color_active":"","ocean_menu_link_background":"","ocean_menu_link_hover_background":"","ocean_menu_link_active_background":"","ocean_menu_social_links_bg":"","ocean_menu_social_hover_links_bg":"","ocean_menu_social_links_color":"","ocean_menu_social_hover_links_color":"","ocean_disable_title":"default","ocean_disable_heading":"default","ocean_post_title":"","ocean_post_subheading":"","ocean_post_title_style":"","ocean_post_title_background_color":"","ocean_post_title_background":0,"ocean_post_title_bg_image_position":"","ocean_post_title_bg_image_attachment":"","ocean_post_title_bg_image_repeat":"","ocean_post_title_bg_image_size":"","ocean_post_title_height":0,"ocean_post_title_bg_overlay":0.5,"ocean_post_title_bg_overlay_color":"","ocean_disable_breadcrumbs":"default","ocean_breadcrumbs_color":"","ocean_breadcrumbs_separator_color":"","ocean_breadcrumbs_links_color":"","ocean_breadcrumbs_links_hover_color":"","ocean_display_footer_widgets":"default","ocean_display_footer_bottom":"default","ocean_custom_footer_template":"0"},"product_brand":[],"product_cat":[28,27,23,29,26],"product_tag":[100,311],"class_list":{"0":"post-5052","1":"product","2":"type-product","3":"status-publish","4":"has-post-thumbnail","6":"product_cat-uus","7":"product_cat-gluteenivaba","8":"product_cat-kehatooted","9":"product_cat-komplektid","10":"product_cat-vegan","11":"product_tag-komplekt","12":"product_tag-lemmiklooma-sampoon","14":"entry","15":"has-media","17":"first","18":"instock","19":"taxable","20":"shipping-taxable","21":"purchasable","22":"product-type-simple","23":"col","24":"span_1_of_4","25":"owp-content-center","26":"owp-thumbs-layout-horizontal","27":"owp-btn-normal","28":"owp-tabs-layout-section"},"_links":{"self":[{"href":"https:\/\/www.elevenaustralia.ee\/lv\/wp-json\/wp\/v2\/product\/5052","targetHints":{"allow":["GET"]}}],"collection":[{"href":"https:\/\/www.elevenaustralia.ee\/lv\/wp-json\/wp\/v2\/product"}],"about":[{"href":"https:\/\/www.elevenaustralia.ee\/lv\/wp-json\/wp\/v2\/types\/product"}],"replies":[{"embeddable":true,"href":"https:\/\/www.elevenaustralia.ee\/lv\/wp-json\/wp\/v2\/comments?post=5052"}],"wp:featuredmedia":[{"embeddable":true,"href":"https:\/\/www.elevenaustralia.ee\/lv\/wp-json\/wp\/v2\/media\/5053"}],"wp:attachment":[{"href":"https:\/\/www.elevenaustralia.ee\/lv\/wp-json\/wp\/v2\/media?parent=5052"}],"wp:term":[{"taxonomy":"product_brand","embeddable":true,"href":"https:\/\/www.elevenaustralia.ee\/lv\/wp-json\/wp\/v2\/product_brand?post=5052"},{"taxonomy":"product_cat","embeddable":true,"href":"https:\/\/www.elevenaustralia.ee\/lv\/wp-json\/wp\/v2\/product_cat?post=5052"},{"taxonomy":"product_tag","embeddable":true,"href":"https:\/\/www.elevenaustralia.ee\/lv\/wp-json\/wp\/v2\/product_tag?post=5052"}],"curies":[{"name":"wp","href":"https:\/\/api.w.org\/{rel}","templated":true}]}}