{"id":5248,"date":"2025-09-10T16:39:38","date_gmt":"2025-09-10T13:39:38","guid":{"rendered":"https:\/\/www.elevenaustralia.ee\/?post_type=product&#038;p=5248"},"modified":"2026-03-08T14:43:59","modified_gmt":"2026-03-08T12:43:59","slug":"eleven-australia-miracle-sampoon-1000ml","status":"publish","type":"product","link":"https:\/\/www.elevenaustralia.ee\/lv\/eleven-australia-miracle-sampoon-1000ml\/","title":{"rendered":"Miracle \u0161ampooni t\u00e4itepakend (1000ml)"},"content":{"rendered":"<p><strong>KASUTAMINE:<\/strong><\/p>\n<p>Kanda niisketesse juustesse, masseerida vahule ja loputada. Korrake vastavalt vajadusele.<\/p>\n<p><strong>STILIST SOOVITAB:<\/strong><\/p>\n<p>\u0160ampooni parabeenivabale koostisele ja tulenevalt selles sisalduvale h\u00fcaluroonhappele vahutab \u0161ampoon keskmisest v\u00e4hem. Kui soovite rohkem vahtu, soovitame pesta juukseid 2 korda.<\/p>\n<p><strong>KOOSTISAINED:\u00a0<\/strong><\/p>\n<p>Water (Aqua) (Eau), Sodium Lauroyl Methyl Isethionate, Cocamidopropyl Betaine, Glycol Stearate, PEG-12 Dimethicone, PEG-150 Distearate, Carica Papaya (Papaya),\u00a0Fruit Extract, Cucumis Sativus (Cucumber) Extract, Anthemis Nobilis Flower Extract, Hyaluronic Acid, Sodium Laneth-40 Maleate\/Styrene Sulfonate Copolymer, Rosmarinus Officinalis (Rosemary) Leaf Extract, Glycerin, Polyquaternium-10, Polyquaternium-7, Trideceth-12, Trideceth-9 PG-Amodimethicone, Benzophenone-4, Disodium Cocoamphodiacetate, Phenoxyethanol, Potassium Sorbate, Sodium Benzoate, Benzoic Acid, Dehydroacetic Acid, Citric Acid, Fragrance (Parfum), Benzyl,\u00a0Salicylate, Coumarin<\/p>\n","protected":false},"excerpt":{"rendered":"<p>Rikkalikult niisutav, samas juustele kergust lisav Miracle \u0161ampoon h\u00fcaluroonhappega on n\u00fc\u00fcd j\u00f5udnud veelgi suuremasse t\u00e4itepakendisse. Pakend on m\u00f5eldud Miracle \u0161ampooni 300ml pudeli t\u00e4itmiseks, aitates v\u00e4hendadad plastiku tarbimist 85% v\u00f5rra ja v\u00e4hendada seel\u00e4bi looduslikku jalaj\u00e4lge.<\/p>\n<p>\u0160ampoon lisab juustes niisutust, eemaldab kahu ja aitab v\u00e4ltida juuste katkemist. Toodes sisalduv kurgi ekstrakt on rikas A- ja C-vitamiini poolest, aidates\u00a0rahustada peanahka. Kummeli ekstrakt\u00a0tugevdab\u00a0juukseid ja v\u00e4hendab\u00a0juuste l\u00f5henemist. Papaia viljaekstrakt liisab juustele s\u00e4ra.\u00a0Ideaalne \u0161ampoon kuivadele ja v\u00e4rvitud juustele. \u0160ampoon lisab\u00a0juustele v\u00e4rvikaitse ja\u00a0kuumakaitset kuni 220 kraadini.<\/p>\n<p>Meie Miracle sarja t\u00f5eline staar, Miracle \u0161ampoon:<\/p>\n<ul>\n<li>niisutab rikkalikult<\/li>\n<li>lisab juustele kergust<\/li>\n<li>rikastatud h\u00fcaluroonhappega<\/li>\n<li>eemaldab kahu ja aitab v\u00e4ltida juuste katkemist<\/li>\n<li>sisaldab kuumakaitset kuni 220 kraadi<\/li>\n<\/ul>\n","protected":false},"featured_media":5253,"comment_status":"closed","ping_status":"closed","template":"","meta":{"ocean_post_layout":"","ocean_both_sidebars_style":"","ocean_both_sidebars_content_width":0,"ocean_both_sidebars_sidebars_width":0,"ocean_sidebar":"0","ocean_second_sidebar":"0","ocean_disable_margins":"enable","ocean_add_body_class":"","ocean_shortcode_before_top_bar":"","ocean_shortcode_after_top_bar":"","ocean_shortcode_before_header":"","ocean_shortcode_after_header":"","ocean_has_shortcode":"","ocean_shortcode_after_title":"","ocean_shortcode_before_footer_widgets":"","ocean_shortcode_after_footer_widgets":"","ocean_shortcode_before_footer_bottom":"","ocean_shortcode_after_footer_bottom":"","ocean_display_top_bar":"default","ocean_display_header":"default","ocean_header_style":"","ocean_center_header_left_menu":"0","ocean_custom_header_template":"0","ocean_custom_logo":0,"ocean_custom_retina_logo":0,"ocean_custom_logo_max_width":0,"ocean_custom_logo_tablet_max_width":0,"ocean_custom_logo_mobile_max_width":0,"ocean_custom_logo_max_height":0,"ocean_custom_logo_tablet_max_height":0,"ocean_custom_logo_mobile_max_height":0,"ocean_header_custom_menu":"0","ocean_menu_typo_font_family":"0","ocean_menu_typo_font_subset":"","ocean_menu_typo_font_size":0,"ocean_menu_typo_font_size_tablet":0,"ocean_menu_typo_font_size_mobile":0,"ocean_menu_typo_font_size_unit":"px","ocean_menu_typo_font_weight":"","ocean_menu_typo_font_weight_tablet":"","ocean_menu_typo_font_weight_mobile":"","ocean_menu_typo_transform":"","ocean_menu_typo_transform_tablet":"","ocean_menu_typo_transform_mobile":"","ocean_menu_typo_line_height":0,"ocean_menu_typo_line_height_tablet":0,"ocean_menu_typo_line_height_mobile":0,"ocean_menu_typo_line_height_unit":"","ocean_menu_typo_spacing":0,"ocean_menu_typo_spacing_tablet":0,"ocean_menu_typo_spacing_mobile":0,"ocean_menu_typo_spacing_unit":"","ocean_menu_link_color":"","ocean_menu_link_color_hover":"","ocean_menu_link_color_active":"","ocean_menu_link_background":"","ocean_menu_link_hover_background":"","ocean_menu_link_active_background":"","ocean_menu_social_links_bg":"","ocean_menu_social_hover_links_bg":"","ocean_menu_social_links_color":"","ocean_menu_social_hover_links_color":"","ocean_disable_title":"default","ocean_disable_heading":"default","ocean_post_title":"","ocean_post_subheading":"","ocean_post_title_style":"","ocean_post_title_background_color":"","ocean_post_title_background":0,"ocean_post_title_bg_image_position":"","ocean_post_title_bg_image_attachment":"","ocean_post_title_bg_image_repeat":"","ocean_post_title_bg_image_size":"","ocean_post_title_height":0,"ocean_post_title_bg_overlay":0.5,"ocean_post_title_bg_overlay_color":"","ocean_disable_breadcrumbs":"default","ocean_breadcrumbs_color":"","ocean_breadcrumbs_separator_color":"","ocean_breadcrumbs_links_color":"","ocean_breadcrumbs_links_hover_color":"","ocean_display_footer_widgets":"default","ocean_display_footer_bottom":"default","ocean_custom_footer_template":"0"},"product_brand":[],"product_cat":[19,141,28],"product_tag":[142],"class_list":{"0":"post-5248","1":"product","2":"type-product","3":"status-publish","4":"has-post-thumbnail","6":"product_cat-shampoonid","7":"product_cat-miracle","8":"product_cat-uus","9":"product_tag-miracle-sampoon","11":"entry","12":"has-media","14":"first","15":"instock","16":"taxable","17":"shipping-taxable","18":"purchasable","19":"product-type-simple","20":"col","21":"span_1_of_4","22":"owp-content-center","23":"owp-thumbs-layout-horizontal","24":"owp-btn-normal","25":"owp-tabs-layout-section","26":"has-no-thumbnails"},"_links":{"self":[{"href":"https:\/\/www.elevenaustralia.ee\/lv\/wp-json\/wp\/v2\/product\/5248","targetHints":{"allow":["GET"]}}],"collection":[{"href":"https:\/\/www.elevenaustralia.ee\/lv\/wp-json\/wp\/v2\/product"}],"about":[{"href":"https:\/\/www.elevenaustralia.ee\/lv\/wp-json\/wp\/v2\/types\/product"}],"replies":[{"embeddable":true,"href":"https:\/\/www.elevenaustralia.ee\/lv\/wp-json\/wp\/v2\/comments?post=5248"}],"wp:featuredmedia":[{"embeddable":true,"href":"https:\/\/www.elevenaustralia.ee\/lv\/wp-json\/wp\/v2\/media\/5253"}],"wp:attachment":[{"href":"https:\/\/www.elevenaustralia.ee\/lv\/wp-json\/wp\/v2\/media?parent=5248"}],"wp:term":[{"taxonomy":"product_brand","embeddable":true,"href":"https:\/\/www.elevenaustralia.ee\/lv\/wp-json\/wp\/v2\/product_brand?post=5248"},{"taxonomy":"product_cat","embeddable":true,"href":"https:\/\/www.elevenaustralia.ee\/lv\/wp-json\/wp\/v2\/product_cat?post=5248"},{"taxonomy":"product_tag","embeddable":true,"href":"https:\/\/www.elevenaustralia.ee\/lv\/wp-json\/wp\/v2\/product_tag?post=5248"}],"curies":[{"name":"wp","href":"https:\/\/api.w.org\/{rel}","templated":true}]}}