{"id":5265,"date":"2025-10-01T17:22:13","date_gmt":"2025-10-01T14:22:13","guid":{"rendered":"https:\/\/www.elevenaustralia.ee\/?post_type=product&#038;p=5265"},"modified":"2026-03-31T23:26:50","modified_gmt":"2026-03-31T20:26:50","slug":"eleven-colour-uluru-gold-varvikoolitus-trendide-tolgendamine","status":"publish","type":"product","link":"https:\/\/www.elevenaustralia.ee\/lv\/eleven-colour-uluru-gold-varvikoolitus-trendide-tolgendamine\/","title":{"rendered":"ELEVEN.COLOUR ULURU GOLD v\u00e4rviakadeemia &#8211; Trendide t\u00f5lgendamine"},"content":{"rendered":"<p>T\u00f5elistele v\u00e4rvikunstnikele m\u00f5eldes on ELEVEN Australia v\u00e4lja t\u00f6\u00f6tanud kolmest tasemest koosneva <b>v\u00e4rviakadeemia <\/b>&#8211; BONDY Bronze, BYRON Silver &amp; ULURU Gold level.<\/p>\n<p><strong>ULURU Gold level<\/strong> l\u00e4bides saab sinust master colorist! See koolituste blokk aitab sul m\u00f5elda kastist v\u00e4lja, t\u00f5lgendada trende ja luua kreatiivseid l\u00f5pptulemusi. \u00d5petab pildistama oma loomingut fotostuudios. L\u00f5putunnistus on oma loomingu esitus. K\u00f5ikidele koolituse l\u00e4binutele v\u00e4ljastatakse TUNNISTUS.<\/p>\n<div>\n<hr \/>\n<\/div>\n<div><em><strong>Hinnas sisalduvad:<\/strong><\/em><\/div>\n<ul>\n<li>Koolitusmaterjalid<\/li>\n<li>Nukupea<\/li>\n<li>K\u00f5ik koolituse l\u00e4biviimiseks vajaminevad materjalid<\/li>\n<li>L\u00f5una &amp; joogid<\/li>\n<\/ul>\n","protected":false},"excerpt":{"rendered":"<p class=\"gmail-p1\">T\u00f5eline meisterkolorist ei oma mitte ainult \u00fcletamatut v\u00e4rviteadmiste pagasit, vaid oskab ka kliente inspireerida ja innustada. Sellel kursuses \u00f5pid ennustama ja tuvastama uusi trende ja mis k\u00f5ige olulisem \u2013 neid kohandama ja t\u00f5lgendama, et luua l\u00f5putult v\u00e4rvitehnikaid. Koolitusel omandad oskused, mis eristavad sind teistest meister-juuksuritest ja panevad kliendid sinu juurde tagasi tulema, et saada v\u00e4limus, mida nad t\u00f5eliselt armastavad.<\/p>\n<p><strong>Koolitus toimub<\/strong> ELEVEN Australia Eesti esinduses, aadressil Vana-Tartu mnt 22c, J\u00e4rvek\u00fclas (Tallinna lennujaama l\u00e4histel)<\/p>\n<div>\n<hr \/>\n<\/div>\n<div><strong>Osalemise eeldus<\/strong><strong>:<\/strong> l\u00e4bitud BONDY Bronze level 1 v\u00e4rve tutvustava koolituse<\/div>\n<div><strong>Koolituse t\u00fc\u00fcp<\/strong>: teooria &amp; praktiline t\u00f6\u00f6tu<\/div>\n<div><strong>Maksimaalne osalejate arv:<\/strong>\u00a08 osalejat<\/div>\n<div><strong>Kestus: 6h<\/strong><\/div>\n<div>\n<hr \/>\n<p>TULEVASTE KOOLITUSTE KUUP\u00c4EVAD:<\/p>\n<\/div>\n<ul>\n<li>3.11.2026 kell 11.00-17.00<\/li>\n<\/ul>\n","protected":false},"featured_media":5273,"comment_status":"closed","ping_status":"closed","template":"","meta":{"ocean_post_layout":"","ocean_both_sidebars_style":"","ocean_both_sidebars_content_width":0,"ocean_both_sidebars_sidebars_width":0,"ocean_sidebar":"0","ocean_second_sidebar":"0","ocean_disable_margins":"enable","ocean_add_body_class":"","ocean_shortcode_before_top_bar":"","ocean_shortcode_after_top_bar":"","ocean_shortcode_before_header":"","ocean_shortcode_after_header":"","ocean_has_shortcode":"","ocean_shortcode_after_title":"","ocean_shortcode_before_footer_widgets":"","ocean_shortcode_after_footer_widgets":"","ocean_shortcode_before_footer_bottom":"","ocean_shortcode_after_footer_bottom":"","ocean_display_top_bar":"default","ocean_display_header":"default","ocean_header_style":"","ocean_center_header_left_menu":"0","ocean_custom_header_template":"0","ocean_custom_logo":0,"ocean_custom_retina_logo":0,"ocean_custom_logo_max_width":0,"ocean_custom_logo_tablet_max_width":0,"ocean_custom_logo_mobile_max_width":0,"ocean_custom_logo_max_height":0,"ocean_custom_logo_tablet_max_height":0,"ocean_custom_logo_mobile_max_height":0,"ocean_header_custom_menu":"0","ocean_menu_typo_font_family":"0","ocean_menu_typo_font_subset":"","ocean_menu_typo_font_size":0,"ocean_menu_typo_font_size_tablet":0,"ocean_menu_typo_font_size_mobile":0,"ocean_menu_typo_font_size_unit":"px","ocean_menu_typo_font_weight":"","ocean_menu_typo_font_weight_tablet":"","ocean_menu_typo_font_weight_mobile":"","ocean_menu_typo_transform":"","ocean_menu_typo_transform_tablet":"","ocean_menu_typo_transform_mobile":"","ocean_menu_typo_line_height":0,"ocean_menu_typo_line_height_tablet":0,"ocean_menu_typo_line_height_mobile":0,"ocean_menu_typo_line_height_unit":"","ocean_menu_typo_spacing":0,"ocean_menu_typo_spacing_tablet":0,"ocean_menu_typo_spacing_mobile":0,"ocean_menu_typo_spacing_unit":"","ocean_menu_link_color":"","ocean_menu_link_color_hover":"","ocean_menu_link_color_active":"","ocean_menu_link_background":"","ocean_menu_link_hover_background":"","ocean_menu_link_active_background":"","ocean_menu_social_links_bg":"","ocean_menu_social_hover_links_bg":"","ocean_menu_social_links_color":"","ocean_menu_social_hover_links_color":"","ocean_disable_title":"default","ocean_disable_heading":"default","ocean_post_title":"","ocean_post_subheading":"","ocean_post_title_style":"","ocean_post_title_background_color":"","ocean_post_title_background":0,"ocean_post_title_bg_image_position":"","ocean_post_title_bg_image_attachment":"","ocean_post_title_bg_image_repeat":"","ocean_post_title_bg_image_size":"","ocean_post_title_height":0,"ocean_post_title_bg_overlay":0.5,"ocean_post_title_bg_overlay_color":"","ocean_disable_breadcrumbs":"default","ocean_breadcrumbs_color":"","ocean_breadcrumbs_separator_color":"","ocean_breadcrumbs_links_color":"","ocean_breadcrumbs_links_hover_color":"","ocean_display_footer_widgets":"default","ocean_display_footer_bottom":"default","ocean_custom_footer_template":"0"},"product_brand":[],"product_cat":[165],"product_tag":[],"class_list":{"0":"post-5265","1":"product","2":"type-product","3":"status-publish","4":"has-post-thumbnail","6":"product_cat-koolitused","8":"entry","9":"has-media","11":"first","12":"instock","13":"taxable","14":"shipping-taxable","15":"purchasable","16":"product-type-variable","17":"col","18":"span_1_of_4","19":"owp-content-center","20":"owp-thumbs-layout-horizontal","21":"owp-btn-normal","22":"owp-tabs-layout-section","23":"has-no-thumbnails"},"_links":{"self":[{"href":"https:\/\/www.elevenaustralia.ee\/lv\/wp-json\/wp\/v2\/product\/5265","targetHints":{"allow":["GET"]}}],"collection":[{"href":"https:\/\/www.elevenaustralia.ee\/lv\/wp-json\/wp\/v2\/product"}],"about":[{"href":"https:\/\/www.elevenaustralia.ee\/lv\/wp-json\/wp\/v2\/types\/product"}],"replies":[{"embeddable":true,"href":"https:\/\/www.elevenaustralia.ee\/lv\/wp-json\/wp\/v2\/comments?post=5265"}],"wp:featuredmedia":[{"embeddable":true,"href":"https:\/\/www.elevenaustralia.ee\/lv\/wp-json\/wp\/v2\/media\/5273"}],"wp:attachment":[{"href":"https:\/\/www.elevenaustralia.ee\/lv\/wp-json\/wp\/v2\/media?parent=5265"}],"wp:term":[{"taxonomy":"product_brand","embeddable":true,"href":"https:\/\/www.elevenaustralia.ee\/lv\/wp-json\/wp\/v2\/product_brand?post=5265"},{"taxonomy":"product_cat","embeddable":true,"href":"https:\/\/www.elevenaustralia.ee\/lv\/wp-json\/wp\/v2\/product_cat?post=5265"},{"taxonomy":"product_tag","embeddable":true,"href":"https:\/\/www.elevenaustralia.ee\/lv\/wp-json\/wp\/v2\/product_tag?post=5265"}],"curies":[{"name":"wp","href":"https:\/\/api.w.org\/{rel}","templated":true}]}}