{"id":5296,"date":"2025-10-12T17:35:07","date_gmt":"2025-10-12T14:35:07","guid":{"rendered":"https:\/\/www.elevenaustralia.ee\/?post_type=product&#038;p=5296"},"modified":"2026-01-26T06:50:02","modified_gmt":"2026-01-26T04:50:02","slug":"eleven-colour-pop-kahuvastane-trio","status":"publish","type":"product","link":"https:\/\/www.elevenaustralia.ee\/lv\/eleven-colour-pop-kahuvastane-trio\/","title":{"rendered":"COLOUR POP Kahuvastane TRIO"},"content":{"rendered":"<p><strong>MIDA LEIAD KOMPLEKTIST?\u00a0<\/strong><\/p>\n<p>Saavuta oma juuste \u00fcle kontroll kasutades KAHUVASTAST JA SILUVAT \u0160AMPOONI ja PALSAMIT. H\u00fcdrol\u00fc\u00fcsitud nisu proteiin ja h\u00fcdrol\u00fc\u00fcsitud nisu t\u00e4rklis s\u00fcgavniisutavad juust, j\u00e4ttes selle siledaks ja kergesti kontrollitavaks. KAHUVASTANE PALSAMIPULK hoiab aga juuste lendlevad karvad peadligi ning kahuvabad. Toote rasvavaba koostis sheav\u00f5i ja argaania\u00f5liga on ideaalne kaasaskandmiseks.<\/p>\n<p><strong>TERVITAGE ELEVEN Australia COLOUR POP KOMPLEKTE<\/strong><\/p>\n<p>Meie pidulikud komplektid toovad va\u0308rvi ja hoolitsust teie igapa\u0308evasesse juuksehooldusrutiini! Iga piiratud va\u0308ljaandes karp on ta\u0308is lemmiktooteid triodena, mis teevad neist ideaalse valiku ko\u0303igile, kes armastavad toidetud ja terveid juukseid. Aga siin on parim osa: need ilusad karbid on sama praktilised kui pidulikud. Kasutage neid oma meigi vo\u0303i ehete hoiustamiseks kaua pa\u0308rast pu\u0308hi.<\/p>\n<p>Boonus? Iga karp on ta\u0308ielikult korduvkasutatav ja u\u0308mberto\u0308o\u0308deldav ning iga karbi sisu on valmistatud u\u0308mberto\u0308o\u0308deldud paberimassist ja on biolagunev \u2013 nii et kingid kallimale vo\u0303i endale (ja planeedile) midagi head.<\/p>\n<p>Lo\u0303bus, ja\u0308tkusuutlik ja oh-nii-kingitav COLOUR POP! on siin, et teie pu\u0308had nii seest kui va\u0308ljast helgemaks muuta!<\/p>\n","protected":false},"excerpt":{"rendered":"<p>KAHUVASTASE TRIO KINKEKOMPLEKT on loodud spetsiaalselt paksude ja kahuste juuste taltsutamiseks, pakkudes maksimaalset kontrolli, siledust ja viimistletud tulemust.<\/p>\n<p>Komplekt sisaldab endas kolme t\u00e4issuuruses juuksehooldustoodet:<\/p>\n<ul>\n<li>Kahuvastane \u0161ampoon 300ml<\/li>\n<li>Kahuvastane palsam 300ml<\/li>\n<li>Kahuvastane palsamipulk 30g<\/li>\n<\/ul>\n<p><em>Toodete v\u00e4\u00e4rtus komplektis 86\u20ac<\/em><\/p>\n","protected":false},"featured_media":5294,"comment_status":"closed","ping_status":"closed","template":"","meta":{"ocean_post_layout":"","ocean_both_sidebars_style":"","ocean_both_sidebars_content_width":0,"ocean_both_sidebars_sidebars_width":0,"ocean_sidebar":"0","ocean_second_sidebar":"0","ocean_disable_margins":"enable","ocean_add_body_class":"","ocean_shortcode_before_top_bar":"","ocean_shortcode_after_top_bar":"","ocean_shortcode_before_header":"","ocean_shortcode_after_header":"","ocean_has_shortcode":"","ocean_shortcode_after_title":"","ocean_shortcode_before_footer_widgets":"","ocean_shortcode_after_footer_widgets":"","ocean_shortcode_before_footer_bottom":"","ocean_shortcode_after_footer_bottom":"","ocean_display_top_bar":"default","ocean_display_header":"default","ocean_header_style":"","ocean_center_header_left_menu":"0","ocean_custom_header_template":"0","ocean_custom_logo":0,"ocean_custom_retina_logo":0,"ocean_custom_logo_max_width":0,"ocean_custom_logo_tablet_max_width":0,"ocean_custom_logo_mobile_max_width":0,"ocean_custom_logo_max_height":0,"ocean_custom_logo_tablet_max_height":0,"ocean_custom_logo_mobile_max_height":0,"ocean_header_custom_menu":"0","ocean_menu_typo_font_family":"0","ocean_menu_typo_font_subset":"","ocean_menu_typo_font_size":0,"ocean_menu_typo_font_size_tablet":0,"ocean_menu_typo_font_size_mobile":0,"ocean_menu_typo_font_size_unit":"px","ocean_menu_typo_font_weight":"","ocean_menu_typo_font_weight_tablet":"","ocean_menu_typo_font_weight_mobile":"","ocean_menu_typo_transform":"","ocean_menu_typo_transform_tablet":"","ocean_menu_typo_transform_mobile":"","ocean_menu_typo_line_height":0,"ocean_menu_typo_line_height_tablet":0,"ocean_menu_typo_line_height_mobile":0,"ocean_menu_typo_line_height_unit":"","ocean_menu_typo_spacing":0,"ocean_menu_typo_spacing_tablet":0,"ocean_menu_typo_spacing_mobile":0,"ocean_menu_typo_spacing_unit":"","ocean_menu_link_color":"","ocean_menu_link_color_hover":"","ocean_menu_link_color_active":"","ocean_menu_link_background":"","ocean_menu_link_hover_background":"","ocean_menu_link_active_background":"","ocean_menu_social_links_bg":"","ocean_menu_social_hover_links_bg":"","ocean_menu_social_links_color":"","ocean_menu_social_hover_links_color":"","ocean_disable_title":"default","ocean_disable_heading":"default","ocean_post_title":"","ocean_post_subheading":"","ocean_post_title_style":"","ocean_post_title_background_color":"","ocean_post_title_background":0,"ocean_post_title_bg_image_position":"","ocean_post_title_bg_image_attachment":"","ocean_post_title_bg_image_repeat":"","ocean_post_title_bg_image_size":"","ocean_post_title_height":0,"ocean_post_title_bg_overlay":0.5,"ocean_post_title_bg_overlay_color":"","ocean_disable_breadcrumbs":"default","ocean_breadcrumbs_color":"","ocean_breadcrumbs_separator_color":"","ocean_breadcrumbs_links_color":"","ocean_breadcrumbs_links_hover_color":"","ocean_display_footer_widgets":"default","ocean_display_footer_bottom":"default","ocean_custom_footer_template":"0"},"product_brand":[],"product_cat":[15,29,28],"product_tag":[68,101],"class_list":{"0":"post-5296","1":"product","2":"type-product","3":"status-publish","4":"has-post-thumbnail","6":"product_cat-elevenaustralia","7":"product_cat-komplektid","8":"product_cat-uus","9":"product_tag-kahuvastane","10":"product_tag-kinkekomplekt","12":"entry","13":"has-media","15":"first","16":"outofstock","17":"taxable","18":"shipping-taxable","19":"purchasable","20":"product-type-simple","21":"col","22":"span_1_of_4","23":"owp-content-center","24":"owp-thumbs-layout-horizontal","25":"owp-btn-normal","26":"owp-tabs-layout-section"},"_links":{"self":[{"href":"https:\/\/www.elevenaustralia.ee\/lv\/wp-json\/wp\/v2\/product\/5296","targetHints":{"allow":["GET"]}}],"collection":[{"href":"https:\/\/www.elevenaustralia.ee\/lv\/wp-json\/wp\/v2\/product"}],"about":[{"href":"https:\/\/www.elevenaustralia.ee\/lv\/wp-json\/wp\/v2\/types\/product"}],"replies":[{"embeddable":true,"href":"https:\/\/www.elevenaustralia.ee\/lv\/wp-json\/wp\/v2\/comments?post=5296"}],"wp:featuredmedia":[{"embeddable":true,"href":"https:\/\/www.elevenaustralia.ee\/lv\/wp-json\/wp\/v2\/media\/5294"}],"wp:attachment":[{"href":"https:\/\/www.elevenaustralia.ee\/lv\/wp-json\/wp\/v2\/media?parent=5296"}],"wp:term":[{"taxonomy":"product_brand","embeddable":true,"href":"https:\/\/www.elevenaustralia.ee\/lv\/wp-json\/wp\/v2\/product_brand?post=5296"},{"taxonomy":"product_cat","embeddable":true,"href":"https:\/\/www.elevenaustralia.ee\/lv\/wp-json\/wp\/v2\/product_cat?post=5296"},{"taxonomy":"product_tag","embeddable":true,"href":"https:\/\/www.elevenaustralia.ee\/lv\/wp-json\/wp\/v2\/product_tag?post=5296"}],"curies":[{"name":"wp","href":"https:\/\/api.w.org\/{rel}","templated":true}]}}