{"id":5333,"date":"2025-10-12T18:44:40","date_gmt":"2025-10-12T15:44:40","guid":{"rendered":"https:\/\/www.elevenaustralia.ee\/?post_type=product&#038;p=5333"},"modified":"2025-12-20T19:06:52","modified_gmt":"2025-12-20T17:06:52","slug":"eleven-colour-pop-miracle-trio","status":"publish","type":"product","link":"https:\/\/www.elevenaustralia.ee\/lv\/eleven-colour-pop-miracle-trio\/","title":{"rendered":"COLOUR POP Miracle TRIO"},"content":{"rendered":"<p><strong>MIDA LEIAD KOMPLEKTIST?\u00a0<\/strong><\/p>\n<p>MIRACLE \u0160AMPOON &amp; PALSAM on rikkalikult niisutavad, samas juustele kergust lisavad \u0161ampoon ja palsam h\u00fcaluroonhappega. Need lisavad juustele niisutust, eemaldavad kahu ja aitavad v\u00e4ltida juuste katkemist. Toodetes sisalduv kurgi ekstrakt on rikas A- ja C-vitamiini poolest, aidates rahustada peanahka. Kummeli ekstrakt tugevdab juukseid ja v\u00e4hendab juuste l\u00f5henemist. Papaia viljaekstrakt liisab juustele s\u00e4ra. Ideaalne \u0161ampoon &amp; palsam kuivadele ja v\u00e4rvitud juustele. \u00dchtlasi lisavad need juustele v\u00e4rvikaitse ja kuumakaitset kuni 220 kraadini. PUSADEVASTANE JUUSTESSE J\u00c4ETAV SPREIPALSAM on kerge koostisega pusade eemaldaja. T\u00e4nu selles sisalduvale pirni ekstraktile niisutab ja taltsutab see ka k\u00f5ige karmimat juust.<\/p>\n<p><strong>TERVITAGE ELEVEN Australia COLOUR POP KOMPLEKTE<\/strong><\/p>\n<p>Meie pidulikud komplektid toovad va\u0308rvi ja hoolitsust teie igapa\u0308evasesse juuksehooldusrutiini! Iga piiratud va\u0308ljaandes karp on ta\u0308is lemmiktooteid triodena, mis teevad neist ideaalse valiku ko\u0303igile, kes armastavad toidetud ja terveid juukseid. Aga siin on parim osa: need ilusad karbid on sama praktilised kui pidulikud. Kasutage neid oma meigi vo\u0303i ehete hoiustamiseks kaua pa\u0308rast pu\u0308hi.<\/p>\n<p>Boonus? Iga karp on ta\u0308ielikult korduvkasutatav ja u\u0308mberto\u0308o\u0308deldav ning iga karbi sisu on valmistatud u\u0308mberto\u0308o\u0308deldud paberimassist ja on biolagunev \u2013 nii et kingid kallimale vo\u0303i endale (ja planeedile) midagi head.<\/p>\n<p>Lo\u0303bus, ja\u0308tkusuutlik ja oh-nii-kingitav COLOUR POP! on siin, et teie pu\u0308had nii seest kui va\u0308ljast helgemaks muuta!<\/p>\n","protected":false},"excerpt":{"rendered":"<p>MIRACLE TRIO KINKEKOMPLEKT on ideaalne valik, kui juuksed vajavad intensiivset niisutust ja sileduse taastamist \u2013 seda k\u00f5ike ilma juukseid raskeks muutmata.<\/p>\n<p>Komplekt sisaldab endas kolme t\u00e4issuuruses juuksehooldustoodet:<\/p>\n<ul>\n<li>Miracle \u0161ampoon 300ml<\/li>\n<li>Miracle palsam 300ml<\/li>\n<li>Pusadevastane spreipalsam 200ml<\/li>\n<\/ul>\n<p><em>Toodete v\u00e4\u00e4rtus komplektis 86\u20ac<\/em><\/p>\n","protected":false},"featured_media":5334,"comment_status":"closed","ping_status":"closed","template":"","meta":{"ocean_post_layout":"","ocean_both_sidebars_style":"","ocean_both_sidebars_content_width":0,"ocean_both_sidebars_sidebars_width":0,"ocean_sidebar":"0","ocean_second_sidebar":"0","ocean_disable_margins":"enable","ocean_add_body_class":"","ocean_shortcode_before_top_bar":"","ocean_shortcode_after_top_bar":"","ocean_shortcode_before_header":"","ocean_shortcode_after_header":"","ocean_has_shortcode":"","ocean_shortcode_after_title":"","ocean_shortcode_before_footer_widgets":"","ocean_shortcode_after_footer_widgets":"","ocean_shortcode_before_footer_bottom":"","ocean_shortcode_after_footer_bottom":"","ocean_display_top_bar":"default","ocean_display_header":"default","ocean_header_style":"","ocean_center_header_left_menu":"0","ocean_custom_header_template":"0","ocean_custom_logo":0,"ocean_custom_retina_logo":0,"ocean_custom_logo_max_width":0,"ocean_custom_logo_tablet_max_width":0,"ocean_custom_logo_mobile_max_width":0,"ocean_custom_logo_max_height":0,"ocean_custom_logo_tablet_max_height":0,"ocean_custom_logo_mobile_max_height":0,"ocean_header_custom_menu":"0","ocean_menu_typo_font_family":"0","ocean_menu_typo_font_subset":"","ocean_menu_typo_font_size":0,"ocean_menu_typo_font_size_tablet":0,"ocean_menu_typo_font_size_mobile":0,"ocean_menu_typo_font_size_unit":"px","ocean_menu_typo_font_weight":"","ocean_menu_typo_font_weight_tablet":"","ocean_menu_typo_font_weight_mobile":"","ocean_menu_typo_transform":"","ocean_menu_typo_transform_tablet":"","ocean_menu_typo_transform_mobile":"","ocean_menu_typo_line_height":0,"ocean_menu_typo_line_height_tablet":0,"ocean_menu_typo_line_height_mobile":0,"ocean_menu_typo_line_height_unit":"","ocean_menu_typo_spacing":0,"ocean_menu_typo_spacing_tablet":0,"ocean_menu_typo_spacing_mobile":0,"ocean_menu_typo_spacing_unit":"","ocean_menu_link_color":"","ocean_menu_link_color_hover":"","ocean_menu_link_color_active":"","ocean_menu_link_background":"","ocean_menu_link_hover_background":"","ocean_menu_link_active_background":"","ocean_menu_social_links_bg":"","ocean_menu_social_hover_links_bg":"","ocean_menu_social_links_color":"","ocean_menu_social_hover_links_color":"","ocean_disable_title":"default","ocean_disable_heading":"default","ocean_post_title":"","ocean_post_subheading":"","ocean_post_title_style":"","ocean_post_title_background_color":"","ocean_post_title_background":0,"ocean_post_title_bg_image_position":"","ocean_post_title_bg_image_attachment":"","ocean_post_title_bg_image_repeat":"","ocean_post_title_bg_image_size":"","ocean_post_title_height":0,"ocean_post_title_bg_overlay":0.5,"ocean_post_title_bg_overlay_color":"","ocean_disable_breadcrumbs":"default","ocean_breadcrumbs_color":"","ocean_breadcrumbs_separator_color":"","ocean_breadcrumbs_links_color":"","ocean_breadcrumbs_links_hover_color":"","ocean_display_footer_widgets":"default","ocean_display_footer_bottom":"default","ocean_custom_footer_template":"0"},"product_brand":[],"product_cat":[28,29,141],"product_tag":[101,31],"class_list":{"0":"post-5333","1":"product","2":"type-product","3":"status-publish","4":"has-post-thumbnail","6":"product_cat-uus","7":"product_cat-komplektid","8":"product_cat-miracle","9":"product_tag-kinkekomplekt","10":"product_tag-miracle","12":"entry","13":"has-media","15":"first","16":"outofstock","17":"taxable","18":"shipping-taxable","19":"purchasable","20":"product-type-simple","21":"col","22":"span_1_of_4","23":"owp-content-center","24":"owp-thumbs-layout-horizontal","25":"owp-btn-normal","26":"owp-tabs-layout-section"},"_links":{"self":[{"href":"https:\/\/www.elevenaustralia.ee\/lv\/wp-json\/wp\/v2\/product\/5333","targetHints":{"allow":["GET"]}}],"collection":[{"href":"https:\/\/www.elevenaustralia.ee\/lv\/wp-json\/wp\/v2\/product"}],"about":[{"href":"https:\/\/www.elevenaustralia.ee\/lv\/wp-json\/wp\/v2\/types\/product"}],"replies":[{"embeddable":true,"href":"https:\/\/www.elevenaustralia.ee\/lv\/wp-json\/wp\/v2\/comments?post=5333"}],"wp:featuredmedia":[{"embeddable":true,"href":"https:\/\/www.elevenaustralia.ee\/lv\/wp-json\/wp\/v2\/media\/5334"}],"wp:attachment":[{"href":"https:\/\/www.elevenaustralia.ee\/lv\/wp-json\/wp\/v2\/media?parent=5333"}],"wp:term":[{"taxonomy":"product_brand","embeddable":true,"href":"https:\/\/www.elevenaustralia.ee\/lv\/wp-json\/wp\/v2\/product_brand?post=5333"},{"taxonomy":"product_cat","embeddable":true,"href":"https:\/\/www.elevenaustralia.ee\/lv\/wp-json\/wp\/v2\/product_cat?post=5333"},{"taxonomy":"product_tag","embeddable":true,"href":"https:\/\/www.elevenaustralia.ee\/lv\/wp-json\/wp\/v2\/product_tag?post=5333"}],"curies":[{"name":"wp","href":"https:\/\/api.w.org\/{rel}","templated":true}]}}