{"id":5390,"date":"2025-11-12T10:18:13","date_gmt":"2025-11-12T08:18:13","guid":{"rendered":"https:\/\/www.elevenaustralia.ee\/?post_type=product&#038;p=5390"},"modified":"2026-03-09T23:02:16","modified_gmt":"2026-03-09T21:02:16","slug":"kuiv-kuumakaitsesprei-200ml","status":"publish","type":"product","link":"https:\/\/www.elevenaustralia.ee\/lv\/kuiv-kuumakaitsesprei-200ml\/","title":{"rendered":"KUIV KUUMAKAITSESPREI (200ml)"},"content":{"rendered":"<div id=\"tab-description\" class=\"woocommerce-Tabs-panel woocommerce-Tabs-panel--description panel entry-content wc-tab\" role=\"tabpanel\" aria-labelledby=\"tab-title-description\">\n<p><strong>KUIDAS KASUTADA?\u00a0<\/strong><\/p>\n<p>Loksutage ja pihustage \u00fchtlaselt juuksele enne kuumt\u00f6\u00f6tlemist.<\/p>\n<p><strong>KOOSTISAINED:<\/strong><\/p>\n<p>Dimethyl Ether, Water (Aqua) (Eau), Panthenol, Aloe Barbadensis Leaf Extract, Sclerocarya Birrea Seed Oil, Helianthus Annuus (Sunflower) Seed Oil, Pantolactone, Sodium Laneth-40 Maleate\/Styrene Sulfonate Copolymer, PEG-40 Hydrogenated Castor Oil, Propylene Glycol, Phenoxyethanol, Ethylhexylglycerin, Potassium Sorbate, Fragrance (Parfum), Linalool, Linalyl Acetate, Hexyl Cinnamal, Vanillin, Benzyl Benzoate, Benzaldehyde.<\/p>\n<\/div>\n<div id=\"tab-additional_information\" class=\"woocommerce-Tabs-panel woocommerce-Tabs-panel--additional_information panel entry-content wc-tab\" role=\"tabpanel\" aria-labelledby=\"tab-title-additional_information\"><\/div>\n","protected":false},"excerpt":{"rendered":"<p>KUIV KUUMAKAITSESPREI\u00a0sobib kasutamiseks nii kuivadele kui ka m\u00e4rgadele juustele kaitse lisamiseks kuumt\u00f6\u00f6tlemise eel. Kasutades toodet m\u00e4rgadel juustel p\u00e4rast pesu, v\u00e4hendab see juuste kuivatamisele kuluvat aega. \u00dchtlasi niisutab see juukseid, aidates samal ajal taltsutada kahu ja lisades neile l\u00e4iget.<\/p>\n","protected":false},"featured_media":5391,"comment_status":"closed","ping_status":"closed","template":"","meta":{"ocean_post_layout":"","ocean_both_sidebars_style":"","ocean_both_sidebars_content_width":0,"ocean_both_sidebars_sidebars_width":0,"ocean_sidebar":"0","ocean_second_sidebar":"0","ocean_disable_margins":"enable","ocean_add_body_class":"","ocean_shortcode_before_top_bar":"","ocean_shortcode_after_top_bar":"","ocean_shortcode_before_header":"","ocean_shortcode_after_header":"","ocean_has_shortcode":"","ocean_shortcode_after_title":"","ocean_shortcode_before_footer_widgets":"","ocean_shortcode_after_footer_widgets":"","ocean_shortcode_before_footer_bottom":"","ocean_shortcode_after_footer_bottom":"","ocean_display_top_bar":"default","ocean_display_header":"default","ocean_header_style":"","ocean_center_header_left_menu":"0","ocean_custom_header_template":"0","ocean_custom_logo":0,"ocean_custom_retina_logo":0,"ocean_custom_logo_max_width":0,"ocean_custom_logo_tablet_max_width":0,"ocean_custom_logo_mobile_max_width":0,"ocean_custom_logo_max_height":0,"ocean_custom_logo_tablet_max_height":0,"ocean_custom_logo_mobile_max_height":0,"ocean_header_custom_menu":"0","ocean_menu_typo_font_family":"0","ocean_menu_typo_font_subset":"","ocean_menu_typo_font_size":0,"ocean_menu_typo_font_size_tablet":0,"ocean_menu_typo_font_size_mobile":0,"ocean_menu_typo_font_size_unit":"px","ocean_menu_typo_font_weight":"","ocean_menu_typo_font_weight_tablet":"","ocean_menu_typo_font_weight_mobile":"","ocean_menu_typo_transform":"","ocean_menu_typo_transform_tablet":"","ocean_menu_typo_transform_mobile":"","ocean_menu_typo_line_height":0,"ocean_menu_typo_line_height_tablet":0,"ocean_menu_typo_line_height_mobile":0,"ocean_menu_typo_line_height_unit":"","ocean_menu_typo_spacing":0,"ocean_menu_typo_spacing_tablet":0,"ocean_menu_typo_spacing_mobile":0,"ocean_menu_typo_spacing_unit":"","ocean_menu_link_color":"","ocean_menu_link_color_hover":"","ocean_menu_link_color_active":"","ocean_menu_link_background":"","ocean_menu_link_hover_background":"","ocean_menu_link_active_background":"","ocean_menu_social_links_bg":"","ocean_menu_social_hover_links_bg":"","ocean_menu_social_links_color":"","ocean_menu_social_hover_links_color":"","ocean_disable_title":"default","ocean_disable_heading":"default","ocean_post_title":"","ocean_post_subheading":"","ocean_post_title_style":"","ocean_post_title_background_color":"","ocean_post_title_background":0,"ocean_post_title_bg_image_position":"","ocean_post_title_bg_image_attachment":"","ocean_post_title_bg_image_repeat":"","ocean_post_title_bg_image_size":"","ocean_post_title_height":0,"ocean_post_title_bg_overlay":0.5,"ocean_post_title_bg_overlay_color":"","ocean_disable_breadcrumbs":"default","ocean_breadcrumbs_color":"","ocean_breadcrumbs_separator_color":"","ocean_breadcrumbs_links_color":"","ocean_breadcrumbs_links_hover_color":"","ocean_display_footer_widgets":"default","ocean_display_footer_bottom":"default","ocean_custom_footer_template":"0"},"product_brand":[],"product_cat":[28,27,20],"product_tag":[156],"class_list":{"0":"post-5390","1":"product","2":"type-product","3":"status-publish","4":"has-post-thumbnail","6":"product_cat-uus","7":"product_cat-gluteenivaba","8":"product_cat-viimistlus","9":"product_tag-kuumakaitse","11":"entry","12":"has-media","14":"first","15":"instock","16":"taxable","17":"shipping-taxable","18":"purchasable","19":"product-type-simple","20":"col","21":"span_1_of_4","22":"owp-content-center","23":"owp-thumbs-layout-horizontal","24":"owp-btn-normal","25":"owp-tabs-layout-section","26":"has-no-thumbnails"},"_links":{"self":[{"href":"https:\/\/www.elevenaustralia.ee\/lv\/wp-json\/wp\/v2\/product\/5390","targetHints":{"allow":["GET"]}}],"collection":[{"href":"https:\/\/www.elevenaustralia.ee\/lv\/wp-json\/wp\/v2\/product"}],"about":[{"href":"https:\/\/www.elevenaustralia.ee\/lv\/wp-json\/wp\/v2\/types\/product"}],"replies":[{"embeddable":true,"href":"https:\/\/www.elevenaustralia.ee\/lv\/wp-json\/wp\/v2\/comments?post=5390"}],"wp:featuredmedia":[{"embeddable":true,"href":"https:\/\/www.elevenaustralia.ee\/lv\/wp-json\/wp\/v2\/media\/5391"}],"wp:attachment":[{"href":"https:\/\/www.elevenaustralia.ee\/lv\/wp-json\/wp\/v2\/media?parent=5390"}],"wp:term":[{"taxonomy":"product_brand","embeddable":true,"href":"https:\/\/www.elevenaustralia.ee\/lv\/wp-json\/wp\/v2\/product_brand?post=5390"},{"taxonomy":"product_cat","embeddable":true,"href":"https:\/\/www.elevenaustralia.ee\/lv\/wp-json\/wp\/v2\/product_cat?post=5390"},{"taxonomy":"product_tag","embeddable":true,"href":"https:\/\/www.elevenaustralia.ee\/lv\/wp-json\/wp\/v2\/product_tag?post=5390"}],"curies":[{"name":"wp","href":"https:\/\/api.w.org\/{rel}","templated":true}]}}