{"id":7800,"date":"2026-03-01T17:28:33","date_gmt":"2026-03-01T15:28:33","guid":{"rendered":"https:\/\/www.elevenaustralia.ee\/?post_type=product&#038;p=7800"},"modified":"2026-04-10T11:26:25","modified_gmt":"2026-04-10T08:26:25","slug":"miracle-oli-eliksiir-100ml","status":"publish","type":"product","link":"https:\/\/www.elevenaustralia.ee\/lv\/miracle-oli-eliksiir-100ml\/","title":{"rendered":"MIRACLE \u00d5LI-ELIKSIIR (100ML)"},"content":{"rendered":"<p>MIRACLE \u00d5LI-ELIKSIIRI saab kasutada nii tihti kui juuksed vajavad, olenevalt juuste tekstuurist ja hooldusrutiinist. Kanda toodet 2\u20134 pumbat\u00e4it (v\u00e4hem v\u00f5i rohkem, olenevalt juuste pikkusest ja\u00a0paksusest) m\u00e4rgadele v\u00f5i kuivadele juustele v\u00f5i kasutage seda \u00fcle\u00f6\u00f6 hooldusena, et lisada l\u00e4iget, tugevust ja pehmust.<\/p>\n<p><u>MIRACLE \u00d5LI-EIKSIIRI KOLM KASUTUSVIISI<\/u>:<br \/>\n1. Kandes <em>NIISKETELE JUUSTELE<\/em><br \/>\nP\u00e4rast Miracle juuksehoolduse\u00a0pealekandmist niisketele juustele kandke MIRACLE \u00d5LI-ELIKSIIRI\u00a0juuste keskpaigast otsteni enne f\u00f6\u00f6nitamist v\u00f5i stiliseerimist, et saavutada siidiselt sile ja kahuvaba\u00a0tulemus ning\u00a0t\u00e4iendav kuumakaitse.<br \/>\n2. Kandes\u00a0<em>KUIVADELE JUUSTELE<\/em><br \/>\nKanna\u00a0MIRACLE \u00d5LI-ELIKSIIRI kuivadele juustele keskpaigast otsteni, et s\u00e4ilitada pehmus ja l\u00e4ige ning v\u00e4hendada kahu.<br \/>\n3. Kasutades <em>OVERNIGHT \u00d6ISE HOOLDUSENA<\/em><br \/>\n\u00d6iseks niisutuseks ja juuste taastamiseks kanna toodet\u00a0enne magamaminekut juurtest otsteni ja lase\u00a0sellel terve \u00f6\u00f6\u00a0v\u00e4ltel m\u00f5juda. Masseerige peanahka, et toetada peanaha tervist ja turgutada juuste kasvu. Loputa j\u00e4rgmisel p\u00e4eval v\u00e4lja ja mine uuele p\u00e4evale vastu pehmete, siledate ja l\u00e4ikivate juustega.<\/p>\n<p>Gluteenivaba ja vegan koostisega \u00f5li-eliksiir on rikastatud ELEVEN Australia signatuurse MIRACLE aroomiga, mille TIPUNOOTIDEKS on kookos, laim ja banaanileht; S\u00dcDAMENOOTIDEKS\u00a0troopiliste puuviljade, valge roosi ja alpikann; ning BAASNOOTIDEKS vanilje, tonka uba ja muskus.<\/p>\n<p>&nbsp;<\/p>\n","protected":false},"excerpt":{"rendered":"<p>Luksuslik \u00f5li-eliksiir peptiidide, marula\u00f5li ja argaania\u00f5liga, mis aitab v\u00e4hendada kahu, ennetada juukseotste l\u00f5henemist ning lisada pehmust ja l\u00e4iget, sealjuures juukseid raskeks muutmata. Kasutage m\u00e4rgadel v\u00f5i kuivadel juustel iga p\u00e4ev enne v\u00f5i p\u00e4rast soengu tegemist v\u00f5i \u00fcle\u00f6\u00f6 hooldusena. Sobib ideaalselt k\u00f5ikidele juukset\u00fc\u00fcpidele, toites juukseid ja lisades neile v\u00e4rvi- ja maksimaalse kuumakaitse.<\/p>\n","protected":false},"featured_media":7803,"comment_status":"closed","ping_status":"closed","template":"","meta":{"ocean_post_layout":"","ocean_both_sidebars_style":"","ocean_both_sidebars_content_width":0,"ocean_both_sidebars_sidebars_width":0,"ocean_sidebar":"0","ocean_second_sidebar":"0","ocean_disable_margins":"enable","ocean_add_body_class":"","ocean_shortcode_before_top_bar":"","ocean_shortcode_after_top_bar":"","ocean_shortcode_before_header":"","ocean_shortcode_after_header":"","ocean_has_shortcode":"","ocean_shortcode_after_title":"","ocean_shortcode_before_footer_widgets":"","ocean_shortcode_after_footer_widgets":"","ocean_shortcode_before_footer_bottom":"","ocean_shortcode_after_footer_bottom":"","ocean_display_top_bar":"default","ocean_display_header":"default","ocean_header_style":"","ocean_center_header_left_menu":"0","ocean_custom_header_template":"0","ocean_custom_logo":0,"ocean_custom_retina_logo":0,"ocean_custom_logo_max_width":0,"ocean_custom_logo_tablet_max_width":0,"ocean_custom_logo_mobile_max_width":0,"ocean_custom_logo_max_height":0,"ocean_custom_logo_tablet_max_height":0,"ocean_custom_logo_mobile_max_height":0,"ocean_header_custom_menu":"0","ocean_menu_typo_font_family":"0","ocean_menu_typo_font_subset":"","ocean_menu_typo_font_size":0,"ocean_menu_typo_font_size_tablet":0,"ocean_menu_typo_font_size_mobile":0,"ocean_menu_typo_font_size_unit":"px","ocean_menu_typo_font_weight":"","ocean_menu_typo_font_weight_tablet":"","ocean_menu_typo_font_weight_mobile":"","ocean_menu_typo_transform":"","ocean_menu_typo_transform_tablet":"","ocean_menu_typo_transform_mobile":"","ocean_menu_typo_line_height":0,"ocean_menu_typo_line_height_tablet":0,"ocean_menu_typo_line_height_mobile":0,"ocean_menu_typo_line_height_unit":"","ocean_menu_typo_spacing":0,"ocean_menu_typo_spacing_tablet":0,"ocean_menu_typo_spacing_mobile":0,"ocean_menu_typo_spacing_unit":"","ocean_menu_link_color":"","ocean_menu_link_color_hover":"","ocean_menu_link_color_active":"","ocean_menu_link_background":"","ocean_menu_link_hover_background":"","ocean_menu_link_active_background":"","ocean_menu_social_links_bg":"","ocean_menu_social_hover_links_bg":"","ocean_menu_social_links_color":"","ocean_menu_social_hover_links_color":"","ocean_disable_title":"default","ocean_disable_heading":"default","ocean_post_title":"","ocean_post_subheading":"","ocean_post_title_style":"","ocean_post_title_background_color":"","ocean_post_title_background":0,"ocean_post_title_bg_image_position":"","ocean_post_title_bg_image_attachment":"","ocean_post_title_bg_image_repeat":"","ocean_post_title_bg_image_size":"","ocean_post_title_height":0,"ocean_post_title_bg_overlay":0.5,"ocean_post_title_bg_overlay_color":"","ocean_disable_breadcrumbs":"default","ocean_breadcrumbs_color":"","ocean_breadcrumbs_separator_color":"","ocean_breadcrumbs_links_color":"","ocean_breadcrumbs_links_hover_color":"","ocean_display_footer_widgets":"default","ocean_display_footer_bottom":"default","ocean_custom_footer_template":"0"},"product_brand":[],"product_cat":[149,27,22,15,148,141,147,28,26],"product_tag":[317],"class_list":{"0":"post-7800","1":"product","2":"type-product","3":"status-publish","4":"has-post-thumbnail","6":"product_cat-blondidele","7":"product_cat-gluteenivaba","8":"product_cat-hooldus","9":"product_cat-elevenaustralia","10":"product_cat-lokkidele","11":"product_cat-miracle","12":"product_cat-niisutav","13":"product_cat-uus","14":"product_cat-vegan","15":"product_tag-miracle-oli","17":"entry","18":"has-media","20":"first","21":"instock","22":"taxable","23":"shipping-taxable","24":"purchasable","25":"product-type-simple","26":"col","27":"span_1_of_4","28":"owp-content-center","29":"owp-thumbs-layout-horizontal","30":"owp-btn-normal","31":"owp-tabs-layout-section"},"_links":{"self":[{"href":"https:\/\/www.elevenaustralia.ee\/lv\/wp-json\/wp\/v2\/product\/7800","targetHints":{"allow":["GET"]}}],"collection":[{"href":"https:\/\/www.elevenaustralia.ee\/lv\/wp-json\/wp\/v2\/product"}],"about":[{"href":"https:\/\/www.elevenaustralia.ee\/lv\/wp-json\/wp\/v2\/types\/product"}],"replies":[{"embeddable":true,"href":"https:\/\/www.elevenaustralia.ee\/lv\/wp-json\/wp\/v2\/comments?post=7800"}],"wp:featuredmedia":[{"embeddable":true,"href":"https:\/\/www.elevenaustralia.ee\/lv\/wp-json\/wp\/v2\/media\/7803"}],"wp:attachment":[{"href":"https:\/\/www.elevenaustralia.ee\/lv\/wp-json\/wp\/v2\/media?parent=7800"}],"wp:term":[{"taxonomy":"product_brand","embeddable":true,"href":"https:\/\/www.elevenaustralia.ee\/lv\/wp-json\/wp\/v2\/product_brand?post=7800"},{"taxonomy":"product_cat","embeddable":true,"href":"https:\/\/www.elevenaustralia.ee\/lv\/wp-json\/wp\/v2\/product_cat?post=7800"},{"taxonomy":"product_tag","embeddable":true,"href":"https:\/\/www.elevenaustralia.ee\/lv\/wp-json\/wp\/v2\/product_tag?post=7800"}],"curies":[{"name":"wp","href":"https:\/\/api.w.org\/{rel}","templated":true}]}}