{"id":7882,"date":"2026-03-04T11:36:54","date_gmt":"2026-03-04T09:36:54","guid":{"rendered":"https:\/\/www.elevenaustralia.ee\/?post_type=product&#038;p=7882"},"modified":"2026-03-31T23:20:04","modified_gmt":"2026-03-31T20:20:04","slug":"eleven-colour-uluru-gold-varviakadeemia-sotsiaalmeedia-meistriklass","status":"publish","type":"product","link":"https:\/\/www.elevenaustralia.ee\/lv\/eleven-colour-uluru-gold-varviakadeemia-sotsiaalmeedia-meistriklass\/","title":{"rendered":"ELEVEN.COLOUR ULURU GOLD v\u00e4rviakadeemia &#8211; sotsiaalmeedia meistriklass"},"content":{"rendered":"<p>T\u00f5elistele v\u00e4rvikunstnikele m\u00f5eldes on ELEVEN Australia v\u00e4lja t\u00f6\u00f6tanud kolmest tasemest koosneva <b>v\u00e4rviakadeemia <\/b>&#8211; BONDY Bronze, BYRON Silver &amp; ULURU Gold level.<\/p>\n<p><strong>ULURU Gold level<\/strong> l\u00e4bides saab sinust master colorist! See koolituste blokk aitab sul m\u00f5elda kastist v\u00e4lja, t\u00f5lgendada trende ja luua kreatiivseid l\u00f5pptulemusi. \u00d5petab pildistama oma loomingut fotostuudios. L\u00f5putunnistus on oma loomingu esitus. K\u00f5ikidele koolituse l\u00e4binutele v\u00e4ljastatakse TUNNISTUS.<\/p>\n<div>\n<hr \/>\n<\/div>\n<div><em><strong>Hinnas sisalduvad:<\/strong><\/em><\/div>\n<ul>\n<li>Koolitusmaterjalid<\/li>\n<li>K\u00f5ik koolituse l\u00e4biviimiseks vajaminevad materjalid<\/li>\n<li>L\u00f5una &amp; joogid<\/li>\n<\/ul>\n","protected":false},"excerpt":{"rendered":"<p><b>Sotsiaalmeedia on t\u00f5eliselt muutnud meie t\u00f6\u00f6d koloristidena.<\/b><\/p>\n<p>Meilt kui stilistidelt oodatakse t\u00e4nap\u00e4eval \u00fcha rohkem kui lihtsalt ilus v\u00e4rvit\u00f6\u00f6 ning tihti on seda k\u00f5ike navigeerida v\u00e4ga kurnav. Sellel kursusel \u00f5pid kasutama sotsiaalmeediat, et kasvatada oma juuksebr\u00e4ndi. \u00d5pid looma personaalseid sotsiaalmeedia strateegijaid ja kuidas need koheselt enda kasuks t\u00f6\u00f6le panna, luues isikup\u00e4rast sisu. T\u00e4htsust ei oma, kas oled juba sotsiaalmeedias p\u00e4dev igap\u00e4evane kasutaja. Sellest klassist v\u00f5tad kindlasti kaasa palju uut informatsiooni ja v\u00e4rskeid sisuloome ideid.<\/p>\n<p><strong>Koolitus toimub<\/strong> ELEVEN Australia Eesti esinduses, aadressil Vana-Tartu mnt 22c, J\u00e4rvek\u00fclas (Tallinna lennujaama l\u00e4histel)<\/p>\n<div>\n<hr \/>\n<\/div>\n<div><strong>Osalemise eeldus<\/strong><strong>:<\/strong> l\u00e4bitud BONDY Bronze level 1 v\u00e4rve tutvustava koolituse<\/div>\n<div><strong>Koolituse t\u00fc\u00fcp<\/strong>: teooria &amp; praktiline t\u00f6\u00f6tuba modellidel<\/div>\n<div><strong>Maksimaalne osalejate arv:<\/strong>\u00a08 osalejat<\/div>\n<div><strong>Kestus: kuni 6h<\/strong><\/div>\n<div>\n<hr \/>\n<p>TULEVASTE KOOLITUSTE KUUP\u00c4EVAD:<\/p>\n<ul>\n<li>16.06.2026 kell 11.00-17.00<\/li>\n<li>10.11.2026 kell 11.00-17.00<\/li>\n<\/ul>\n<\/div>\n","protected":false},"featured_media":7884,"comment_status":"closed","ping_status":"closed","template":"","meta":{"ocean_post_layout":"","ocean_both_sidebars_style":"","ocean_both_sidebars_content_width":0,"ocean_both_sidebars_sidebars_width":0,"ocean_sidebar":"0","ocean_second_sidebar":"0","ocean_disable_margins":"enable","ocean_add_body_class":"","ocean_shortcode_before_top_bar":"","ocean_shortcode_after_top_bar":"","ocean_shortcode_before_header":"","ocean_shortcode_after_header":"","ocean_has_shortcode":"","ocean_shortcode_after_title":"","ocean_shortcode_before_footer_widgets":"","ocean_shortcode_after_footer_widgets":"","ocean_shortcode_before_footer_bottom":"","ocean_shortcode_after_footer_bottom":"","ocean_display_top_bar":"default","ocean_display_header":"default","ocean_header_style":"","ocean_center_header_left_menu":"0","ocean_custom_header_template":"0","ocean_custom_logo":0,"ocean_custom_retina_logo":0,"ocean_custom_logo_max_width":0,"ocean_custom_logo_tablet_max_width":0,"ocean_custom_logo_mobile_max_width":0,"ocean_custom_logo_max_height":0,"ocean_custom_logo_tablet_max_height":0,"ocean_custom_logo_mobile_max_height":0,"ocean_header_custom_menu":"0","ocean_menu_typo_font_family":"0","ocean_menu_typo_font_subset":"","ocean_menu_typo_font_size":0,"ocean_menu_typo_font_size_tablet":0,"ocean_menu_typo_font_size_mobile":0,"ocean_menu_typo_font_size_unit":"px","ocean_menu_typo_font_weight":"","ocean_menu_typo_font_weight_tablet":"","ocean_menu_typo_font_weight_mobile":"","ocean_menu_typo_transform":"","ocean_menu_typo_transform_tablet":"","ocean_menu_typo_transform_mobile":"","ocean_menu_typo_line_height":0,"ocean_menu_typo_line_height_tablet":0,"ocean_menu_typo_line_height_mobile":0,"ocean_menu_typo_line_height_unit":"","ocean_menu_typo_spacing":0,"ocean_menu_typo_spacing_tablet":0,"ocean_menu_typo_spacing_mobile":0,"ocean_menu_typo_spacing_unit":"","ocean_menu_link_color":"","ocean_menu_link_color_hover":"","ocean_menu_link_color_active":"","ocean_menu_link_background":"","ocean_menu_link_hover_background":"","ocean_menu_link_active_background":"","ocean_menu_social_links_bg":"","ocean_menu_social_hover_links_bg":"","ocean_menu_social_links_color":"","ocean_menu_social_hover_links_color":"","ocean_disable_title":"default","ocean_disable_heading":"default","ocean_post_title":"","ocean_post_subheading":"","ocean_post_title_style":"","ocean_post_title_background_color":"","ocean_post_title_background":0,"ocean_post_title_bg_image_position":"","ocean_post_title_bg_image_attachment":"","ocean_post_title_bg_image_repeat":"","ocean_post_title_bg_image_size":"","ocean_post_title_height":0,"ocean_post_title_bg_overlay":0.5,"ocean_post_title_bg_overlay_color":"","ocean_disable_breadcrumbs":"default","ocean_breadcrumbs_color":"","ocean_breadcrumbs_separator_color":"","ocean_breadcrumbs_links_color":"","ocean_breadcrumbs_links_hover_color":"","ocean_display_footer_widgets":"default","ocean_display_footer_bottom":"default","ocean_custom_footer_template":"0"},"product_brand":[],"product_cat":[165],"product_tag":[321],"class_list":{"0":"post-7882","1":"product","2":"type-product","3":"status-publish","4":"has-post-thumbnail","6":"product_cat-koolitused","7":"product_tag-sotsiaalmeedia-meistriklass","8":"product_shipping_class-without-shipping","10":"entry","11":"has-media","13":"first","14":"instock","15":"taxable","16":"shipping-taxable","17":"purchasable","18":"product-type-variable","19":"col","20":"span_1_of_4","21":"owp-content-center","22":"owp-thumbs-layout-horizontal","23":"owp-btn-normal","24":"owp-tabs-layout-section","25":"has-no-thumbnails"},"_links":{"self":[{"href":"https:\/\/www.elevenaustralia.ee\/lv\/wp-json\/wp\/v2\/product\/7882","targetHints":{"allow":["GET"]}}],"collection":[{"href":"https:\/\/www.elevenaustralia.ee\/lv\/wp-json\/wp\/v2\/product"}],"about":[{"href":"https:\/\/www.elevenaustralia.ee\/lv\/wp-json\/wp\/v2\/types\/product"}],"replies":[{"embeddable":true,"href":"https:\/\/www.elevenaustralia.ee\/lv\/wp-json\/wp\/v2\/comments?post=7882"}],"wp:featuredmedia":[{"embeddable":true,"href":"https:\/\/www.elevenaustralia.ee\/lv\/wp-json\/wp\/v2\/media\/7884"}],"wp:attachment":[{"href":"https:\/\/www.elevenaustralia.ee\/lv\/wp-json\/wp\/v2\/media?parent=7882"}],"wp:term":[{"taxonomy":"product_brand","embeddable":true,"href":"https:\/\/www.elevenaustralia.ee\/lv\/wp-json\/wp\/v2\/product_brand?post=7882"},{"taxonomy":"product_cat","embeddable":true,"href":"https:\/\/www.elevenaustralia.ee\/lv\/wp-json\/wp\/v2\/product_cat?post=7882"},{"taxonomy":"product_tag","embeddable":true,"href":"https:\/\/www.elevenaustralia.ee\/lv\/wp-json\/wp\/v2\/product_tag?post=7882"}],"curies":[{"name":"wp","href":"https:\/\/api.w.org\/{rel}","templated":true}]}}